{"id":1353,"date":"2025-04-09T05:16:49","date_gmt":"2025-04-09T05:16:49","guid":{"rendered":"https:\/\/www.1healthymind.com\/product\/worry-free-workbook\/"},"modified":"2025-05-23T06:04:12","modified_gmt":"2025-05-23T06:04:12","slug":"worry-free-workbook","status":"publish","type":"product","link":"https:\/\/www.1healthymind.com\/sq\/produkt\/worry-free-workbook\/","title":{"rendered":"Libri i Pun\u00ebs pa Shqet\u00ebsime"},"content":{"rendered":"<p>Libri i Pun\u00ebs pa Shqet\u00ebsime<\/p>","protected":false},"excerpt":{"rendered":"<p>Lib\u00ebr pune pa shqet\u00ebsime. Blerja b\u00ebhet me d\u00ebrges\u00eb falas.<\/p>","protected":false},"featured_media":1354,"comment_status":"open","ping_status":"closed","template":"","meta":[],"product_brand":[],"product_cat":[19],"product_tag":[],"class_list":{"0":"post-1353","1":"product","2":"type-product","3":"status-publish","4":"has-post-thumbnail","6":"product_cat-uncategorised","8":"first","9":"instock","10":"shipping-taxable","11":"purchasable","12":"product-type-simple"},"yoast_head":"<!-- This site is optimized with the Yoast SEO plugin v27.5 - https:\/\/yoast.com\/product\/yoast-seo-wordpress\/ -->\n<title>Worry Free Workbook - 1Healthy Mind<\/title>\n<meta name=\"robots\" content=\"index, follow, max-snippet:-1, max-image-preview:large, max-video-preview:-1\" \/>\n<link rel=\"canonical\" href=\"https:\/\/www.1healthymind.com\/sq\/produkt\/worry-free-workbook\/\" \/>\n<meta property=\"og:locale\" content=\"sq_AL\" \/>\n<meta property=\"og:type\" content=\"article\" \/>\n<meta property=\"og:title\" content=\"Worry Free Workbook - 1Healthy Mind\" \/>\n<meta property=\"og:description\" content=\"Worry Free Workbook. Purchase is with free delivery.\" \/>\n<meta property=\"og:url\" content=\"https:\/\/www.1healthymind.com\/sq\/produkt\/worry-free-workbook\/\" \/>\n<meta property=\"og:site_name\" content=\"1Healthy Mind\" \/>\n<meta property=\"article:modified_time\" content=\"2025-05-23T06:04:12+00:00\" \/>\n<meta property=\"og:image\" content=\"https:\/\/www.1healthymind.com\/wp-content\/uploads\/2025\/04\/656kqm4-front-shortedge-384.jpg\" \/>\n\t<meta property=\"og:image:width\" content=\"384\" \/>\n\t<meta property=\"og:image:height\" content=\"576\" \/>\n\t<meta property=\"og:image:type\" content=\"image\/jpeg\" \/>\n<meta name=\"twitter:card\" content=\"summary_large_image\" \/>\n<meta name=\"twitter:label1\" content=\"Est. reading time\" \/>\n\t<meta name=\"twitter:data1\" content=\"1 minut\u00eb\" \/>\n<script type=\"application\/ld+json\" class=\"yoast-schema-graph\">{\"@context\":\"https:\\\/\\\/schema.org\",\"@graph\":[{\"@type\":\"WebPage\",\"@id\":\"https:\\\/\\\/www.1healthymind.com\\\/product\\\/worry-free-workbook\\\/\",\"url\":\"https:\\\/\\\/www.1healthymind.com\\\/product\\\/worry-free-workbook\\\/\",\"name\":\"Worry Free Workbook - 1Healthy Mind\",\"isPartOf\":{\"@id\":\"https:\\\/\\\/www.1healthymind.com\\\/#website\"},\"primaryImageOfPage\":{\"@id\":\"https:\\\/\\\/www.1healthymind.com\\\/product\\\/worry-free-workbook\\\/#primaryimage\"},\"image\":{\"@id\":\"https:\\\/\\\/www.1healthymind.com\\\/product\\\/worry-free-workbook\\\/#primaryimage\"},\"thumbnailUrl\":\"https:\\\/\\\/www.1healthymind.com\\\/wp-content\\\/uploads\\\/2025\\\/04\\\/656kqm4-front-shortedge-384.jpg\",\"datePublished\":\"2025-04-09T05:16:49+00:00\",\"dateModified\":\"2025-05-23T06:04:12+00:00\",\"breadcrumb\":{\"@id\":\"https:\\\/\\\/www.1healthymind.com\\\/product\\\/worry-free-workbook\\\/#breadcrumb\"},\"inLanguage\":\"sq\",\"potentialAction\":[{\"@type\":\"ReadAction\",\"target\":[\"https:\\\/\\\/www.1healthymind.com\\\/product\\\/worry-free-workbook\\\/\"]}]},{\"@type\":\"ImageObject\",\"inLanguage\":\"sq\",\"@id\":\"https:\\\/\\\/www.1healthymind.com\\\/product\\\/worry-free-workbook\\\/#primaryimage\",\"url\":\"https:\\\/\\\/www.1healthymind.com\\\/wp-content\\\/uploads\\\/2025\\\/04\\\/656kqm4-front-shortedge-384.jpg\",\"contentUrl\":\"https:\\\/\\\/www.1healthymind.com\\\/wp-content\\\/uploads\\\/2025\\\/04\\\/656kqm4-front-shortedge-384.jpg\",\"width\":384,\"height\":576},{\"@type\":\"BreadcrumbList\",\"@id\":\"https:\\\/\\\/www.1healthymind.com\\\/product\\\/worry-free-workbook\\\/#breadcrumb\",\"itemListElement\":[{\"@type\":\"ListItem\",\"position\":1,\"name\":\"Home\",\"item\":\"https:\\\/\\\/www.1healthymind.com\\\/\"},{\"@type\":\"ListItem\",\"position\":2,\"name\":\"Shop\",\"item\":\"https:\\\/\\\/www.1healthymind.com\\\/shop\\\/\"},{\"@type\":\"ListItem\",\"position\":3,\"name\":\"Worry Free Workbook\"}]},{\"@type\":\"WebSite\",\"@id\":\"https:\\\/\\\/www.1healthymind.com\\\/#website\",\"url\":\"https:\\\/\\\/www.1healthymind.com\\\/\",\"name\":\"1Healthy Mind\",\"description\":\"1Healthy Mind\",\"potentialAction\":[{\"@type\":\"SearchAction\",\"target\":{\"@type\":\"EntryPoint\",\"urlTemplate\":\"https:\\\/\\\/www.1healthymind.com\\\/?s={search_term_string}\"},\"query-input\":{\"@type\":\"PropertyValueSpecification\",\"valueRequired\":true,\"valueName\":\"search_term_string\"}}],\"inLanguage\":\"sq\"}]}<\/script>\n<!-- \/ Yoast SEO plugin. -->","yoast_head_json":{"title":"Worry Free Workbook - 1Healthy Mind","robots":{"index":"index","follow":"follow","max-snippet":"max-snippet:-1","max-image-preview":"max-image-preview:large","max-video-preview":"max-video-preview:-1"},"canonical":"https:\/\/www.1healthymind.com\/sq\/produkt\/worry-free-workbook\/","og_locale":"sq_AL","og_type":"article","og_title":"Worry Free Workbook - 1Healthy Mind","og_description":"Worry Free Workbook. Purchase is with free delivery.","og_url":"https:\/\/www.1healthymind.com\/sq\/produkt\/worry-free-workbook\/","og_site_name":"1Healthy Mind","article_modified_time":"2025-05-23T06:04:12+00:00","og_image":[{"width":384,"height":576,"url":"https:\/\/www.1healthymind.com\/wp-content\/uploads\/2025\/04\/656kqm4-front-shortedge-384.jpg","type":"image\/jpeg"}],"twitter_card":"summary_large_image","twitter_misc":{"Est. reading time":"1 minut\u00eb"},"schema":{"@context":"https:\/\/schema.org","@graph":[{"@type":"WebPage","@id":"https:\/\/www.1healthymind.com\/product\/worry-free-workbook\/","url":"https:\/\/www.1healthymind.com\/product\/worry-free-workbook\/","name":"Worry Free Workbook - 1Healthy Mind","isPartOf":{"@id":"https:\/\/www.1healthymind.com\/#website"},"primaryImageOfPage":{"@id":"https:\/\/www.1healthymind.com\/product\/worry-free-workbook\/#primaryimage"},"image":{"@id":"https:\/\/www.1healthymind.com\/product\/worry-free-workbook\/#primaryimage"},"thumbnailUrl":"https:\/\/www.1healthymind.com\/wp-content\/uploads\/2025\/04\/656kqm4-front-shortedge-384.jpg","datePublished":"2025-04-09T05:16:49+00:00","dateModified":"2025-05-23T06:04:12+00:00","breadcrumb":{"@id":"https:\/\/www.1healthymind.com\/product\/worry-free-workbook\/#breadcrumb"},"inLanguage":"sq","potentialAction":[{"@type":"ReadAction","target":["https:\/\/www.1healthymind.com\/product\/worry-free-workbook\/"]}]},{"@type":"ImageObject","inLanguage":"sq","@id":"https:\/\/www.1healthymind.com\/product\/worry-free-workbook\/#primaryimage","url":"https:\/\/www.1healthymind.com\/wp-content\/uploads\/2025\/04\/656kqm4-front-shortedge-384.jpg","contentUrl":"https:\/\/www.1healthymind.com\/wp-content\/uploads\/2025\/04\/656kqm4-front-shortedge-384.jpg","width":384,"height":576},{"@type":"BreadcrumbList","@id":"https:\/\/www.1healthymind.com\/product\/worry-free-workbook\/#breadcrumb","itemListElement":[{"@type":"ListItem","position":1,"name":"Home","item":"https:\/\/www.1healthymind.com\/"},{"@type":"ListItem","position":2,"name":"Shop","item":"https:\/\/www.1healthymind.com\/shop\/"},{"@type":"ListItem","position":3,"name":"Worry Free Workbook"}]},{"@type":"WebSite","@id":"https:\/\/www.1healthymind.com\/#website","url":"https:\/\/www.1healthymind.com\/","name":"1 Mendje e Sh\u00ebndetshme","description":"1 Mendje e Sh\u00ebndetshme","potentialAction":[{"@type":"SearchAction","target":{"@type":"EntryPoint","urlTemplate":"https:\/\/www.1healthymind.com\/?s={search_term_string}"},"query-input":{"@type":"PropertyValueSpecification","valueRequired":true,"valueName":"search_term_string"}}],"inLanguage":"sq"}]}},"_links":{"self":[{"href":"https:\/\/www.1healthymind.com\/sq\/wp-json\/wp\/v2\/product\/1353","targetHints":{"allow":["GET"]}}],"collection":[{"href":"https:\/\/www.1healthymind.com\/sq\/wp-json\/wp\/v2\/product"}],"about":[{"href":"https:\/\/www.1healthymind.com\/sq\/wp-json\/wp\/v2\/types\/product"}],"replies":[{"embeddable":true,"href":"https:\/\/www.1healthymind.com\/sq\/wp-json\/wp\/v2\/comments?post=1353"}],"wp:featuredmedia":[{"embeddable":true,"href":"https:\/\/www.1healthymind.com\/sq\/wp-json\/wp\/v2\/media\/1354"}],"wp:attachment":[{"href":"https:\/\/www.1healthymind.com\/sq\/wp-json\/wp\/v2\/media?parent=1353"}],"wp:term":[{"taxonomy":"product_brand","embeddable":true,"href":"https:\/\/www.1healthymind.com\/sq\/wp-json\/wp\/v2\/product_brand?post=1353"},{"taxonomy":"product_cat","embeddable":true,"href":"https:\/\/www.1healthymind.com\/sq\/wp-json\/wp\/v2\/product_cat?post=1353"},{"taxonomy":"product_tag","embeddable":true,"href":"https:\/\/www.1healthymind.com\/sq\/wp-json\/wp\/v2\/product_tag?post=1353"}],"curies":[{"name":"wp","href":"https:\/\/api.w.org\/{rel}","templated":true}]}}