{"id":1053,"date":"2024-08-19T09:13:15","date_gmt":"2024-08-19T09:13:15","guid":{"rendered":"https:\/\/www.empowerwebdesign.com.au\/demo\/1healthymind\/?post_type=product&#038;p=1053"},"modified":"2025-05-07T05:51:50","modified_gmt":"2025-05-07T05:51:50","slug":"therapy-assessment","status":"publish","type":"product","link":"https:\/\/www.1healthymind.com\/sq\/produkt\/therapy-assessment\/","title":{"rendered":"Vler\u00ebsimi i Terapis\u00eb"},"content":{"rendered":"","protected":false},"excerpt":{"rendered":"<p>Kjo \u00ebsht\u00eb seanca e par\u00eb p\u00ebr t\u00eb gjith\u00eb klient\u00ebt e rinj, q\u00eb zgjat 60\u201370 minuta. P\u00ebrfshin nj\u00eb vler\u00ebsim dhe planifikim gjith\u00ebp\u00ebrfshir\u00ebs p\u00ebr terapin\u00eb n\u00eb vazhdim.<\/p>\n<p>Duke rezervuar k\u00ebt\u00eb seanc\u00eb, ju konfirmoni se i keni lexuar dhe pranuar politikat e pages\u00ebs dhe anulimit.<\/p>\n<p>Ju lutem vini re:<\/p>\n<ul>\n<li>Anulimet brenda dit\u00ebs rezultojn\u00eb n\u00eb humbjen e seanc\u00ebs pa rimbursim.<\/li>\n<li>Ricaktimi i orarit \u00ebsht\u00eb i mundur me njoftim 48 or\u00eb m\u00eb par\u00eb.<\/li>\n<li>Referojuni ton\u00ebs <a href=\"https:\/\/www.1healthymind.com\/sq\/payment-and-cancellation-policy-and-terms-and-conditions\/\">Kushtet dhe Rregullat<\/a> p\u00ebr m\u00eb shum\u00eb.<\/li>\n<\/ul>","protected":false},"featured_media":1210,"comment_status":"open","ping_status":"closed","template":"","meta":[],"product_brand":[],"product_cat":[22],"product_tag":[],"class_list":{"0":"post-1053","1":"product","2":"type-product","3":"status-publish","4":"has-post-thumbnail","6":"product_cat-sessions","8":"first","9":"instock","10":"virtual","11":"purchasable","12":"product-type-simple"},"yoast_head":"<!-- This site is optimized with the Yoast SEO plugin v27.5 - https:\/\/yoast.com\/product\/yoast-seo-wordpress\/ -->\n<title>Therapy Assessment - 1Healthy Mind<\/title>\n<meta name=\"robots\" content=\"index, follow, max-snippet:-1, max-image-preview:large, max-video-preview:-1\" \/>\n<link rel=\"canonical\" href=\"https:\/\/www.1healthymind.com\/sq\/produkt\/therapy-assessment\/\" \/>\n<meta property=\"og:locale\" content=\"sq_AL\" \/>\n<meta property=\"og:type\" content=\"article\" \/>\n<meta property=\"og:title\" content=\"Therapy Assessment - 1Healthy Mind\" \/>\n<meta property=\"og:description\" content=\"This is the first session for all new clients, lasting 60\u201370 minutes. It includes a comprehensive evaluation and planning for ongoing therapy.  By booking this session, you confirm that you have read and agreed to the payment and cancellation policies.  Please note:   Same-day cancellations result in loss of session without refund.  Rescheduling is possible with 48 hours\u2019 notice.  Refer to our Terms &amp; Conditions for more.\" \/>\n<meta property=\"og:url\" content=\"https:\/\/www.1healthymind.com\/sq\/produkt\/therapy-assessment\/\" \/>\n<meta property=\"og:site_name\" content=\"1Healthy Mind\" \/>\n<meta property=\"article:modified_time\" content=\"2025-05-07T05:51:50+00:00\" \/>\n<meta property=\"og:image\" content=\"https:\/\/www.1healthymind.com\/wp-content\/uploads\/2024\/08\/assessment2.jpg\" \/>\n\t<meta property=\"og:image:width\" content=\"1200\" \/>\n\t<meta property=\"og:image:height\" content=\"1200\" \/>\n\t<meta property=\"og:image:type\" content=\"image\/jpeg\" \/>\n<meta name=\"twitter:card\" content=\"summary_large_image\" \/>\n<meta name=\"twitter:label1\" content=\"Est. reading time\" \/>\n\t<meta name=\"twitter:data1\" content=\"1 minut\u00eb\" \/>\n<script type=\"application\/ld+json\" class=\"yoast-schema-graph\">{\"@context\":\"https:\\\/\\\/schema.org\",\"@graph\":[{\"@type\":\"WebPage\",\"@id\":\"https:\\\/\\\/www.1healthymind.com\\\/product\\\/therapy-assessment\\\/\",\"url\":\"https:\\\/\\\/www.1healthymind.com\\\/product\\\/therapy-assessment\\\/\",\"name\":\"Therapy Assessment - 1Healthy Mind\",\"isPartOf\":{\"@id\":\"https:\\\/\\\/www.1healthymind.com\\\/#website\"},\"primaryImageOfPage\":{\"@id\":\"https:\\\/\\\/www.1healthymind.com\\\/product\\\/therapy-assessment\\\/#primaryimage\"},\"image\":{\"@id\":\"https:\\\/\\\/www.1healthymind.com\\\/product\\\/therapy-assessment\\\/#primaryimage\"},\"thumbnailUrl\":\"https:\\\/\\\/www.1healthymind.com\\\/wp-content\\\/uploads\\\/2024\\\/08\\\/assessment2.jpg\",\"datePublished\":\"2024-08-19T09:13:15+00:00\",\"dateModified\":\"2025-05-07T05:51:50+00:00\",\"breadcrumb\":{\"@id\":\"https:\\\/\\\/www.1healthymind.com\\\/product\\\/therapy-assessment\\\/#breadcrumb\"},\"inLanguage\":\"sq\",\"potentialAction\":[{\"@type\":\"ReadAction\",\"target\":[\"https:\\\/\\\/www.1healthymind.com\\\/product\\\/therapy-assessment\\\/\"]}]},{\"@type\":\"ImageObject\",\"inLanguage\":\"sq\",\"@id\":\"https:\\\/\\\/www.1healthymind.com\\\/product\\\/therapy-assessment\\\/#primaryimage\",\"url\":\"https:\\\/\\\/www.1healthymind.com\\\/wp-content\\\/uploads\\\/2024\\\/08\\\/assessment2.jpg\",\"contentUrl\":\"https:\\\/\\\/www.1healthymind.com\\\/wp-content\\\/uploads\\\/2024\\\/08\\\/assessment2.jpg\",\"width\":1200,\"height\":1200},{\"@type\":\"BreadcrumbList\",\"@id\":\"https:\\\/\\\/www.1healthymind.com\\\/product\\\/therapy-assessment\\\/#breadcrumb\",\"itemListElement\":[{\"@type\":\"ListItem\",\"position\":1,\"name\":\"Home\",\"item\":\"https:\\\/\\\/www.1healthymind.com\\\/\"},{\"@type\":\"ListItem\",\"position\":2,\"name\":\"Shop\",\"item\":\"https:\\\/\\\/www.1healthymind.com\\\/shop\\\/\"},{\"@type\":\"ListItem\",\"position\":3,\"name\":\"Therapy Assessment\"}]},{\"@type\":\"WebSite\",\"@id\":\"https:\\\/\\\/www.1healthymind.com\\\/#website\",\"url\":\"https:\\\/\\\/www.1healthymind.com\\\/\",\"name\":\"1Healthy Mind\",\"description\":\"1Healthy Mind\",\"potentialAction\":[{\"@type\":\"SearchAction\",\"target\":{\"@type\":\"EntryPoint\",\"urlTemplate\":\"https:\\\/\\\/www.1healthymind.com\\\/?s={search_term_string}\"},\"query-input\":{\"@type\":\"PropertyValueSpecification\",\"valueRequired\":true,\"valueName\":\"search_term_string\"}}],\"inLanguage\":\"sq\"}]}<\/script>\n<!-- \/ Yoast SEO plugin. -->","yoast_head_json":{"title":"Therapy Assessment - 1Healthy Mind","robots":{"index":"index","follow":"follow","max-snippet":"max-snippet:-1","max-image-preview":"max-image-preview:large","max-video-preview":"max-video-preview:-1"},"canonical":"https:\/\/www.1healthymind.com\/sq\/produkt\/therapy-assessment\/","og_locale":"sq_AL","og_type":"article","og_title":"Therapy Assessment - 1Healthy Mind","og_description":"This is the first session for all new clients, lasting 60\u201370 minutes. It includes a comprehensive evaluation and planning for ongoing therapy.  By booking this session, you confirm that you have read and agreed to the payment and cancellation policies.  Please note:   Same-day cancellations result in loss of session without refund.  Rescheduling is possible with 48 hours\u2019 notice.  Refer to our Terms &amp; Conditions for more.","og_url":"https:\/\/www.1healthymind.com\/sq\/produkt\/therapy-assessment\/","og_site_name":"1Healthy Mind","article_modified_time":"2025-05-07T05:51:50+00:00","og_image":[{"width":1200,"height":1200,"url":"https:\/\/www.1healthymind.com\/wp-content\/uploads\/2024\/08\/assessment2.jpg","type":"image\/jpeg"}],"twitter_card":"summary_large_image","twitter_misc":{"Est. reading time":"1 minut\u00eb"},"schema":{"@context":"https:\/\/schema.org","@graph":[{"@type":"WebPage","@id":"https:\/\/www.1healthymind.com\/product\/therapy-assessment\/","url":"https:\/\/www.1healthymind.com\/product\/therapy-assessment\/","name":"Therapy Assessment - 1Healthy Mind","isPartOf":{"@id":"https:\/\/www.1healthymind.com\/#website"},"primaryImageOfPage":{"@id":"https:\/\/www.1healthymind.com\/product\/therapy-assessment\/#primaryimage"},"image":{"@id":"https:\/\/www.1healthymind.com\/product\/therapy-assessment\/#primaryimage"},"thumbnailUrl":"https:\/\/www.1healthymind.com\/wp-content\/uploads\/2024\/08\/assessment2.jpg","datePublished":"2024-08-19T09:13:15+00:00","dateModified":"2025-05-07T05:51:50+00:00","breadcrumb":{"@id":"https:\/\/www.1healthymind.com\/product\/therapy-assessment\/#breadcrumb"},"inLanguage":"sq","potentialAction":[{"@type":"ReadAction","target":["https:\/\/www.1healthymind.com\/product\/therapy-assessment\/"]}]},{"@type":"ImageObject","inLanguage":"sq","@id":"https:\/\/www.1healthymind.com\/product\/therapy-assessment\/#primaryimage","url":"https:\/\/www.1healthymind.com\/wp-content\/uploads\/2024\/08\/assessment2.jpg","contentUrl":"https:\/\/www.1healthymind.com\/wp-content\/uploads\/2024\/08\/assessment2.jpg","width":1200,"height":1200},{"@type":"BreadcrumbList","@id":"https:\/\/www.1healthymind.com\/product\/therapy-assessment\/#breadcrumb","itemListElement":[{"@type":"ListItem","position":1,"name":"Home","item":"https:\/\/www.1healthymind.com\/"},{"@type":"ListItem","position":2,"name":"Shop","item":"https:\/\/www.1healthymind.com\/shop\/"},{"@type":"ListItem","position":3,"name":"Therapy Assessment"}]},{"@type":"WebSite","@id":"https:\/\/www.1healthymind.com\/#website","url":"https:\/\/www.1healthymind.com\/","name":"1 Mendje e Sh\u00ebndetshme","description":"1 Mendje e Sh\u00ebndetshme","potentialAction":[{"@type":"SearchAction","target":{"@type":"EntryPoint","urlTemplate":"https:\/\/www.1healthymind.com\/?s={search_term_string}"},"query-input":{"@type":"PropertyValueSpecification","valueRequired":true,"valueName":"search_term_string"}}],"inLanguage":"sq"}]}},"_links":{"self":[{"href":"https:\/\/www.1healthymind.com\/sq\/wp-json\/wp\/v2\/product\/1053","targetHints":{"allow":["GET"]}}],"collection":[{"href":"https:\/\/www.1healthymind.com\/sq\/wp-json\/wp\/v2\/product"}],"about":[{"href":"https:\/\/www.1healthymind.com\/sq\/wp-json\/wp\/v2\/types\/product"}],"replies":[{"embeddable":true,"href":"https:\/\/www.1healthymind.com\/sq\/wp-json\/wp\/v2\/comments?post=1053"}],"wp:featuredmedia":[{"embeddable":true,"href":"https:\/\/www.1healthymind.com\/sq\/wp-json\/wp\/v2\/media\/1210"}],"wp:attachment":[{"href":"https:\/\/www.1healthymind.com\/sq\/wp-json\/wp\/v2\/media?parent=1053"}],"wp:term":[{"taxonomy":"product_brand","embeddable":true,"href":"https:\/\/www.1healthymind.com\/sq\/wp-json\/wp\/v2\/product_brand?post=1053"},{"taxonomy":"product_cat","embeddable":true,"href":"https:\/\/www.1healthymind.com\/sq\/wp-json\/wp\/v2\/product_cat?post=1053"},{"taxonomy":"product_tag","embeddable":true,"href":"https:\/\/www.1healthymind.com\/sq\/wp-json\/wp\/v2\/product_tag?post=1053"}],"curies":[{"name":"wp","href":"https:\/\/api.w.org\/{rel}","templated":true}]}}