{"id":1015,"date":"2024-08-16T05:58:07","date_gmt":"2024-08-16T05:58:07","guid":{"rendered":"https:\/\/www.empowerwebdesign.com.au\/demo\/1healthymind\/?post_type=product&#038;p=1015"},"modified":"2025-05-07T05:52:35","modified_gmt":"2025-05-07T05:52:35","slug":"three-sessions","status":"publish","type":"product","link":"https:\/\/www.1healthymind.com\/sq\/produkt\/three-sessions\/","title":{"rendered":"Tre Sesione"},"content":{"rendered":"","protected":false},"excerpt":{"rendered":"<p>P\u00ebrfshin tre seanca individuale terapie (secila 60 minuta) pas vler\u00ebsimit tuaj fillestar.<\/p>\n<p>Klient\u00ebt duhet t\u00eb konfirmojn\u00eb dakord\u00ebsin\u00eb me politikat tona gjat\u00eb rezervimit duke sh\u00ebnuar kutin\u00eb e konfirmimit.<\/p>\n<p>Ju lutem vini re:<\/p>\n<ul>\n<li>Anulimet brenda dit\u00ebs nuk rimbursohen.<\/li>\n<li>Ricaktimet lejohen me njoftim 48 or\u00eb m\u00eb par\u00eb.<\/li>\n<li>Detajet e dh\u00ebna n\u00eb ton\u00ebn <a href=\"https:\/\/www.1healthymind.com\/sq\/payment-and-cancellation-policy-and-terms-and-conditions\/\">Kushtet dhe Afatet.<\/a><\/li>\n<\/ul>","protected":false},"featured_media":1208,"comment_status":"open","ping_status":"closed","template":"","meta":[],"product_brand":[],"product_cat":[22],"product_tag":[],"class_list":{"0":"post-1015","1":"product","2":"type-product","3":"status-publish","4":"has-post-thumbnail","6":"product_cat-sessions","8":"first","9":"instock","10":"virtual","11":"purchasable","12":"product-type-simple"},"yoast_head":"<!-- This site is optimized with the Yoast SEO plugin v27.5 - https:\/\/yoast.com\/product\/yoast-seo-wordpress\/ -->\n<title>Three Sessions - 1Healthy Mind<\/title>\n<meta name=\"robots\" content=\"index, follow, max-snippet:-1, max-image-preview:large, max-video-preview:-1\" \/>\n<link rel=\"canonical\" href=\"https:\/\/www.1healthymind.com\/sq\/produkt\/three-sessions\/\" \/>\n<meta property=\"og:locale\" content=\"sq_AL\" \/>\n<meta property=\"og:type\" content=\"article\" \/>\n<meta property=\"og:title\" content=\"Three Sessions - 1Healthy Mind\" \/>\n<meta property=\"og:description\" content=\"Includes three individual therapy sessions (each 60 minutes) following your initial assessment.  Clients must confirm agreement to our policies at booking by ticking the acknowledgement checkbox.  Please note:   Same-day cancellations are non-refundable.  Reschedules allowed with 48 hours\u2019 notice.  Details provided in our Terms &amp; Conditions.\" \/>\n<meta property=\"og:url\" content=\"https:\/\/www.1healthymind.com\/sq\/produkt\/three-sessions\/\" \/>\n<meta property=\"og:site_name\" content=\"1Healthy Mind\" \/>\n<meta property=\"article:modified_time\" content=\"2025-05-07T05:52:35+00:00\" \/>\n<meta property=\"og:image\" content=\"https:\/\/www.1healthymind.com\/wp-content\/uploads\/2024\/08\/3session.jpg\" \/>\n\t<meta property=\"og:image:width\" content=\"1200\" \/>\n\t<meta property=\"og:image:height\" content=\"1200\" \/>\n\t<meta property=\"og:image:type\" content=\"image\/jpeg\" \/>\n<meta name=\"twitter:card\" content=\"summary_large_image\" \/>\n<meta name=\"twitter:label1\" content=\"Est. reading time\" \/>\n\t<meta name=\"twitter:data1\" content=\"1 minut\u00eb\" \/>\n<script type=\"application\/ld+json\" class=\"yoast-schema-graph\">{\"@context\":\"https:\\\/\\\/schema.org\",\"@graph\":[{\"@type\":\"WebPage\",\"@id\":\"https:\\\/\\\/www.1healthymind.com\\\/product\\\/three-sessions\\\/\",\"url\":\"https:\\\/\\\/www.1healthymind.com\\\/product\\\/three-sessions\\\/\",\"name\":\"Three Sessions - 1Healthy Mind\",\"isPartOf\":{\"@id\":\"https:\\\/\\\/www.1healthymind.com\\\/#website\"},\"primaryImageOfPage\":{\"@id\":\"https:\\\/\\\/www.1healthymind.com\\\/product\\\/three-sessions\\\/#primaryimage\"},\"image\":{\"@id\":\"https:\\\/\\\/www.1healthymind.com\\\/product\\\/three-sessions\\\/#primaryimage\"},\"thumbnailUrl\":\"https:\\\/\\\/www.1healthymind.com\\\/wp-content\\\/uploads\\\/2024\\\/08\\\/3session.jpg\",\"datePublished\":\"2024-08-16T05:58:07+00:00\",\"dateModified\":\"2025-05-07T05:52:35+00:00\",\"breadcrumb\":{\"@id\":\"https:\\\/\\\/www.1healthymind.com\\\/product\\\/three-sessions\\\/#breadcrumb\"},\"inLanguage\":\"sq\",\"potentialAction\":[{\"@type\":\"ReadAction\",\"target\":[\"https:\\\/\\\/www.1healthymind.com\\\/product\\\/three-sessions\\\/\"]}]},{\"@type\":\"ImageObject\",\"inLanguage\":\"sq\",\"@id\":\"https:\\\/\\\/www.1healthymind.com\\\/product\\\/three-sessions\\\/#primaryimage\",\"url\":\"https:\\\/\\\/www.1healthymind.com\\\/wp-content\\\/uploads\\\/2024\\\/08\\\/3session.jpg\",\"contentUrl\":\"https:\\\/\\\/www.1healthymind.com\\\/wp-content\\\/uploads\\\/2024\\\/08\\\/3session.jpg\",\"width\":1200,\"height\":1200},{\"@type\":\"BreadcrumbList\",\"@id\":\"https:\\\/\\\/www.1healthymind.com\\\/product\\\/three-sessions\\\/#breadcrumb\",\"itemListElement\":[{\"@type\":\"ListItem\",\"position\":1,\"name\":\"Home\",\"item\":\"https:\\\/\\\/www.1healthymind.com\\\/\"},{\"@type\":\"ListItem\",\"position\":2,\"name\":\"Shop\",\"item\":\"https:\\\/\\\/www.1healthymind.com\\\/shop\\\/\"},{\"@type\":\"ListItem\",\"position\":3,\"name\":\"Three Sessions\"}]},{\"@type\":\"WebSite\",\"@id\":\"https:\\\/\\\/www.1healthymind.com\\\/#website\",\"url\":\"https:\\\/\\\/www.1healthymind.com\\\/\",\"name\":\"1Healthy Mind\",\"description\":\"1Healthy Mind\",\"potentialAction\":[{\"@type\":\"SearchAction\",\"target\":{\"@type\":\"EntryPoint\",\"urlTemplate\":\"https:\\\/\\\/www.1healthymind.com\\\/?s={search_term_string}\"},\"query-input\":{\"@type\":\"PropertyValueSpecification\",\"valueRequired\":true,\"valueName\":\"search_term_string\"}}],\"inLanguage\":\"sq\"}]}<\/script>\n<!-- \/ Yoast SEO plugin. -->","yoast_head_json":{"title":"Tre Seanca - 1Mendje e Sh\u00ebndetshme","robots":{"index":"index","follow":"follow","max-snippet":"max-snippet:-1","max-image-preview":"max-image-preview:large","max-video-preview":"max-video-preview:-1"},"canonical":"https:\/\/www.1healthymind.com\/sq\/produkt\/three-sessions\/","og_locale":"sq_AL","og_type":"article","og_title":"Three Sessions - 1Healthy Mind","og_description":"Includes three individual therapy sessions (each 60 minutes) following your initial assessment.  Clients must confirm agreement to our policies at booking by ticking the acknowledgement checkbox.  Please note:   Same-day cancellations are non-refundable.  Reschedules allowed with 48 hours\u2019 notice.  Details provided in our Terms &amp; Conditions.","og_url":"https:\/\/www.1healthymind.com\/sq\/produkt\/three-sessions\/","og_site_name":"1Healthy Mind","article_modified_time":"2025-05-07T05:52:35+00:00","og_image":[{"width":1200,"height":1200,"url":"https:\/\/www.1healthymind.com\/wp-content\/uploads\/2024\/08\/3session.jpg","type":"image\/jpeg"}],"twitter_card":"summary_large_image","twitter_misc":{"Est. reading time":"1 minut\u00eb"},"schema":{"@context":"https:\/\/schema.org","@graph":[{"@type":"WebPage","@id":"https:\/\/www.1healthymind.com\/product\/three-sessions\/","url":"https:\/\/www.1healthymind.com\/product\/three-sessions\/","name":"Tre Seanca - 1Mendje e Sh\u00ebndetshme","isPartOf":{"@id":"https:\/\/www.1healthymind.com\/#website"},"primaryImageOfPage":{"@id":"https:\/\/www.1healthymind.com\/product\/three-sessions\/#primaryimage"},"image":{"@id":"https:\/\/www.1healthymind.com\/product\/three-sessions\/#primaryimage"},"thumbnailUrl":"https:\/\/www.1healthymind.com\/wp-content\/uploads\/2024\/08\/3session.jpg","datePublished":"2024-08-16T05:58:07+00:00","dateModified":"2025-05-07T05:52:35+00:00","breadcrumb":{"@id":"https:\/\/www.1healthymind.com\/product\/three-sessions\/#breadcrumb"},"inLanguage":"sq","potentialAction":[{"@type":"ReadAction","target":["https:\/\/www.1healthymind.com\/product\/three-sessions\/"]}]},{"@type":"ImageObject","inLanguage":"sq","@id":"https:\/\/www.1healthymind.com\/product\/three-sessions\/#primaryimage","url":"https:\/\/www.1healthymind.com\/wp-content\/uploads\/2024\/08\/3session.jpg","contentUrl":"https:\/\/www.1healthymind.com\/wp-content\/uploads\/2024\/08\/3session.jpg","width":1200,"height":1200},{"@type":"BreadcrumbList","@id":"https:\/\/www.1healthymind.com\/product\/three-sessions\/#breadcrumb","itemListElement":[{"@type":"ListItem","position":1,"name":"Home","item":"https:\/\/www.1healthymind.com\/"},{"@type":"ListItem","position":2,"name":"Shop","item":"https:\/\/www.1healthymind.com\/shop\/"},{"@type":"ListItem","position":3,"name":"Three Sessions"}]},{"@type":"WebSite","@id":"https:\/\/www.1healthymind.com\/#website","url":"https:\/\/www.1healthymind.com\/","name":"1 Mendje e Sh\u00ebndetshme","description":"1 Mendje e Sh\u00ebndetshme","potentialAction":[{"@type":"SearchAction","target":{"@type":"EntryPoint","urlTemplate":"https:\/\/www.1healthymind.com\/?s={search_term_string}"},"query-input":{"@type":"PropertyValueSpecification","valueRequired":true,"valueName":"search_term_string"}}],"inLanguage":"sq"}]}},"_links":{"self":[{"href":"https:\/\/www.1healthymind.com\/sq\/wp-json\/wp\/v2\/product\/1015","targetHints":{"allow":["GET"]}}],"collection":[{"href":"https:\/\/www.1healthymind.com\/sq\/wp-json\/wp\/v2\/product"}],"about":[{"href":"https:\/\/www.1healthymind.com\/sq\/wp-json\/wp\/v2\/types\/product"}],"replies":[{"embeddable":true,"href":"https:\/\/www.1healthymind.com\/sq\/wp-json\/wp\/v2\/comments?post=1015"}],"wp:featuredmedia":[{"embeddable":true,"href":"https:\/\/www.1healthymind.com\/sq\/wp-json\/wp\/v2\/media\/1208"}],"wp:attachment":[{"href":"https:\/\/www.1healthymind.com\/sq\/wp-json\/wp\/v2\/media?parent=1015"}],"wp:term":[{"taxonomy":"product_brand","embeddable":true,"href":"https:\/\/www.1healthymind.com\/sq\/wp-json\/wp\/v2\/product_brand?post=1015"},{"taxonomy":"product_cat","embeddable":true,"href":"https:\/\/www.1healthymind.com\/sq\/wp-json\/wp\/v2\/product_cat?post=1015"},{"taxonomy":"product_tag","embeddable":true,"href":"https:\/\/www.1healthymind.com\/sq\/wp-json\/wp\/v2\/product_tag?post=1015"}],"curies":[{"name":"wp","href":"https:\/\/api.w.org\/{rel}","templated":true}]}}