{"id":983,"date":"2024-08-15T08:53:08","date_gmt":"2024-08-15T08:53:08","guid":{"rendered":"https:\/\/www.empowerwebdesign.com.au\/demo\/1healthymind\/?page_id=983"},"modified":"2024-08-15T08:55:01","modified_gmt":"2024-08-15T08:55:01","slug":"privacy-policy","status":"publish","type":"page","link":"https:\/\/www.1healthymind.com\/sq\/privacy-policy\/","title":{"rendered":"Politika e Privat\u00ebsis\u00eb"},"content":{"rendered":"<div class=\"wpb-content-wrapper\"><div data-vc-full-width=\"true\" data-vc-full-width-temp=\"true\" data-vc-full-width-init=\"false\" class=\"vc_row wpb_row vc_row-fluid page_header_wrap\"><div class=\"wpb_column vc_column_container vc_col-sm-12\"><div class=\"vc_column-inner\"><div class=\"wpb_wrapper\"><div class=\"vc_row wpb_row vc_inner vc_row-fluid\"><div class=\"wpb_column vc_column_container vc_col-sm-8\"><div class=\"vc_column-inner\"><div class=\"wpb_wrapper\">\n\t<div class=\"wpb_text_column wpb_content_element\" >\n\t\t<div class=\"wpb_wrapper\">\n\t\t\t<h1>Politika e Privat\u00ebsis\u00eb<\/h1>\n\n\t\t<\/div>\n\t<\/div>\n<\/div><\/div><\/div><div class=\"wpb_column vc_column_container vc_col-sm-4\"><div class=\"vc_column-inner\"><div class=\"wpb_wrapper\"><\/div><\/div><\/div><\/div><\/div><\/div><\/div><\/div><div class=\"vc_row-full-width vc_clearfix\"><\/div><div class=\"vc_row wpb_row vc_row-fluid buffer_small\"><div class=\"wpb_column vc_column_container vc_col-sm-12\"><div class=\"vc_column-inner\"><div class=\"wpb_wrapper\"><div class=\"vc_row wpb_row vc_inner vc_row-fluid flex_wrap\"><div class=\"flex info_section_left wpb_column vc_column_container vc_col-sm-9\"><div class=\"vc_column-inner\"><div class=\"wpb_wrapper\">\n\t<div class=\"wpb_text_column wpb_content_element\" >\n\t\t<div class=\"wpb_wrapper\">\n\t\t\t<p><strong>1. RRETH PRIVAT\u00cbSIS\u00cb SUAJ DHE K\u00cbSAJ POLITIKE PRIVAT\u00cbSIE<\/strong><\/p>\n<p>Privat\u00ebsia juaj \u00ebsht\u00eb jasht\u00ebzakonisht e r\u00ebnd\u00ebsishme p\u00ebr ne, sepse ne e kuptojm\u00eb q\u00eb privat\u00ebsia juaj \u00ebsht\u00eb e r\u00ebnd\u00ebsishme p\u00ebr ju dhe se ju intereson se si p\u00ebrdoren dhe ndahen t\u00eb dh\u00ebnat tuaja personale n\u00eb internet.<\/p>\n<p>Kjo Politik\u00eb Privat\u00ebsie p\u00ebrshkruan informacionin q\u00eb mbledhim, m\u00ebnyr\u00ebn se si e p\u00ebrdorim at\u00eb dhe procedurat n\u00eb fuqi p\u00ebr t\u00eb mbrojtur informacionin tuaj personal jo-publik.<\/p>\n<p>\u201c1HealthyMind\u201d \u00ebsht\u00eb e p\u00ebrkushtuar p\u00ebr t\u00eb mbrojtur privat\u00ebsin\u00eb tuaj n\u00eb p\u00ebrputhje me Aktin e Privat\u00ebsis\u00eb t\u00eb Komonuelthit t\u00eb vitit 1988.<\/p>\n<p><strong>2. MBLEDHJA, P\u00cbRDORIMI DHE ZBULIMI I INFORMACIONIT<\/strong><\/p>\n<p>\u00c7far\u00eb \u00ebsht\u00eb Informacioni Personal?<\/p>\n<p>Akti i Privat\u00ebsis\u00eb i vitit 1988 e p\u00ebrcakton &#039;informacionin personal&#039; si:<\/p>\n<p>Informacion ose nj\u00eb opinion n\u00eb lidhje me nj\u00eb individ t\u00eb identifikuar, ose nj\u00eb individ q\u00eb \u00ebsht\u00eb i identifikuesh\u00ebm n\u00eb m\u00ebnyr\u00eb t\u00eb arsyeshme:<\/p>\n<p>1. n\u00ebse informacioni ose mendimi \u00ebsht\u00eb i v\u00ebrtet\u00eb apo jo; dhe<br \/>\n2. n\u00ebse informacioni ose mendimi \u00ebsht\u00eb regjistruar n\u00eb nj\u00eb form\u00eb materiale apo jo.<\/p>\n<p>\u00c7far\u00eb informacioni personal mbledhim?<\/p>\n<p>Ne mbledhim informacionin personal q\u00eb ju na jepni. Kjo mund t\u00eb p\u00ebrfshij\u00eb emrin tuaj, mosh\u00ebn ose dat\u00ebn e lindjes, numrin e telefonit, adres\u00ebn dhe adres\u00ebn e email-it, detajet e sh\u00ebrbimit ose t\u00eb institucionit arsimor, informacionin e faturimit dhe pages\u00ebs, informacionin e profilit, t\u00eb dh\u00ebnat e regjistrimit (informacion i till\u00eb si kompjuteri juaj, adresa e Protokollit t\u00eb Internetit (IP).<\/p>\n<p>N\u00eb disa raste, disa nga informacionet q\u00eb na jepni konsiderohen t\u00eb dh\u00ebna q\u00eb lidhen me sh\u00ebndetin. Ju mund t\u00eb vendosni se cilat informacione, n\u00ebse ka, d\u00ebshironi t\u00eb ndani me ne, por disa funksione t\u00eb Platform\u00ebs mund t\u00eb mos jen\u00eb t\u00eb disponueshme p\u00ebr ju pa na dh\u00ebn\u00eb informacionin e nevojsh\u00ebm. Duke vendosur t\u00eb jepni informacionin, ju pranoni metodat tona t\u00eb mbledhjes dhe p\u00ebrdorimit, si dhe kushtet dhe dispozitat e tjera t\u00eb k\u00ebsaj Politike Privat\u00ebsie.<\/p>\n<p>Kur na jepni informacione personale p\u00ebr t\u00eb p\u00ebrfunduar nj\u00eb transaksion, p\u00ebr t\u00eb verifikuar kart\u00ebn tuaj t\u00eb kreditit, p\u00ebr t\u00eb b\u00ebr\u00eb nj\u00eb porosi, p\u00ebr t\u00eb rregulluar nj\u00eb d\u00ebrges\u00eb ose p\u00ebr t\u00eb kthyer nj\u00eb blerje, ne n\u00ebnkuptojm\u00eb se ju pranoni q\u00eb ne t&#039;i mbledhim dhe t&#039;i p\u00ebrdorim ato vet\u00ebm p\u00ebr at\u00eb arsye specifike.<\/p>\n<p>Si e p\u00ebrdorim?<\/p>\n<p>Mbrojtja e k\u00ebtij informacioni \u00ebsht\u00eb nj\u00eb p\u00ebrpar\u00ebsi kryesore p\u00ebr ne. Ne kurr\u00eb nuk do t\u00eb shesim ose japim me qira asnj\u00eb informacion q\u00eb keni ndar\u00eb me ne. Gjithashtu, ne kurr\u00eb nuk do t\u00eb p\u00ebrdorim ose zbulojm\u00eb asnj\u00eb informacion, p\u00ebrve\u00e7 n\u00ebse ju na keni k\u00ebrkuar ose miratuar posa\u00e7\u00ebrisht dhe shprehimisht p\u00ebr ta b\u00ebr\u00eb k\u00ebt\u00eb.<\/p>\n<p>Zbulimi i informacionit personal.<\/p>\n<p>Ne nuk ndajm\u00eb informacione personale jo-publike n\u00eb lidhje me klient\u00ebt tan\u00eb (aktual\u00eb, t\u00eb m\u00ebparsh\u00ebm dhe potencial\u00eb) me ask\u00ebnd, p\u00ebrve\u00e7 rasteve kur k\u00ebrkohet me ligj, ose si m\u00eb posht\u00eb:<\/p>\n<ul>\n<li>P\u00ebr t\u00eb krijuar llogarin\u00eb tuaj n\u00eb faqen ton\u00eb dhe p\u00ebr t&#039;ju lejuar t\u00eb hyni n\u00eb llogarin\u00eb tuaj dhe t\u00eb p\u00ebrdorni Platform\u00ebn;<\/li>\n<li>P\u00ebr t\u00eb ofruar sh\u00ebrbime marketingu;<\/li>\n<li>Ofruesve t\u00eb sh\u00ebrbimeve financiare ose konsulent\u00ebve p\u00ebr t\u00eb kryer sh\u00ebrbimet e k\u00ebrkuara dhe\/ose p\u00ebr t\u00eb mbrojtur kund\u00ebr ose parandaluar mashtrimet aktuale ose t\u00eb mundshme, transaksionet, pretendimet ose p\u00ebrgjegj\u00ebsit\u00eb e tjera t\u00eb paautorizuara;<\/li>\n<li>P\u00ebr t\u00eb parandaluar d\u00ebmtimin e jet\u00ebs ose sh\u00ebndetit;<\/li>\n<li>P\u00ebr konsulent\u00ebt dhe teknik\u00ebt e sh\u00ebrbimeve kompjuterike ose konsulent\u00eb t\u00eb tjer\u00eb t\u00eb siguris\u00eb, me q\u00ebllim sigurimin e konfidencialitetit dhe siguris\u00eb s\u00eb t\u00eb dh\u00ebnave t\u00eb klient\u00ebve dhe punonj\u00ebsve;<\/li>\n<li>P\u00ebr t&#039;iu p\u00ebrgjigjur k\u00ebrkesave t\u00eb zbatimit t\u00eb ligjit dhe si\u00e7 k\u00ebrkohet nga ligji n\u00eb fuqi, urdhri i gjykat\u00ebs ose rregulloret qeveritare;<\/li>\n<li>P\u00ebr t\u00eb matur dhe p\u00ebrmir\u00ebsuar cil\u00ebsin\u00eb, efektivitetin dhe ofrimin e sh\u00ebrbimeve tona;<\/li>\n<li>P\u00ebr t\u00eb p\u00ebrmbushur ligjet shtet\u00ebrore dhe federale n\u00eb fuqi, duke p\u00ebrfshir\u00eb, por pa u kufizuar n\u00eb ligjet q\u00eb lidhen me mbrojtjen e sh\u00ebndetit dhe siguris\u00eb s\u00eb klientit dhe publikut.<\/li>\n<\/ul>\n<p><strong>3. T\u00cb DREJTAT TUAJA P\u00cbR T\u00cb DH\u00cbNAT<\/strong><\/p>\n<p>Ju keni t\u00eb drejt\u00eb t\u00eb k\u00ebrkoni q\u00eb faqja jon\u00eb t&#039;ju njoftoj\u00eb p\u00ebr informacionin personal q\u00eb kemi mbledhur dhe p\u00ebrdorur rreth jush. Gjithashtu, ju keni t\u00eb drejt\u00eb t\u00eb k\u00ebrkoni q\u00eb faqja jon\u00eb t\u00eb fshij\u00eb \u00e7do informacion tuajin personal q\u00eb kemi mbledhur dhe ruajtur rreth jush. Pasi t\u00eb marrim k\u00ebrkes\u00ebn dhe t\u00eb verifikojm\u00eb se kush jeni, ne do ta fshijm\u00eb informacionin tuaj personal nga t\u00eb dh\u00ebnat tona, p\u00ebrve\u00e7 n\u00ebse zbatohet ndonj\u00eb p\u00ebrjashtim.<\/p>\n<p><strong>4. BISKOTA<\/strong><\/p>\n<p>Nj\u00eb \u201ccookie\u201d \u00ebsht\u00eb nj\u00eb skedar i vog\u00ebl t\u00eb dh\u00ebnash q\u00eb transferohet n\u00eb hard diskun e kompjuterit tuaj p\u00ebr q\u00ebllime t\u00eb ruajtjes s\u00eb t\u00eb dh\u00ebnave. T\u00eb gjitha cookie-t e p\u00ebrdorura nga dhe n\u00eb faqen ton\u00eb p\u00ebrdoren n\u00eb p\u00ebrputhje me Ligjin aktual t\u00eb Cookie-ve. Ne p\u00ebrdorim cookie-t p\u00ebr t\u00eb mund\u00ebsuar funksionimin teknik t\u00eb faqes, p\u00ebr t\u00eb administruar hyrjen tuaj n\u00eb llogarin\u00eb tuaj dhe p\u00ebr t\u00eb mbledhur t\u00eb dh\u00ebnat e Regjistrimit. Ju mund t\u00eb ndryshoni cil\u00ebsimet e shfletuesit tuaj n\u00eb m\u00ebnyr\u00eb q\u00eb ai t\u00eb ndaloj\u00eb pranimin e cookie-ve ose t&#039;ju njoftoj\u00eb para se t\u00eb pranoni nj\u00eb cookie. Megjithat\u00eb, n\u00ebse nuk pranoni cookie-t, mund t\u00eb mos jeni n\u00eb gjendje ta p\u00ebrdorni faqen. Faqja mund t\u00eb p\u00ebrfshij\u00eb gjithashtu p\u00ebrdorimin e cookie-ve n\u00eb pron\u00ebsi ose t\u00eb ofruara nga pal\u00eb t\u00eb treta q\u00eb nuk mbulohen nga Politika jon\u00eb e Privat\u00ebsis\u00eb dhe ne nuk kemi qasje ose kontroll mbi k\u00ebto cookie. Ne gjithashtu mund t\u00eb p\u00ebrdorim cookie t\u00eb pal\u00ebve t\u00eb treta p\u00ebr q\u00ebllime t\u00eb analizave t\u00eb uebit, atribuimit dhe menaxhimit t\u00eb gabimeve.<\/p>\n<p><strong>5. FAQE T\u00cb PAL\u00cbVE T\u00cb TRET\u00cb<\/strong><\/p>\n<p>Faqja mund t\u00eb p\u00ebrmbaj\u00eb p\u00ebrmbajtje, produkte ose sh\u00ebrbime t\u00eb tjera q\u00eb ofrohen ose ofrohen nga pal\u00eb t\u00eb treta (P\u00ebrmbajtje e Pal\u00ebve t\u00eb Treta), lidhje me P\u00ebrmbajtjen e Pal\u00ebve t\u00eb Treta (duke p\u00ebrfshir\u00eb, por pa u kufizuar n\u00eb lidhje me faqet e tjera t\u00eb internetit) ose reklama q\u00eb lidhen me P\u00ebrmbajtjen e Pal\u00ebve t\u00eb Treta. Ne nuk kemi p\u00ebrgjegj\u00ebsi p\u00ebr krijimin e ndonj\u00eb P\u00ebrmbajtjeje t\u00eb till\u00eb t\u00eb Pal\u00ebve t\u00eb Treta, duke p\u00ebrfshir\u00eb (por pa u kufizuar n\u00eb) ndonj\u00eb produkt, praktik\u00eb, term ose politik\u00eb t\u00eb lidhur, dhe nuk do t\u00eb jemi p\u00ebrgjegj\u00ebs p\u00ebr ndonj\u00eb d\u00ebm ose humbje t\u00eb shkaktuar nga ndonj\u00eb P\u00ebrmbajtje e Pal\u00ebve t\u00eb Treta.<\/p>\n<p><strong>6. MARKETING<\/strong><\/p>\n<p>T\u00eb dh\u00ebnat tuaja p\u00ebrpunohen me q\u00ebllim d\u00ebrgimin e materialeve reklamuese dhe buletineve, p\u00ebr t\u00eb ofruar informacione komerciale me email, p\u00ebr t\u00eb kryer k\u00ebrkime tregu dhe anketa mbi k\u00ebnaq\u00ebsin\u00eb e klient\u00ebve. Ju mund t\u00eb zgjidhni t\u00eb mos merrni marketing me email duke u \u00e7regjistruar duke p\u00ebrdorur lidhjen e \u00e7regjistrimit t\u00eb dh\u00ebn\u00eb n\u00eb t\u00eb gjitha komunikimet tona me email marketingu.<\/p>\n<p><strong>7. NDRYSHIMET N\u00cb POLITIK\u00cbN E PRIVAT\u00cbSIS\u00cb<\/strong><\/p>\n<p>Ne mund ta p\u00ebrdit\u00ebsojm\u00eb k\u00ebt\u00eb deklarat\u00eb privat\u00ebsie sipas gjykimit ton\u00eb t\u00eb vet\u00ebm. Data e rishikimit t\u00eb fundit t\u00eb k\u00ebsaj politike shfaqet n\u00eb fund t\u00eb k\u00ebsaj faqeje. Ju inkurajojm\u00eb ta rishikoni periodikisht k\u00ebt\u00eb faqe p\u00ebr informacionin m\u00eb t\u00eb fundit mbi Politik\u00ebn dhe praktikat tona t\u00eb Privat\u00ebsis\u00eb. Pavar\u00ebsisht ndryshimeve n\u00eb Politik\u00ebn ton\u00eb t\u00eb Privat\u00ebsis\u00eb, ne kurr\u00eb nuk do ta p\u00ebrdorim informacionin q\u00eb ju paraqisni sipas njoftimit ton\u00eb aktual t\u00eb privat\u00ebsis\u00eb n\u00eb nj\u00eb m\u00ebnyr\u00eb t\u00eb re pa ju njoftuar m\u00eb par\u00eb dhe pa ju dh\u00ebn\u00eb mund\u00ebsin\u00eb t\u00eb \u00e7regjistroheni.<\/p>\n<p><strong>8. ANKESAT P\u00cbR PRIVAT\u00cbSIN\u00cb TUAJ<\/strong><\/p>\n<p>N\u00ebse besoni se privat\u00ebsia juaj \u00ebsht\u00eb shkelur ose keni nj\u00eb ankes\u00eb n\u00eb lidhje me m\u00ebnyr\u00ebn se si i kemi trajtuar t\u00eb dh\u00ebnat tuaja personale, ju lutemi na kontaktoni me shkrim.<\/p>\n<p><strong>9. KONTAKTI ME NA<\/strong><\/p>\n<p>T\u00cb DREJTA T\u00cb P\u00cbRGJITHSHME<\/p>\n<p>N\u00ebse keni ndonj\u00eb pyetje ose shqet\u00ebsim n\u00eb lidhje me k\u00ebt\u00eb Politik\u00eb Privat\u00ebsie ose praktikat tona q\u00eb lidhen me privat\u00ebsin\u00eb, ju lutemi na kontaktoni me email n\u00eb info@1healthymind.com.<\/p>\n\n\t\t<\/div>\n\t<\/div>\n<\/div><\/div><\/div><div class=\"wpb_column vc_column_container vc_col-sm-3\"><div class=\"vc_column-inner\"><div class=\"wpb_wrapper\"><\/div><\/div><\/div><\/div><\/div><\/div><\/div><\/div>\n<\/div>","protected":false},"excerpt":{"rendered":"Privacy Policy 1. ABOUT YOUR PRIVACY AND THIS PRIVACY POLICY Your privacy is extremely important to us because we understand that your privacy is important to you and that you care about how your personal data is used and shared online. This Privacy Policy describes the information we collect, how we use it and procedures [...]","protected":false},"author":1,"featured_media":0,"parent":0,"menu_order":0,"comment_status":"closed","ping_status":"closed","template":"","meta":{"footnotes":""},"class_list":["post-983","page","type-page","status-publish","hentry"],"yoast_head":"<!-- This site is optimized with the Yoast SEO plugin v27.5 - https:\/\/yoast.com\/product\/yoast-seo-wordpress\/ -->\n<title>Privacy Policy - 1Healthy Mind<\/title>\n<meta name=\"robots\" content=\"index, follow, max-snippet:-1, max-image-preview:large, max-video-preview:-1\" \/>\n<link rel=\"canonical\" href=\"https:\/\/www.1healthymind.com\/sq\/privacy-policy\/\" \/>\n<meta property=\"og:locale\" content=\"sq_AL\" \/>\n<meta property=\"og:type\" content=\"article\" \/>\n<meta property=\"og:title\" content=\"Privacy Policy - 1Healthy Mind\" \/>\n<meta property=\"og:url\" content=\"https:\/\/www.1healthymind.com\/sq\/privacy-policy\/\" \/>\n<meta property=\"og:site_name\" content=\"1Healthy Mind\" \/>\n<meta property=\"article:modified_time\" content=\"2024-08-15T08:55:01+00:00\" \/>\n<meta name=\"twitter:card\" content=\"summary_large_image\" \/>\n<meta name=\"twitter:label1\" content=\"Est. reading time\" \/>\n\t<meta name=\"twitter:data1\" content=\"5 minuta\" \/>\n<script type=\"application\/ld+json\" class=\"yoast-schema-graph\">{\"@context\":\"https:\\\/\\\/schema.org\",\"@graph\":[{\"@type\":\"WebPage\",\"@id\":\"https:\\\/\\\/www.1healthymind.com\\\/privacy-policy\\\/\",\"url\":\"https:\\\/\\\/www.1healthymind.com\\\/privacy-policy\\\/\",\"name\":\"Privacy Policy - 1Healthy Mind\",\"isPartOf\":{\"@id\":\"https:\\\/\\\/www.1healthymind.com\\\/#website\"},\"datePublished\":\"2024-08-15T08:53:08+00:00\",\"dateModified\":\"2024-08-15T08:55:01+00:00\",\"breadcrumb\":{\"@id\":\"https:\\\/\\\/www.1healthymind.com\\\/privacy-policy\\\/#breadcrumb\"},\"inLanguage\":\"sq\",\"potentialAction\":[{\"@type\":\"ReadAction\",\"target\":[\"https:\\\/\\\/www.1healthymind.com\\\/privacy-policy\\\/\"]}]},{\"@type\":\"BreadcrumbList\",\"@id\":\"https:\\\/\\\/www.1healthymind.com\\\/privacy-policy\\\/#breadcrumb\",\"itemListElement\":[{\"@type\":\"ListItem\",\"position\":1,\"name\":\"Home\",\"item\":\"https:\\\/\\\/www.1healthymind.com\\\/\"},{\"@type\":\"ListItem\",\"position\":2,\"name\":\"Privacy Policy\"}]},{\"@type\":\"WebSite\",\"@id\":\"https:\\\/\\\/www.1healthymind.com\\\/#website\",\"url\":\"https:\\\/\\\/www.1healthymind.com\\\/\",\"name\":\"1Healthy Mind\",\"description\":\"1Healthy Mind\",\"potentialAction\":[{\"@type\":\"SearchAction\",\"target\":{\"@type\":\"EntryPoint\",\"urlTemplate\":\"https:\\\/\\\/www.1healthymind.com\\\/?s={search_term_string}\"},\"query-input\":{\"@type\":\"PropertyValueSpecification\",\"valueRequired\":true,\"valueName\":\"search_term_string\"}}],\"inLanguage\":\"sq\"}]}<\/script>\n<!-- \/ Yoast SEO plugin. -->","yoast_head_json":{"title":"Politika e Privat\u00ebsis\u00eb - 1Mendje e Sh\u00ebndetshme","robots":{"index":"index","follow":"follow","max-snippet":"max-snippet:-1","max-image-preview":"max-image-preview:large","max-video-preview":"max-video-preview:-1"},"canonical":"https:\/\/www.1healthymind.com\/sq\/privacy-policy\/","og_locale":"sq_AL","og_type":"article","og_title":"Privacy Policy - 1Healthy Mind","og_url":"https:\/\/www.1healthymind.com\/sq\/privacy-policy\/","og_site_name":"1Healthy Mind","article_modified_time":"2024-08-15T08:55:01+00:00","twitter_card":"summary_large_image","twitter_misc":{"Est. reading time":"5 minuta"},"schema":{"@context":"https:\/\/schema.org","@graph":[{"@type":"WebPage","@id":"https:\/\/www.1healthymind.com\/privacy-policy\/","url":"https:\/\/www.1healthymind.com\/privacy-policy\/","name":"Politika e Privat\u00ebsis\u00eb - 1Mendje e Sh\u00ebndetshme","isPartOf":{"@id":"https:\/\/www.1healthymind.com\/#website"},"datePublished":"2024-08-15T08:53:08+00:00","dateModified":"2024-08-15T08:55:01+00:00","breadcrumb":{"@id":"https:\/\/www.1healthymind.com\/privacy-policy\/#breadcrumb"},"inLanguage":"sq","potentialAction":[{"@type":"ReadAction","target":["https:\/\/www.1healthymind.com\/privacy-policy\/"]}]},{"@type":"BreadcrumbList","@id":"https:\/\/www.1healthymind.com\/privacy-policy\/#breadcrumb","itemListElement":[{"@type":"ListItem","position":1,"name":"Home","item":"https:\/\/www.1healthymind.com\/"},{"@type":"ListItem","position":2,"name":"Privacy Policy"}]},{"@type":"WebSite","@id":"https:\/\/www.1healthymind.com\/#website","url":"https:\/\/www.1healthymind.com\/","name":"1 Mendje e Sh\u00ebndetshme","description":"1 Mendje e Sh\u00ebndetshme","potentialAction":[{"@type":"SearchAction","target":{"@type":"EntryPoint","urlTemplate":"https:\/\/www.1healthymind.com\/?s={search_term_string}"},"query-input":{"@type":"PropertyValueSpecification","valueRequired":true,"valueName":"search_term_string"}}],"inLanguage":"sq"}]}},"_links":{"self":[{"href":"https:\/\/www.1healthymind.com\/sq\/wp-json\/wp\/v2\/pages\/983","targetHints":{"allow":["GET"]}}],"collection":[{"href":"https:\/\/www.1healthymind.com\/sq\/wp-json\/wp\/v2\/pages"}],"about":[{"href":"https:\/\/www.1healthymind.com\/sq\/wp-json\/wp\/v2\/types\/page"}],"author":[{"embeddable":true,"href":"https:\/\/www.1healthymind.com\/sq\/wp-json\/wp\/v2\/users\/1"}],"replies":[{"embeddable":true,"href":"https:\/\/www.1healthymind.com\/sq\/wp-json\/wp\/v2\/comments?post=983"}],"version-history":[{"count":2,"href":"https:\/\/www.1healthymind.com\/sq\/wp-json\/wp\/v2\/pages\/983\/revisions"}],"predecessor-version":[{"id":986,"href":"https:\/\/www.1healthymind.com\/sq\/wp-json\/wp\/v2\/pages\/983\/revisions\/986"}],"wp:attachment":[{"href":"https:\/\/www.1healthymind.com\/sq\/wp-json\/wp\/v2\/media?parent=983"}],"curies":[{"name":"wp","href":"https:\/\/api.w.org\/{rel}","templated":true}]}}