{"id":962,"date":"2024-08-15T08:43:51","date_gmt":"2024-08-15T08:43:51","guid":{"rendered":"https:\/\/www.empowerwebdesign.com.au\/demo\/1healthymind\/?page_id=962"},"modified":"2024-08-19T10:55:53","modified_gmt":"2024-08-19T10:55:53","slug":"psychotherapy","status":"publish","type":"page","link":"https:\/\/www.1healthymind.com\/sq\/psychotherapy\/","title":{"rendered":"Psikoterapi"},"content":{"rendered":"<div class=\"wpb-content-wrapper\"><div data-vc-full-width=\"true\" data-vc-full-width-temp=\"true\" data-vc-full-width-init=\"false\" class=\"vc_row wpb_row vc_row-fluid page_header_wrap\"><div class=\"wpb_column vc_column_container vc_col-sm-12\"><div class=\"vc_column-inner\"><div class=\"wpb_wrapper\"><div class=\"vc_row wpb_row vc_inner vc_row-fluid\"><div class=\"wpb_column vc_column_container vc_col-sm-8\"><div class=\"vc_column-inner\"><div class=\"wpb_wrapper\">\n\t<div class=\"wpb_text_column wpb_content_element\" >\n\t\t<div class=\"wpb_wrapper\">\n\t\t\t<h1>Psikoterapi<\/h1>\n\n\t\t<\/div>\n\t<\/div>\n<\/div><\/div><\/div><div class=\"wpb_column vc_column_container vc_col-sm-4\"><div class=\"vc_column-inner\"><div class=\"wpb_wrapper\"><\/div><\/div><\/div><\/div><\/div><\/div><\/div><\/div><div class=\"vc_row-full-width vc_clearfix\"><\/div><div class=\"vc_row wpb_row vc_row-fluid buffer_small\"><div class=\"wpb_column vc_column_container vc_col-sm-12\"><div class=\"vc_column-inner\"><div class=\"wpb_wrapper\"><div class=\"vc_row wpb_row vc_inner vc_row-fluid\"><div class=\"info_section_left wpb_column vc_column_container vc_col-sm-8\"><div class=\"vc_column-inner\"><div class=\"wpb_wrapper\">\n\t<div class=\"wpb_text_column wpb_content_element\" >\n\t\t<div class=\"wpb_wrapper\">\n\t\t\t<p><strong>Kuptimi i Psikoterapis\u00eb<\/strong><\/p>\n<p>Psikoterapia, e njohur shpesh si terapi me t\u00eb folur, \u00ebsht\u00eb nj\u00eb proces trajtimi bashk\u00ebpunues i projektuar p\u00ebr t\u00eb ndihmuar individ\u00ebt t\u00eb kuptojn\u00eb dhe menaxhojn\u00eb problemet emocionale, psikologjike dhe t\u00eb sjelljes. Ajo p\u00ebrfshin eksplorimin e mendimeve, ndjenjave dhe sjelljeve p\u00ebr t\u00eb p\u00ebrmir\u00ebsuar sh\u00ebndetin mendor dhe mir\u00ebqenien e p\u00ebrgjithshme.<\/p>\n<p><b>Simptoma t\u00eb zakonshme q\u00eb trajtohen n\u00eb psikoterapi:<\/b><\/p>\n<ul>\n<li>Trishtim ose ankth i vazhduesh\u00ebm<\/li>\n<li>V\u00ebshtir\u00ebsi n\u00eb menaxhimin e stresit ose p\u00ebrgjigjeve emocionale<\/li>\n<li>Probleme n\u00eb marr\u00ebdh\u00ebnie<\/li>\n<li>Vet\u00ebvler\u00ebsim i ul\u00ebt ose probleme me vet\u00ebvler\u00ebsimin<\/li>\n<li>V\u00ebshtir\u00ebsi n\u00eb vendimmarrje ose zgjidhjen e problemeve<\/li>\n<li>Trauma t\u00eb pazgjidhura ose p\u00ebrvoja t\u00eb kaluara<\/li>\n<li>Probleme sjelljeje ose mekanizma t\u00eb pash\u00ebndetsh\u00ebm p\u00ebrballimi<\/li>\n<\/ul>\n<p><b>N\u00eb seancat tona, ne p\u00ebrdorim nj\u00eb gam\u00eb t\u00eb gjer\u00eb mjetesh t\u00eb Terapis\u00eb Kognitive t\u00eb Sjelljes (CBT), duke p\u00ebrfshir\u00eb:<\/b><\/p>\n<ul>\n<li><b> <\/b><b>Ristrukturimi njoh\u00ebs:<\/b> Identifikimi dhe sfidimi i modeleve negative t\u00eb t\u00eb menduarit p\u00ebr t\u00eb p\u00ebrmir\u00ebsuar p\u00ebrgjigjet emocionale.<\/li>\n<li><b> <\/b><b>Aktivizimi i sjelljes:<\/b> Inkurajimi i angazhimit n\u00eb aktivitete q\u00eb nxisin mir\u00ebqenien dhe zvog\u00eblojn\u00eb simptomat.<\/li>\n<li><b> <\/b><b>Aft\u00ebsi p\u00ebr Zgjidhjen e Problemeve:<\/b> Zhvillimi i strategjive p\u00ebr t\u00eb adresuar dhe menaxhuar n\u00eb m\u00ebnyr\u00eb efektive sfidat e jet\u00ebs.<\/li>\n<li><b> <\/b><b>Teknikat e vet\u00ebdijes dhe relaksimit:<\/b> Praktika p\u00ebr t\u00eb rritur vet\u00ebdijen dhe p\u00ebr t\u00eb zvog\u00ebluar stresin.<\/li>\n<\/ul>\n<p>Ne ofrojm\u00eb nj\u00eb mjedis mb\u00ebshtet\u00ebs dhe empatik ku mund t\u00eb shqyrtoni shqet\u00ebsimet tuaja, t\u00eb zhvilloni strategji p\u00ebrballimi dhe t\u00eb punoni drejt arritjes s\u00eb rritjes personale dhe q\u00ebndrueshm\u00ebris\u00eb emocionale.<\/p>\n\n\t\t<\/div>\n\t<\/div>\n<\/div><\/div><\/div><div class=\"services_sidebar wpb_column vc_column_container vc_col-sm-4\"><div class=\"vc_column-inner\"><div class=\"wpb_wrapper\"><div  class=\"wpb_widgetised_column wpb_content_element\">\n\t\t<div class=\"wpb_wrapper\">\n\t\t\t<h2 class=\"wpb_heading wpb_widgetised_column_heading\">Sh\u00ebrbimet<\/h2>\n\t\t\t<div id=\"sidebar_widget\" class=\"two\"><div class=\"menu-services-menu-container\"><ul id=\"menu-services-menu\" class=\"menu\"><li id=\"menu-item-970\" class=\"menu-item menu-item-type-post_type menu-item-object-page menu-item-970\"><a href=\"https:\/\/www.1healthymind.com\/sq\/obsessive-compulsive-disorder-ocd\/\">\u00c7rregullimi obsesiv-kompulsiv (OCD)<\/a><\/li>\n<li id=\"menu-item-967\" class=\"menu-item menu-item-type-post_type menu-item-object-page menu-item-967\"><a href=\"https:\/\/www.1healthymind.com\/sq\/anxiety\/\">Ankthi<\/a><\/li>\n<li id=\"menu-item-961\" class=\"menu-item menu-item-type-post_type menu-item-object-page menu-item-961\"><a href=\"https:\/\/www.1healthymind.com\/sq\/depression\/\">Depresioni<\/a><\/li>\n<li id=\"menu-item-973\" class=\"menu-item menu-item-type-post_type menu-item-object-page menu-item-973\"><a href=\"https:\/\/www.1healthymind.com\/sq\/panic-disorder\/\">\u00c7rregullim paniku<\/a><\/li>\n<li id=\"menu-item-958\" class=\"menu-item menu-item-type-post_type menu-item-object-page menu-item-958\"><a href=\"https:\/\/www.1healthymind.com\/sq\/post-traumatic-stress-disorder-ptsd\/\">\u00c7rregullimi i Stresit Post-traumatik (PTSD)<\/a><\/li>\n<li id=\"menu-item-964\" class=\"menu-item menu-item-type-post_type menu-item-object-page menu-item-964\"><a href=\"https:\/\/www.1healthymind.com\/sq\/psychotherapy\/\">Psikoterapi<\/a><\/li>\n<li id=\"menu-item-1077\" class=\"menu-item menu-item-type-post_type menu-item-object-page menu-item-1077\"><a href=\"https:\/\/www.1healthymind.com\/sq\/couple-therapy\/\">Terapi n\u00eb \u00e7ift<\/a><\/li>\n<li id=\"menu-item-1076\" class=\"menu-item menu-item-type-post_type menu-item-object-page menu-item-1076\"><a href=\"https:\/\/www.1healthymind.com\/sq\/social-anxiety\/\">Ankthi Social<\/a><\/li>\n<li id=\"menu-item-947\" class=\"menu-item menu-item-type-post_type menu-item-object-page menu-item-947\"><a href=\"https:\/\/www.1healthymind.com\/sq\/agoraphobia\/\">Agorafobi<\/a><\/li>\n<li id=\"menu-item-955\" class=\"menu-item menu-item-type-post_type menu-item-object-page menu-item-955\"><a href=\"https:\/\/www.1healthymind.com\/sq\/grief-and-loss\/\">Zi dhe Humbje<\/a><\/li>\n<\/ul><\/div><\/div>\n\t\t<\/div>\n\t<\/div>\n<\/div><\/div><\/div><\/div><\/div><\/div><\/div><\/div>\n<\/div>","protected":false},"excerpt":{"rendered":"Psychotherapy Understanding Psychotherapy Psychotherapy, often referred to as talk therapy, is a collaborative treatment process designed to help individuals understand and manage emotional, psychological, and behavioral issues. It involves exploring thoughts, feelings, and behaviors to improve mental health and overall well-being. Common Symptoms Addressed in Psychotherapy: Persistent sadness or anxiety Difficulty managing stress or emotional [...]","protected":false},"author":1,"featured_media":0,"parent":0,"menu_order":0,"comment_status":"closed","ping_status":"closed","template":"","meta":{"footnotes":""},"class_list":["post-962","page","type-page","status-publish","hentry"],"yoast_head":"<!-- This site is optimized with the Yoast SEO plugin v27.5 - https:\/\/yoast.com\/product\/yoast-seo-wordpress\/ -->\n<title>Psychotherapy - 1Healthy Mind<\/title>\n<meta name=\"robots\" content=\"index, follow, max-snippet:-1, max-image-preview:large, max-video-preview:-1\" \/>\n<link rel=\"canonical\" href=\"https:\/\/www.1healthymind.com\/sq\/psychotherapy\/\" \/>\n<meta property=\"og:locale\" content=\"sq_AL\" \/>\n<meta property=\"og:type\" content=\"article\" \/>\n<meta property=\"og:title\" content=\"Psychotherapy - 1Healthy Mind\" \/>\n<meta property=\"og:url\" content=\"https:\/\/www.1healthymind.com\/sq\/psychotherapy\/\" \/>\n<meta property=\"og:site_name\" content=\"1Healthy Mind\" \/>\n<meta property=\"article:modified_time\" content=\"2024-08-19T10:55:53+00:00\" \/>\n<meta name=\"twitter:card\" content=\"summary_large_image\" \/>\n<meta name=\"twitter:label1\" content=\"Est. reading time\" \/>\n\t<meta name=\"twitter:data1\" content=\"2 minuta\" \/>\n<script type=\"application\/ld+json\" class=\"yoast-schema-graph\">{\"@context\":\"https:\\\/\\\/schema.org\",\"@graph\":[{\"@type\":\"WebPage\",\"@id\":\"https:\\\/\\\/www.1healthymind.com\\\/psychotherapy\\\/\",\"url\":\"https:\\\/\\\/www.1healthymind.com\\\/psychotherapy\\\/\",\"name\":\"Psychotherapy - 1Healthy Mind\",\"isPartOf\":{\"@id\":\"https:\\\/\\\/www.1healthymind.com\\\/#website\"},\"datePublished\":\"2024-08-15T08:43:51+00:00\",\"dateModified\":\"2024-08-19T10:55:53+00:00\",\"breadcrumb\":{\"@id\":\"https:\\\/\\\/www.1healthymind.com\\\/psychotherapy\\\/#breadcrumb\"},\"inLanguage\":\"sq\",\"potentialAction\":[{\"@type\":\"ReadAction\",\"target\":[\"https:\\\/\\\/www.1healthymind.com\\\/psychotherapy\\\/\"]}]},{\"@type\":\"BreadcrumbList\",\"@id\":\"https:\\\/\\\/www.1healthymind.com\\\/psychotherapy\\\/#breadcrumb\",\"itemListElement\":[{\"@type\":\"ListItem\",\"position\":1,\"name\":\"Home\",\"item\":\"https:\\\/\\\/www.1healthymind.com\\\/\"},{\"@type\":\"ListItem\",\"position\":2,\"name\":\"Psychotherapy\"}]},{\"@type\":\"WebSite\",\"@id\":\"https:\\\/\\\/www.1healthymind.com\\\/#website\",\"url\":\"https:\\\/\\\/www.1healthymind.com\\\/\",\"name\":\"1Healthy Mind\",\"description\":\"1Healthy Mind\",\"potentialAction\":[{\"@type\":\"SearchAction\",\"target\":{\"@type\":\"EntryPoint\",\"urlTemplate\":\"https:\\\/\\\/www.1healthymind.com\\\/?s={search_term_string}\"},\"query-input\":{\"@type\":\"PropertyValueSpecification\",\"valueRequired\":true,\"valueName\":\"search_term_string\"}}],\"inLanguage\":\"sq\"}]}<\/script>\n<!-- \/ Yoast SEO plugin. -->","yoast_head_json":{"title":"Psikoterapia - 1Mendje e Sh\u00ebndetshme","robots":{"index":"index","follow":"follow","max-snippet":"max-snippet:-1","max-image-preview":"max-image-preview:large","max-video-preview":"max-video-preview:-1"},"canonical":"https:\/\/www.1healthymind.com\/sq\/psychotherapy\/","og_locale":"sq_AL","og_type":"article","og_title":"Psychotherapy - 1Healthy Mind","og_url":"https:\/\/www.1healthymind.com\/sq\/psychotherapy\/","og_site_name":"1Healthy Mind","article_modified_time":"2024-08-19T10:55:53+00:00","twitter_card":"summary_large_image","twitter_misc":{"Est. reading time":"2 minuta"},"schema":{"@context":"https:\/\/schema.org","@graph":[{"@type":"WebPage","@id":"https:\/\/www.1healthymind.com\/psychotherapy\/","url":"https:\/\/www.1healthymind.com\/psychotherapy\/","name":"Psikoterapia - 1Mendje e Sh\u00ebndetshme","isPartOf":{"@id":"https:\/\/www.1healthymind.com\/#website"},"datePublished":"2024-08-15T08:43:51+00:00","dateModified":"2024-08-19T10:55:53+00:00","breadcrumb":{"@id":"https:\/\/www.1healthymind.com\/psychotherapy\/#breadcrumb"},"inLanguage":"sq","potentialAction":[{"@type":"ReadAction","target":["https:\/\/www.1healthymind.com\/psychotherapy\/"]}]},{"@type":"BreadcrumbList","@id":"https:\/\/www.1healthymind.com\/psychotherapy\/#breadcrumb","itemListElement":[{"@type":"ListItem","position":1,"name":"Home","item":"https:\/\/www.1healthymind.com\/"},{"@type":"ListItem","position":2,"name":"Psychotherapy"}]},{"@type":"WebSite","@id":"https:\/\/www.1healthymind.com\/#website","url":"https:\/\/www.1healthymind.com\/","name":"1 Mendje e Sh\u00ebndetshme","description":"1 Mendje e Sh\u00ebndetshme","potentialAction":[{"@type":"SearchAction","target":{"@type":"EntryPoint","urlTemplate":"https:\/\/www.1healthymind.com\/?s={search_term_string}"},"query-input":{"@type":"PropertyValueSpecification","valueRequired":true,"valueName":"search_term_string"}}],"inLanguage":"sq"}]}},"_links":{"self":[{"href":"https:\/\/www.1healthymind.com\/sq\/wp-json\/wp\/v2\/pages\/962","targetHints":{"allow":["GET"]}}],"collection":[{"href":"https:\/\/www.1healthymind.com\/sq\/wp-json\/wp\/v2\/pages"}],"about":[{"href":"https:\/\/www.1healthymind.com\/sq\/wp-json\/wp\/v2\/types\/page"}],"author":[{"embeddable":true,"href":"https:\/\/www.1healthymind.com\/sq\/wp-json\/wp\/v2\/users\/1"}],"replies":[{"embeddable":true,"href":"https:\/\/www.1healthymind.com\/sq\/wp-json\/wp\/v2\/comments?post=962"}],"version-history":[{"count":2,"href":"https:\/\/www.1healthymind.com\/sq\/wp-json\/wp\/v2\/pages\/962\/revisions"}],"predecessor-version":[{"id":1081,"href":"https:\/\/www.1healthymind.com\/sq\/wp-json\/wp\/v2\/pages\/962\/revisions\/1081"}],"wp:attachment":[{"href":"https:\/\/www.1healthymind.com\/sq\/wp-json\/wp\/v2\/media?parent=962"}],"curies":[{"name":"wp","href":"https:\/\/api.w.org\/{rel}","templated":true}]}}