{"id":959,"date":"2024-08-15T08:42:46","date_gmt":"2024-08-15T08:42:46","guid":{"rendered":"https:\/\/www.empowerwebdesign.com.au\/demo\/1healthymind\/?page_id=959"},"modified":"2024-08-19T10:53:48","modified_gmt":"2024-08-19T10:53:48","slug":"depression","status":"publish","type":"page","link":"https:\/\/www.1healthymind.com\/sq\/depression\/","title":{"rendered":"Depresioni"},"content":{"rendered":"<div class=\"wpb-content-wrapper\"><div data-vc-full-width=\"true\" data-vc-full-width-temp=\"true\" data-vc-full-width-init=\"false\" class=\"vc_row wpb_row vc_row-fluid page_header_wrap\"><div class=\"wpb_column vc_column_container vc_col-sm-12\"><div class=\"vc_column-inner\"><div class=\"wpb_wrapper\"><div class=\"vc_row wpb_row vc_inner vc_row-fluid\"><div class=\"wpb_column vc_column_container vc_col-sm-8\"><div class=\"vc_column-inner\"><div class=\"wpb_wrapper\">\n\t<div class=\"wpb_text_column wpb_content_element\" >\n\t\t<div class=\"wpb_wrapper\">\n\t\t\t<h1>Depresioni<\/h1>\n\n\t\t<\/div>\n\t<\/div>\n<\/div><\/div><\/div><div class=\"wpb_column vc_column_container vc_col-sm-4\"><div class=\"vc_column-inner\"><div class=\"wpb_wrapper\"><\/div><\/div><\/div><\/div><\/div><\/div><\/div><\/div><div class=\"vc_row-full-width vc_clearfix\"><\/div><div class=\"vc_row wpb_row vc_row-fluid buffer_small\"><div class=\"wpb_column vc_column_container vc_col-sm-12\"><div class=\"vc_column-inner\"><div class=\"wpb_wrapper\"><div class=\"vc_row wpb_row vc_inner vc_row-fluid\"><div class=\"info_section_left wpb_column vc_column_container vc_col-sm-8\"><div class=\"vc_column-inner\"><div class=\"wpb_wrapper\">\n\t<div class=\"wpb_text_column wpb_content_element\" >\n\t\t<div class=\"wpb_wrapper\">\n\t\t\t<p>Depresioni \u00ebsht\u00eb nj\u00eb \u00e7rregullim i humorit q\u00eb karakterizohet nga ndjenja t\u00eb vazhdueshme trishtimi, pashprese dhe munges\u00eb interesi ose k\u00ebnaq\u00ebsie n\u00eb aktivitetet e p\u00ebrditshme. Mund t\u00eb ndikoj\u00eb n\u00eb aft\u00ebsin\u00eb tuaj p\u00ebr t\u00eb funksionuar dhe t\u00eb ndikoj\u00eb ndjesh\u00ebm n\u00eb cil\u00ebsin\u00eb e p\u00ebrgjithshme t\u00eb jet\u00ebs suaj.<\/p>\n<p><b>Simptomat e zakonshme t\u00eb depresionit:<\/b><\/p>\n<ul>\n<li>Trishtim ose boshll\u00ebk i vazhduesh\u00ebm<\/li>\n<li>Humbje interesi n\u00eb aktivitetet q\u00eb dikur i shijonit<\/li>\n<li>Ndryshime n\u00eb modelet e gjumit (pagjum\u00ebsia ose gjumi i tep\u00ebrt)<\/li>\n<li>Ndryshime n\u00eb oreks ose pesh\u00eb<\/li>\n<li>Lodhje ose munges\u00eb energjie<\/li>\n<li>V\u00ebshtir\u00ebsi n\u00eb p\u00ebrqendrim ose n\u00eb marrjen e vendimeve<\/li>\n<li>Ndjenja pavlefshm\u00ebrie ose faji i tep\u00ebrt<\/li>\n<li>Mendime p\u00ebr vdekje ose vet\u00ebvrasje<\/li>\n<\/ul>\n<p><b>N\u00eb seancat tona, ne p\u00ebrdorim mjete t\u00eb Terapis\u00eb Kognitive t\u00eb Sjelljes (CBT), duke p\u00ebrfshir\u00eb:<\/b><\/p>\n<ul>\n<li><b> <\/b><b>Ristrukturimi njoh\u00ebs:<\/b> Identifikimi dhe ndryshimi i modeleve negative t\u00eb t\u00eb menduarit q\u00eb kontribuojn\u00eb n\u00eb depresion.<\/li>\n<li><b> <\/b><b>Aktivizimi i sjelljes:<\/b> Inkurajimi i angazhimit n\u00eb aktivitete q\u00eb p\u00ebrmir\u00ebsojn\u00eb humorin dhe rrisin ndjenj\u00ebn e arritjes.<\/li>\n<li><b> <\/b><b>Teknikat e Zgjidhjes s\u00eb Problemeve:<\/b> Zhvillimi i strategjive p\u00ebr t\u00eb adresuar dhe menaxhuar n\u00eb m\u00ebnyr\u00eb efektive sfidat e p\u00ebrditshme.<\/li>\n<\/ul>\n<p>Ne ofrojm\u00eb nj\u00eb qasje t\u00eb dhembshur dhe t\u00eb strukturuar p\u00ebr t&#039;ju ndihmuar t\u00eb kuptoni dhe menaxhoni depresionin tuaj, t\u00eb zhvilloni aft\u00ebsi p\u00ebrballuese dhe t\u00eb punoni drejt nj\u00eb jete m\u00eb t\u00eb p\u00ebrmbushur dhe t\u00eb ekuilibruar.<\/p>\n\n\t\t<\/div>\n\t<\/div>\n<\/div><\/div><\/div><div class=\"services_sidebar wpb_column vc_column_container vc_col-sm-4\"><div class=\"vc_column-inner\"><div class=\"wpb_wrapper\"><div  class=\"wpb_widgetised_column wpb_content_element\">\n\t\t<div class=\"wpb_wrapper\">\n\t\t\t<h2 class=\"wpb_heading wpb_widgetised_column_heading\">Sh\u00ebrbimet<\/h2>\n\t\t\t<div id=\"sidebar_widget\" class=\"two\"><div class=\"menu-services-menu-container\"><ul id=\"menu-services-menu\" class=\"menu\"><li id=\"menu-item-970\" class=\"menu-item menu-item-type-post_type menu-item-object-page menu-item-970\"><a href=\"https:\/\/www.1healthymind.com\/sq\/obsessive-compulsive-disorder-ocd\/\">\u00c7rregullimi obsesiv-kompulsiv (OCD)<\/a><\/li>\n<li id=\"menu-item-967\" class=\"menu-item menu-item-type-post_type menu-item-object-page menu-item-967\"><a href=\"https:\/\/www.1healthymind.com\/sq\/anxiety\/\">Ankthi<\/a><\/li>\n<li id=\"menu-item-961\" class=\"menu-item menu-item-type-post_type menu-item-object-page menu-item-961\"><a href=\"https:\/\/www.1healthymind.com\/sq\/depression\/\">Depresioni<\/a><\/li>\n<li id=\"menu-item-973\" class=\"menu-item menu-item-type-post_type menu-item-object-page menu-item-973\"><a href=\"https:\/\/www.1healthymind.com\/sq\/panic-disorder\/\">\u00c7rregullim paniku<\/a><\/li>\n<li id=\"menu-item-958\" class=\"menu-item menu-item-type-post_type menu-item-object-page menu-item-958\"><a href=\"https:\/\/www.1healthymind.com\/sq\/post-traumatic-stress-disorder-ptsd\/\">\u00c7rregullimi i Stresit Post-traumatik (PTSD)<\/a><\/li>\n<li id=\"menu-item-964\" class=\"menu-item menu-item-type-post_type menu-item-object-page menu-item-964\"><a href=\"https:\/\/www.1healthymind.com\/sq\/psychotherapy\/\">Psikoterapi<\/a><\/li>\n<li id=\"menu-item-1077\" class=\"menu-item menu-item-type-post_type menu-item-object-page menu-item-1077\"><a href=\"https:\/\/www.1healthymind.com\/sq\/couple-therapy\/\">Terapi n\u00eb \u00e7ift<\/a><\/li>\n<li id=\"menu-item-1076\" class=\"menu-item menu-item-type-post_type menu-item-object-page menu-item-1076\"><a href=\"https:\/\/www.1healthymind.com\/sq\/social-anxiety\/\">Ankthi Social<\/a><\/li>\n<li id=\"menu-item-947\" class=\"menu-item menu-item-type-post_type menu-item-object-page menu-item-947\"><a href=\"https:\/\/www.1healthymind.com\/sq\/agoraphobia\/\">Agorafobi<\/a><\/li>\n<li id=\"menu-item-955\" class=\"menu-item menu-item-type-post_type menu-item-object-page menu-item-955\"><a href=\"https:\/\/www.1healthymind.com\/sq\/grief-and-loss\/\">Zi dhe Humbje<\/a><\/li>\n<\/ul><\/div><\/div>\n\t\t<\/div>\n\t<\/div>\n<\/div><\/div><\/div><\/div><\/div><\/div><\/div><\/div>\n<\/div>","protected":false},"excerpt":{"rendered":"Depression Depression is a mood disorder characterized by persistent feelings of sadness, hopelessness, and a lack of interest or pleasure in daily activities. It can impact your ability to function and significantly affect your overall quality of life. Common Symptoms of Depression: Persistent sadness or emptiness Loss of interest in activities once enjoyed Changes in [...]","protected":false},"author":1,"featured_media":0,"parent":0,"menu_order":0,"comment_status":"closed","ping_status":"closed","template":"","meta":{"footnotes":""},"class_list":["post-959","page","type-page","status-publish","hentry"],"yoast_head":"<!-- This site is optimized with the Yoast SEO plugin v27.5 - https:\/\/yoast.com\/product\/yoast-seo-wordpress\/ -->\n<title>Depression - 1Healthy Mind<\/title>\n<meta name=\"robots\" content=\"index, follow, max-snippet:-1, max-image-preview:large, max-video-preview:-1\" \/>\n<link rel=\"canonical\" href=\"https:\/\/www.1healthymind.com\/sq\/depression\/\" \/>\n<meta property=\"og:locale\" content=\"sq_AL\" \/>\n<meta property=\"og:type\" content=\"article\" \/>\n<meta property=\"og:title\" content=\"Depression - 1Healthy Mind\" \/>\n<meta property=\"og:url\" content=\"https:\/\/www.1healthymind.com\/sq\/depression\/\" \/>\n<meta property=\"og:site_name\" content=\"1Healthy Mind\" \/>\n<meta property=\"article:modified_time\" content=\"2024-08-19T10:53:48+00:00\" \/>\n<meta name=\"twitter:card\" content=\"summary_large_image\" \/>\n<meta name=\"twitter:label1\" content=\"Est. reading time\" \/>\n\t<meta name=\"twitter:data1\" content=\"2 minuta\" \/>\n<script type=\"application\/ld+json\" class=\"yoast-schema-graph\">{\"@context\":\"https:\\\/\\\/schema.org\",\"@graph\":[{\"@type\":\"WebPage\",\"@id\":\"https:\\\/\\\/www.1healthymind.com\\\/depression\\\/\",\"url\":\"https:\\\/\\\/www.1healthymind.com\\\/depression\\\/\",\"name\":\"Depression - 1Healthy Mind\",\"isPartOf\":{\"@id\":\"https:\\\/\\\/www.1healthymind.com\\\/#website\"},\"datePublished\":\"2024-08-15T08:42:46+00:00\",\"dateModified\":\"2024-08-19T10:53:48+00:00\",\"breadcrumb\":{\"@id\":\"https:\\\/\\\/www.1healthymind.com\\\/depression\\\/#breadcrumb\"},\"inLanguage\":\"sq\",\"potentialAction\":[{\"@type\":\"ReadAction\",\"target\":[\"https:\\\/\\\/www.1healthymind.com\\\/depression\\\/\"]}]},{\"@type\":\"BreadcrumbList\",\"@id\":\"https:\\\/\\\/www.1healthymind.com\\\/depression\\\/#breadcrumb\",\"itemListElement\":[{\"@type\":\"ListItem\",\"position\":1,\"name\":\"Home\",\"item\":\"https:\\\/\\\/www.1healthymind.com\\\/\"},{\"@type\":\"ListItem\",\"position\":2,\"name\":\"Depression\"}]},{\"@type\":\"WebSite\",\"@id\":\"https:\\\/\\\/www.1healthymind.com\\\/#website\",\"url\":\"https:\\\/\\\/www.1healthymind.com\\\/\",\"name\":\"1Healthy Mind\",\"description\":\"1Healthy Mind\",\"potentialAction\":[{\"@type\":\"SearchAction\",\"target\":{\"@type\":\"EntryPoint\",\"urlTemplate\":\"https:\\\/\\\/www.1healthymind.com\\\/?s={search_term_string}\"},\"query-input\":{\"@type\":\"PropertyValueSpecification\",\"valueRequired\":true,\"valueName\":\"search_term_string\"}}],\"inLanguage\":\"sq\"}]}<\/script>\n<!-- \/ Yoast SEO plugin. -->","yoast_head_json":{"title":"Depresioni - 1Mendje e Sh\u00ebndetshme","robots":{"index":"index","follow":"follow","max-snippet":"max-snippet:-1","max-image-preview":"max-image-preview:large","max-video-preview":"max-video-preview:-1"},"canonical":"https:\/\/www.1healthymind.com\/sq\/depression\/","og_locale":"sq_AL","og_type":"article","og_title":"Depression - 1Healthy Mind","og_url":"https:\/\/www.1healthymind.com\/sq\/depression\/","og_site_name":"1Healthy Mind","article_modified_time":"2024-08-19T10:53:48+00:00","twitter_card":"summary_large_image","twitter_misc":{"Est. reading time":"2 minuta"},"schema":{"@context":"https:\/\/schema.org","@graph":[{"@type":"WebPage","@id":"https:\/\/www.1healthymind.com\/depression\/","url":"https:\/\/www.1healthymind.com\/depression\/","name":"Depresioni - 1Mendje e Sh\u00ebndetshme","isPartOf":{"@id":"https:\/\/www.1healthymind.com\/#website"},"datePublished":"2024-08-15T08:42:46+00:00","dateModified":"2024-08-19T10:53:48+00:00","breadcrumb":{"@id":"https:\/\/www.1healthymind.com\/depression\/#breadcrumb"},"inLanguage":"sq","potentialAction":[{"@type":"ReadAction","target":["https:\/\/www.1healthymind.com\/depression\/"]}]},{"@type":"BreadcrumbList","@id":"https:\/\/www.1healthymind.com\/depression\/#breadcrumb","itemListElement":[{"@type":"ListItem","position":1,"name":"Home","item":"https:\/\/www.1healthymind.com\/"},{"@type":"ListItem","position":2,"name":"Depression"}]},{"@type":"WebSite","@id":"https:\/\/www.1healthymind.com\/#website","url":"https:\/\/www.1healthymind.com\/","name":"1 Mendje e Sh\u00ebndetshme","description":"1 Mendje e Sh\u00ebndetshme","potentialAction":[{"@type":"SearchAction","target":{"@type":"EntryPoint","urlTemplate":"https:\/\/www.1healthymind.com\/?s={search_term_string}"},"query-input":{"@type":"PropertyValueSpecification","valueRequired":true,"valueName":"search_term_string"}}],"inLanguage":"sq"}]}},"_links":{"self":[{"href":"https:\/\/www.1healthymind.com\/sq\/wp-json\/wp\/v2\/pages\/959","targetHints":{"allow":["GET"]}}],"collection":[{"href":"https:\/\/www.1healthymind.com\/sq\/wp-json\/wp\/v2\/pages"}],"about":[{"href":"https:\/\/www.1healthymind.com\/sq\/wp-json\/wp\/v2\/types\/page"}],"author":[{"embeddable":true,"href":"https:\/\/www.1healthymind.com\/sq\/wp-json\/wp\/v2\/users\/1"}],"replies":[{"embeddable":true,"href":"https:\/\/www.1healthymind.com\/sq\/wp-json\/wp\/v2\/comments?post=959"}],"version-history":[{"count":2,"href":"https:\/\/www.1healthymind.com\/sq\/wp-json\/wp\/v2\/pages\/959\/revisions"}],"predecessor-version":[{"id":1078,"href":"https:\/\/www.1healthymind.com\/sq\/wp-json\/wp\/v2\/pages\/959\/revisions\/1078"}],"wp:attachment":[{"href":"https:\/\/www.1healthymind.com\/sq\/wp-json\/wp\/v2\/media?parent=959"}],"curies":[{"name":"wp","href":"https:\/\/api.w.org\/{rel}","templated":true}]}}