{"id":953,"date":"2024-08-15T08:28:44","date_gmt":"2024-08-15T08:28:44","guid":{"rendered":"https:\/\/www.empowerwebdesign.com.au\/demo\/1healthymind\/?page_id=953"},"modified":"2024-08-19T10:58:06","modified_gmt":"2024-08-19T10:58:06","slug":"grief-and-loss","status":"publish","type":"page","link":"https:\/\/www.1healthymind.com\/sq\/grief-and-loss\/","title":{"rendered":"Zi dhe Humbje"},"content":{"rendered":"<div class=\"wpb-content-wrapper\"><div data-vc-full-width=\"true\" data-vc-full-width-temp=\"true\" data-vc-full-width-init=\"false\" class=\"vc_row wpb_row vc_row-fluid page_header_wrap\"><div class=\"wpb_column vc_column_container vc_col-sm-12\"><div class=\"vc_column-inner\"><div class=\"wpb_wrapper\"><div class=\"vc_row wpb_row vc_inner vc_row-fluid\"><div class=\"wpb_column vc_column_container vc_col-sm-8\"><div class=\"vc_column-inner\"><div class=\"wpb_wrapper\">\n\t<div class=\"wpb_text_column wpb_content_element\" >\n\t\t<div class=\"wpb_wrapper\">\n\t\t\t<h1>Zi dhe Humbje<\/h1>\n\n\t\t<\/div>\n\t<\/div>\n<\/div><\/div><\/div><div class=\"wpb_column vc_column_container vc_col-sm-4\"><div class=\"vc_column-inner\"><div class=\"wpb_wrapper\"><\/div><\/div><\/div><\/div><\/div><\/div><\/div><\/div><div class=\"vc_row-full-width vc_clearfix\"><\/div><div class=\"vc_row wpb_row vc_row-fluid buffer_small\"><div class=\"wpb_column vc_column_container vc_col-sm-12\"><div class=\"vc_column-inner\"><div class=\"wpb_wrapper\"><div class=\"vc_row wpb_row vc_inner vc_row-fluid\"><div class=\"info_section_left wpb_column vc_column_container vc_col-sm-8\"><div class=\"vc_column-inner\"><div class=\"wpb_wrapper\">\n\t<div class=\"wpb_text_column wpb_content_element\" >\n\t\t<div class=\"wpb_wrapper\">\n\t\t\t<p>Zia dhe humbja jan\u00eb p\u00ebrgjigje t\u00eb natyrshme ndaj vdekjes s\u00eb nj\u00eb t\u00eb dashuri ose ndryshimeve t\u00eb tjera t\u00eb r\u00ebnd\u00ebsishme n\u00eb jet\u00eb. Ky proces emocional mund t\u00eb jet\u00eb i tep\u00ebrt dhe t\u00eb ndikoj\u00eb n\u00eb aspekte t\u00eb ndryshme t\u00eb jet\u00ebs, duke p\u00ebrfshir\u00eb sh\u00ebndetin mendor dhe fizik.<\/p>\n<p><b>Simptomat e zakonshme t\u00eb pik\u00ebllimit dhe humbjes:<\/b><\/p>\n<ul>\n<li>Trishtim i vazhduesh\u00ebm ose ndjenja boshll\u00ebku<\/li>\n<li>V\u00ebshtir\u00ebsi n\u00eb gjum\u00eb ose ndryshime n\u00eb modelet e gjumit<\/li>\n<li>Humbje e oreksit ose ndryshime n\u00eb zakonet e t\u00eb ngr\u00ebnit<\/li>\n<li>V\u00ebshtir\u00ebsi n\u00eb p\u00ebrqendrim ose n\u00eb marrjen e vendimeve<\/li>\n<li>Ndjenja faji ose keqardhjeje<\/li>\n<li>Mpirje ose shk\u00ebputje emocionale<\/li>\n<li>D\u00ebshir\u00eb ose mall i fort\u00eb p\u00ebr t\u00eb ndjerin<\/li>\n<li>Simptoma fizike si lodhja ose dhimbjet<\/li>\n<\/ul>\n<p><b>N\u00eb seancat tona, ne p\u00ebrdorim mjete t\u00eb Terapis\u00eb Kognitive t\u00eb Sjelljes (CBT), duke p\u00ebrfshir\u00eb:<\/b><\/p>\n<ul>\n<li><b> <\/b><b>Ristrukturimi njoh\u00ebs:<\/b> Identifikimi dhe sfidimi i mendimeve negative ose t\u00eb padobishme q\u00eb lidhen me humbjen dhe p\u00ebrshtatja e modeleve t\u00eb t\u00eb menduarit p\u00ebr t\u00eb mb\u00ebshtetur sh\u00ebrimin emocional.<\/li>\n<li><b> <\/b><b>Aktivizimi i sjelljes:<\/b> Inkurajimi i angazhimit n\u00eb aktivitete dhe rutina q\u00eb nxisin nj\u00eb ndjenj\u00eb normaliteti dhe lidhjeje.<\/li>\n<li><b> <\/b><b>Teknikat e P\u00ebrpunimit t\u00eb Pik\u00ebllimit:<\/b> Ju ndihmon t\u00eb lundroni n\u00eb fazat e pik\u00ebllimit dhe t\u00eb zhvilloni m\u00ebnyra t\u00eb sh\u00ebndetshme p\u00ebr t\u00eb p\u00ebrballuar dhe shprehur emocionet.<\/li>\n<li><b> <\/b><b>Strategjit\u00eb e vet\u00ebdijes dhe reduktimit t\u00eb stresit:<\/b> Teknika p\u00ebr t\u00eb menaxhuar stresin dhe dhimbjen emocionale n\u00eb m\u00ebnyr\u00eb efektive.<\/li>\n<\/ul>\n<p>Ne ofrojm\u00eb nj\u00eb mjedis t\u00eb dhembshur dhe mb\u00ebshtet\u00ebs p\u00ebr t&#039;ju ndihmuar t\u00eb p\u00ebrpunoni pik\u00ebllimin tuaj, t\u00eb zhvilloni strategji p\u00ebrballimi dhe t\u00eb gjeni m\u00ebnyra p\u00ebr t\u00eb ecur p\u00ebrpara duke nderuar dhe kujtuar humbjen tuaj.<\/p>\n\n\t\t<\/div>\n\t<\/div>\n<\/div><\/div><\/div><div class=\"services_sidebar wpb_column vc_column_container vc_col-sm-4\"><div class=\"vc_column-inner\"><div class=\"wpb_wrapper\"><div  class=\"wpb_widgetised_column wpb_content_element\">\n\t\t<div class=\"wpb_wrapper\">\n\t\t\t<h2 class=\"wpb_heading wpb_widgetised_column_heading\">Sh\u00ebrbimet<\/h2>\n\t\t\t<div id=\"sidebar_widget\" class=\"two\"><div class=\"menu-services-menu-container\"><ul id=\"menu-services-menu\" class=\"menu\"><li id=\"menu-item-970\" class=\"menu-item menu-item-type-post_type menu-item-object-page menu-item-970\"><a href=\"https:\/\/www.1healthymind.com\/sq\/obsessive-compulsive-disorder-ocd\/\">\u00c7rregullimi obsesiv-kompulsiv (OCD)<\/a><\/li>\n<li id=\"menu-item-967\" class=\"menu-item menu-item-type-post_type menu-item-object-page menu-item-967\"><a href=\"https:\/\/www.1healthymind.com\/sq\/anxiety\/\">Ankthi<\/a><\/li>\n<li id=\"menu-item-961\" class=\"menu-item menu-item-type-post_type menu-item-object-page menu-item-961\"><a href=\"https:\/\/www.1healthymind.com\/sq\/depression\/\">Depresioni<\/a><\/li>\n<li id=\"menu-item-973\" class=\"menu-item menu-item-type-post_type menu-item-object-page menu-item-973\"><a href=\"https:\/\/www.1healthymind.com\/sq\/panic-disorder\/\">\u00c7rregullim paniku<\/a><\/li>\n<li id=\"menu-item-958\" class=\"menu-item menu-item-type-post_type menu-item-object-page menu-item-958\"><a href=\"https:\/\/www.1healthymind.com\/sq\/post-traumatic-stress-disorder-ptsd\/\">\u00c7rregullimi i Stresit Post-traumatik (PTSD)<\/a><\/li>\n<li id=\"menu-item-964\" class=\"menu-item menu-item-type-post_type menu-item-object-page menu-item-964\"><a href=\"https:\/\/www.1healthymind.com\/sq\/psychotherapy\/\">Psikoterapi<\/a><\/li>\n<li id=\"menu-item-1077\" class=\"menu-item menu-item-type-post_type menu-item-object-page menu-item-1077\"><a href=\"https:\/\/www.1healthymind.com\/sq\/couple-therapy\/\">Terapi n\u00eb \u00e7ift<\/a><\/li>\n<li id=\"menu-item-1076\" class=\"menu-item menu-item-type-post_type menu-item-object-page menu-item-1076\"><a href=\"https:\/\/www.1healthymind.com\/sq\/social-anxiety\/\">Ankthi Social<\/a><\/li>\n<li id=\"menu-item-947\" class=\"menu-item menu-item-type-post_type menu-item-object-page menu-item-947\"><a href=\"https:\/\/www.1healthymind.com\/sq\/agoraphobia\/\">Agorafobi<\/a><\/li>\n<li id=\"menu-item-955\" class=\"menu-item menu-item-type-post_type menu-item-object-page menu-item-955\"><a href=\"https:\/\/www.1healthymind.com\/sq\/grief-and-loss\/\">Zi dhe Humbje<\/a><\/li>\n<\/ul><\/div><\/div>\n\t\t<\/div>\n\t<\/div>\n<\/div><\/div><\/div><\/div><\/div><\/div><\/div><\/div>\n<\/div>","protected":false},"excerpt":{"rendered":"Grief and Loss Grief and loss are natural responses to the death of a loved one or other significant life changes. This emotional process can be overwhelming and affect various aspects of life, including mental and physical health. Common Symptoms of Grief and Loss: Persistent sadness or feelings of emptiness Difficulty sleeping or changes in [...]","protected":false},"author":1,"featured_media":0,"parent":0,"menu_order":0,"comment_status":"closed","ping_status":"closed","template":"","meta":{"footnotes":""},"class_list":["post-953","page","type-page","status-publish","hentry"],"yoast_head":"<!-- This site is optimized with the Yoast SEO plugin v27.5 - https:\/\/yoast.com\/product\/yoast-seo-wordpress\/ -->\n<title>Grief and Loss - 1Healthy Mind<\/title>\n<meta name=\"robots\" content=\"index, follow, max-snippet:-1, max-image-preview:large, max-video-preview:-1\" \/>\n<link rel=\"canonical\" href=\"https:\/\/www.1healthymind.com\/sq\/grief-and-loss\/\" \/>\n<meta property=\"og:locale\" content=\"sq_AL\" \/>\n<meta property=\"og:type\" content=\"article\" \/>\n<meta property=\"og:title\" content=\"Grief and Loss - 1Healthy Mind\" \/>\n<meta property=\"og:url\" content=\"https:\/\/www.1healthymind.com\/sq\/grief-and-loss\/\" \/>\n<meta property=\"og:site_name\" content=\"1Healthy Mind\" \/>\n<meta property=\"article:modified_time\" content=\"2024-08-19T10:58:06+00:00\" \/>\n<meta name=\"twitter:card\" content=\"summary_large_image\" \/>\n<meta name=\"twitter:label1\" content=\"Est. reading time\" \/>\n\t<meta name=\"twitter:data1\" content=\"2 minuta\" \/>\n<script type=\"application\/ld+json\" class=\"yoast-schema-graph\">{\"@context\":\"https:\\\/\\\/schema.org\",\"@graph\":[{\"@type\":\"WebPage\",\"@id\":\"https:\\\/\\\/www.1healthymind.com\\\/grief-and-loss\\\/\",\"url\":\"https:\\\/\\\/www.1healthymind.com\\\/grief-and-loss\\\/\",\"name\":\"Grief and Loss - 1Healthy Mind\",\"isPartOf\":{\"@id\":\"https:\\\/\\\/www.1healthymind.com\\\/#website\"},\"datePublished\":\"2024-08-15T08:28:44+00:00\",\"dateModified\":\"2024-08-19T10:58:06+00:00\",\"breadcrumb\":{\"@id\":\"https:\\\/\\\/www.1healthymind.com\\\/grief-and-loss\\\/#breadcrumb\"},\"inLanguage\":\"sq\",\"potentialAction\":[{\"@type\":\"ReadAction\",\"target\":[\"https:\\\/\\\/www.1healthymind.com\\\/grief-and-loss\\\/\"]}]},{\"@type\":\"BreadcrumbList\",\"@id\":\"https:\\\/\\\/www.1healthymind.com\\\/grief-and-loss\\\/#breadcrumb\",\"itemListElement\":[{\"@type\":\"ListItem\",\"position\":1,\"name\":\"Home\",\"item\":\"https:\\\/\\\/www.1healthymind.com\\\/\"},{\"@type\":\"ListItem\",\"position\":2,\"name\":\"Grief and Loss\"}]},{\"@type\":\"WebSite\",\"@id\":\"https:\\\/\\\/www.1healthymind.com\\\/#website\",\"url\":\"https:\\\/\\\/www.1healthymind.com\\\/\",\"name\":\"1Healthy Mind\",\"description\":\"1Healthy Mind\",\"potentialAction\":[{\"@type\":\"SearchAction\",\"target\":{\"@type\":\"EntryPoint\",\"urlTemplate\":\"https:\\\/\\\/www.1healthymind.com\\\/?s={search_term_string}\"},\"query-input\":{\"@type\":\"PropertyValueSpecification\",\"valueRequired\":true,\"valueName\":\"search_term_string\"}}],\"inLanguage\":\"sq\"}]}<\/script>\n<!-- \/ Yoast SEO plugin. -->","yoast_head_json":{"title":"Zie dhe Humbje - 1Mendje e Sh\u00ebndetshme","robots":{"index":"index","follow":"follow","max-snippet":"max-snippet:-1","max-image-preview":"max-image-preview:large","max-video-preview":"max-video-preview:-1"},"canonical":"https:\/\/www.1healthymind.com\/sq\/grief-and-loss\/","og_locale":"sq_AL","og_type":"article","og_title":"Grief and Loss - 1Healthy Mind","og_url":"https:\/\/www.1healthymind.com\/sq\/grief-and-loss\/","og_site_name":"1Healthy Mind","article_modified_time":"2024-08-19T10:58:06+00:00","twitter_card":"summary_large_image","twitter_misc":{"Est. reading time":"2 minuta"},"schema":{"@context":"https:\/\/schema.org","@graph":[{"@type":"WebPage","@id":"https:\/\/www.1healthymind.com\/grief-and-loss\/","url":"https:\/\/www.1healthymind.com\/grief-and-loss\/","name":"Zie dhe Humbje - 1Mendje e Sh\u00ebndetshme","isPartOf":{"@id":"https:\/\/www.1healthymind.com\/#website"},"datePublished":"2024-08-15T08:28:44+00:00","dateModified":"2024-08-19T10:58:06+00:00","breadcrumb":{"@id":"https:\/\/www.1healthymind.com\/grief-and-loss\/#breadcrumb"},"inLanguage":"sq","potentialAction":[{"@type":"ReadAction","target":["https:\/\/www.1healthymind.com\/grief-and-loss\/"]}]},{"@type":"BreadcrumbList","@id":"https:\/\/www.1healthymind.com\/grief-and-loss\/#breadcrumb","itemListElement":[{"@type":"ListItem","position":1,"name":"Home","item":"https:\/\/www.1healthymind.com\/"},{"@type":"ListItem","position":2,"name":"Grief and Loss"}]},{"@type":"WebSite","@id":"https:\/\/www.1healthymind.com\/#website","url":"https:\/\/www.1healthymind.com\/","name":"1 Mendje e Sh\u00ebndetshme","description":"1 Mendje e Sh\u00ebndetshme","potentialAction":[{"@type":"SearchAction","target":{"@type":"EntryPoint","urlTemplate":"https:\/\/www.1healthymind.com\/?s={search_term_string}"},"query-input":{"@type":"PropertyValueSpecification","valueRequired":true,"valueName":"search_term_string"}}],"inLanguage":"sq"}]}},"_links":{"self":[{"href":"https:\/\/www.1healthymind.com\/sq\/wp-json\/wp\/v2\/pages\/953","targetHints":{"allow":["GET"]}}],"collection":[{"href":"https:\/\/www.1healthymind.com\/sq\/wp-json\/wp\/v2\/pages"}],"about":[{"href":"https:\/\/www.1healthymind.com\/sq\/wp-json\/wp\/v2\/types\/page"}],"author":[{"embeddable":true,"href":"https:\/\/www.1healthymind.com\/sq\/wp-json\/wp\/v2\/users\/1"}],"replies":[{"embeddable":true,"href":"https:\/\/www.1healthymind.com\/sq\/wp-json\/wp\/v2\/comments?post=953"}],"version-history":[{"count":2,"href":"https:\/\/www.1healthymind.com\/sq\/wp-json\/wp\/v2\/pages\/953\/revisions"}],"predecessor-version":[{"id":1085,"href":"https:\/\/www.1healthymind.com\/sq\/wp-json\/wp\/v2\/pages\/953\/revisions\/1085"}],"wp:attachment":[{"href":"https:\/\/www.1healthymind.com\/sq\/wp-json\/wp\/v2\/media?parent=953"}],"curies":[{"name":"wp","href":"https:\/\/api.w.org\/{rel}","templated":true}]}}