{"id":945,"date":"2024-08-15T08:10:47","date_gmt":"2024-08-15T08:10:47","guid":{"rendered":"https:\/\/www.empowerwebdesign.com.au\/demo\/1healthymind\/?page_id=945"},"modified":"2024-08-19T10:57:34","modified_gmt":"2024-08-19T10:57:34","slug":"agoraphobia","status":"publish","type":"page","link":"https:\/\/www.1healthymind.com\/sq\/agoraphobia\/","title":{"rendered":"Agorafobi"},"content":{"rendered":"<div class=\"wpb-content-wrapper\"><div data-vc-full-width=\"true\" data-vc-full-width-temp=\"true\" data-vc-full-width-init=\"false\" class=\"vc_row wpb_row vc_row-fluid page_header_wrap\"><div class=\"wpb_column vc_column_container vc_col-sm-12\"><div class=\"vc_column-inner\"><div class=\"wpb_wrapper\"><div class=\"vc_row wpb_row vc_inner vc_row-fluid\"><div class=\"wpb_column vc_column_container vc_col-sm-8\"><div class=\"vc_column-inner\"><div class=\"wpb_wrapper\">\n\t<div class=\"wpb_text_column wpb_content_element\" >\n\t\t<div class=\"wpb_wrapper\">\n\t\t\t<h1>Agorafobi<\/h1>\n\n\t\t<\/div>\n\t<\/div>\n<\/div><\/div><\/div><div class=\"wpb_column vc_column_container vc_col-sm-4\"><div class=\"vc_column-inner\"><div class=\"wpb_wrapper\"><\/div><\/div><\/div><\/div><\/div><\/div><\/div><\/div><div class=\"vc_row-full-width vc_clearfix\"><\/div><div class=\"vc_row wpb_row vc_row-fluid buffer_small\"><div class=\"wpb_column vc_column_container vc_col-sm-12\"><div class=\"vc_column-inner\"><div class=\"wpb_wrapper\"><div class=\"vc_row wpb_row vc_inner vc_row-fluid\"><div class=\"info_section_left wpb_column vc_column_container vc_col-sm-8\"><div class=\"vc_column-inner\"><div class=\"wpb_wrapper\">\n\t<div class=\"wpb_text_column wpb_content_element\" >\n\t\t<div class=\"wpb_wrapper\">\n\t\t\t<p>Agorafobia \u00ebsht\u00eb nj\u00eb \u00e7rregullim ankthi i karakterizuar nga nj\u00eb frik\u00eb intensive nga situata ose vende ku ikja mund t\u00eb jet\u00eb e v\u00ebshtir\u00eb ose ndihma mund t\u00eb mos jet\u00eb e disponueshme n\u00eb rast t\u00eb nj\u00eb sulmi paniku ose simptomave t\u00eb tjera shqet\u00ebsuese. Kjo frik\u00eb shpesh \u00e7on n\u00eb shmangien e vendeve ose situatave t\u00eb caktuara.<\/p>\n<p><b>Simptomat e zakonshme t\u00eb agorafobis\u00eb:<\/b><\/p>\n<ul>\n<li>Frika nga t\u00eb qenit n\u00eb vende t\u00eb mbushura me njer\u00ebz ose hap\u00ebsira t\u00eb hapura<\/li>\n<li>Shmangia e situatave t\u00eb tilla si transporti publik, qendrat tregtare ose t\u00eb qenit larg sht\u00ebpis\u00eb<\/li>\n<li>Ndjenja paniku ose ankthi kur p\u00ebrballen me k\u00ebto situata<\/li>\n<li>Simptoma fizike si marramendje, djersitje ose rrahje t\u00eb shpejta t\u00eb zemr\u00ebs kur ekspozohen ndaj vendeve t\u00eb frikshme<\/li>\n<li>Mb\u00ebshtetja te t\u00eb tjer\u00ebt p\u00ebr t&#039;ju shoq\u00ebruar n\u00eb vende t\u00eb frikshme<\/li>\n<\/ul>\n<p><b>N\u00eb seancat tona, ne p\u00ebrdorim mjete t\u00eb Terapis\u00eb Kognitive t\u00eb Sjelljes (CBT), duke p\u00ebrfshir\u00eb:<\/b><\/p>\n<ul>\n<li><b> <\/b><b>Terapia e Ekspozimit:<\/b> Ekspozim gradual dhe i kontrolluar ndaj situatave t\u00eb frikshme p\u00ebr t\u00eb zvog\u00ebluar shmangien dhe p\u00ebr t\u00eb nd\u00ebrtuar besim n\u00eb menaxhimin e ankthit.<\/li>\n<li><b> <\/b><b>Ristrukturimi njoh\u00ebs:<\/b> Identifikimi dhe sfidimi i bindjeve irracionale q\u00eb lidhen me situatat e frikshme p\u00ebr t\u00eb ndryshuar modelet e t\u00eb menduarit ankthplot\u00eb.<\/li>\n<li><b> <\/b><b>Teknikat e Menaxhimit t\u00eb Panikut:<\/b> Strategji p\u00ebr t\u00eb menaxhuar dhe zvog\u00ebluar simptomat e panikut q\u00eb mund t\u00eb shfaqen n\u00eb situata t\u00eb frikshme.<\/li>\n<li><b> <\/b><b>Aktivizimi i sjelljes:<\/b> Inkurajimi i angazhimit n\u00eb aktivitete dhe situata q\u00eb ndihmojn\u00eb n\u00eb uljen e sjelljeve shmang\u00ebse.<\/li>\n<\/ul>\n<p>Ne ofrojm\u00eb nj\u00eb qasje t\u00eb dhembshur dhe t\u00eb strukturuar p\u00ebr t&#039;ju ndihmuar t\u00eb kap\u00ebrceni agorafobin\u00eb, t\u00eb zhvilloni strategji efektive p\u00ebrballimi dhe t\u00eb rifitoni kontrollin mbi jet\u00ebn dhe aktivitetet tuaja t\u00eb p\u00ebrditshme.<\/p>\n\n\t\t<\/div>\n\t<\/div>\n<\/div><\/div><\/div><div class=\"services_sidebar wpb_column vc_column_container vc_col-sm-4\"><div class=\"vc_column-inner\"><div class=\"wpb_wrapper\"><div  class=\"wpb_widgetised_column wpb_content_element\">\n\t\t<div class=\"wpb_wrapper\">\n\t\t\t<h2 class=\"wpb_heading wpb_widgetised_column_heading\">Sh\u00ebrbimet<\/h2>\n\t\t\t<div id=\"sidebar_widget\" class=\"two\"><div class=\"menu-services-menu-container\"><ul id=\"menu-services-menu\" class=\"menu\"><li id=\"menu-item-970\" class=\"menu-item menu-item-type-post_type menu-item-object-page menu-item-970\"><a href=\"https:\/\/www.1healthymind.com\/sq\/obsessive-compulsive-disorder-ocd\/\">\u00c7rregullimi obsesiv-kompulsiv (OCD)<\/a><\/li>\n<li id=\"menu-item-967\" class=\"menu-item menu-item-type-post_type menu-item-object-page menu-item-967\"><a href=\"https:\/\/www.1healthymind.com\/sq\/anxiety\/\">Ankthi<\/a><\/li>\n<li id=\"menu-item-961\" class=\"menu-item menu-item-type-post_type menu-item-object-page menu-item-961\"><a href=\"https:\/\/www.1healthymind.com\/sq\/depression\/\">Depresioni<\/a><\/li>\n<li id=\"menu-item-973\" class=\"menu-item menu-item-type-post_type menu-item-object-page menu-item-973\"><a href=\"https:\/\/www.1healthymind.com\/sq\/panic-disorder\/\">\u00c7rregullim paniku<\/a><\/li>\n<li id=\"menu-item-958\" class=\"menu-item menu-item-type-post_type menu-item-object-page menu-item-958\"><a href=\"https:\/\/www.1healthymind.com\/sq\/post-traumatic-stress-disorder-ptsd\/\">\u00c7rregullimi i Stresit Post-traumatik (PTSD)<\/a><\/li>\n<li id=\"menu-item-964\" class=\"menu-item menu-item-type-post_type menu-item-object-page menu-item-964\"><a href=\"https:\/\/www.1healthymind.com\/sq\/psychotherapy\/\">Psikoterapi<\/a><\/li>\n<li id=\"menu-item-1077\" class=\"menu-item menu-item-type-post_type menu-item-object-page menu-item-1077\"><a href=\"https:\/\/www.1healthymind.com\/sq\/couple-therapy\/\">Terapi n\u00eb \u00e7ift<\/a><\/li>\n<li id=\"menu-item-1076\" class=\"menu-item menu-item-type-post_type menu-item-object-page menu-item-1076\"><a href=\"https:\/\/www.1healthymind.com\/sq\/social-anxiety\/\">Ankthi Social<\/a><\/li>\n<li id=\"menu-item-947\" class=\"menu-item menu-item-type-post_type menu-item-object-page menu-item-947\"><a href=\"https:\/\/www.1healthymind.com\/sq\/agoraphobia\/\">Agorafobi<\/a><\/li>\n<li id=\"menu-item-955\" class=\"menu-item menu-item-type-post_type menu-item-object-page menu-item-955\"><a href=\"https:\/\/www.1healthymind.com\/sq\/grief-and-loss\/\">Zi dhe Humbje<\/a><\/li>\n<\/ul><\/div><\/div>\n\t\t<\/div>\n\t<\/div>\n<\/div><\/div><\/div><\/div><\/div><\/div><\/div><\/div>\n<\/div>","protected":false},"excerpt":{"rendered":"Agoraphobia Agoraphobia is an anxiety disorder characterized by an intense fear of situations or places where escape might be difficult or help might not be available in the event of a panic attack or other distressing symptoms. This fear often leads to avoidance of certain places or situations. Common Symptoms of Agoraphobia: Fear of being [...]","protected":false},"author":1,"featured_media":0,"parent":0,"menu_order":0,"comment_status":"closed","ping_status":"closed","template":"","meta":{"footnotes":""},"class_list":["post-945","page","type-page","status-publish","hentry"],"yoast_head":"<!-- This site is optimized with the Yoast SEO plugin v27.5 - https:\/\/yoast.com\/product\/yoast-seo-wordpress\/ -->\n<title>Agoraphobia - 1Healthy Mind<\/title>\n<meta name=\"robots\" content=\"index, follow, max-snippet:-1, max-image-preview:large, max-video-preview:-1\" \/>\n<link rel=\"canonical\" href=\"https:\/\/www.1healthymind.com\/sq\/agoraphobia\/\" \/>\n<meta property=\"og:locale\" content=\"sq_AL\" \/>\n<meta property=\"og:type\" content=\"article\" \/>\n<meta property=\"og:title\" content=\"Agoraphobia - 1Healthy Mind\" \/>\n<meta property=\"og:url\" content=\"https:\/\/www.1healthymind.com\/sq\/agoraphobia\/\" \/>\n<meta property=\"og:site_name\" content=\"1Healthy Mind\" \/>\n<meta property=\"article:modified_time\" content=\"2024-08-19T10:57:34+00:00\" \/>\n<meta name=\"twitter:card\" content=\"summary_large_image\" \/>\n<meta name=\"twitter:label1\" content=\"Est. reading time\" \/>\n\t<meta name=\"twitter:data1\" content=\"1 minut\u00eb\" \/>\n<script type=\"application\/ld+json\" class=\"yoast-schema-graph\">{\"@context\":\"https:\\\/\\\/schema.org\",\"@graph\":[{\"@type\":\"WebPage\",\"@id\":\"https:\\\/\\\/www.1healthymind.com\\\/agoraphobia\\\/\",\"url\":\"https:\\\/\\\/www.1healthymind.com\\\/agoraphobia\\\/\",\"name\":\"Agoraphobia - 1Healthy Mind\",\"isPartOf\":{\"@id\":\"https:\\\/\\\/www.1healthymind.com\\\/#website\"},\"datePublished\":\"2024-08-15T08:10:47+00:00\",\"dateModified\":\"2024-08-19T10:57:34+00:00\",\"breadcrumb\":{\"@id\":\"https:\\\/\\\/www.1healthymind.com\\\/agoraphobia\\\/#breadcrumb\"},\"inLanguage\":\"sq\",\"potentialAction\":[{\"@type\":\"ReadAction\",\"target\":[\"https:\\\/\\\/www.1healthymind.com\\\/agoraphobia\\\/\"]}]},{\"@type\":\"BreadcrumbList\",\"@id\":\"https:\\\/\\\/www.1healthymind.com\\\/agoraphobia\\\/#breadcrumb\",\"itemListElement\":[{\"@type\":\"ListItem\",\"position\":1,\"name\":\"Home\",\"item\":\"https:\\\/\\\/www.1healthymind.com\\\/\"},{\"@type\":\"ListItem\",\"position\":2,\"name\":\"Agoraphobia\"}]},{\"@type\":\"WebSite\",\"@id\":\"https:\\\/\\\/www.1healthymind.com\\\/#website\",\"url\":\"https:\\\/\\\/www.1healthymind.com\\\/\",\"name\":\"1Healthy Mind\",\"description\":\"1Healthy Mind\",\"potentialAction\":[{\"@type\":\"SearchAction\",\"target\":{\"@type\":\"EntryPoint\",\"urlTemplate\":\"https:\\\/\\\/www.1healthymind.com\\\/?s={search_term_string}\"},\"query-input\":{\"@type\":\"PropertyValueSpecification\",\"valueRequired\":true,\"valueName\":\"search_term_string\"}}],\"inLanguage\":\"sq\"}]}<\/script>\n<!-- \/ Yoast SEO plugin. -->","yoast_head_json":{"title":"Agorafobia - 1 Mendje e Sh\u00ebndetshme","robots":{"index":"index","follow":"follow","max-snippet":"max-snippet:-1","max-image-preview":"max-image-preview:large","max-video-preview":"max-video-preview:-1"},"canonical":"https:\/\/www.1healthymind.com\/sq\/agoraphobia\/","og_locale":"sq_AL","og_type":"article","og_title":"Agoraphobia - 1Healthy Mind","og_url":"https:\/\/www.1healthymind.com\/sq\/agoraphobia\/","og_site_name":"1Healthy Mind","article_modified_time":"2024-08-19T10:57:34+00:00","twitter_card":"summary_large_image","twitter_misc":{"Est. reading time":"1 minut\u00eb"},"schema":{"@context":"https:\/\/schema.org","@graph":[{"@type":"WebPage","@id":"https:\/\/www.1healthymind.com\/agoraphobia\/","url":"https:\/\/www.1healthymind.com\/agoraphobia\/","name":"Agorafobia - 1 Mendje e Sh\u00ebndetshme","isPartOf":{"@id":"https:\/\/www.1healthymind.com\/#website"},"datePublished":"2024-08-15T08:10:47+00:00","dateModified":"2024-08-19T10:57:34+00:00","breadcrumb":{"@id":"https:\/\/www.1healthymind.com\/agoraphobia\/#breadcrumb"},"inLanguage":"sq","potentialAction":[{"@type":"ReadAction","target":["https:\/\/www.1healthymind.com\/agoraphobia\/"]}]},{"@type":"BreadcrumbList","@id":"https:\/\/www.1healthymind.com\/agoraphobia\/#breadcrumb","itemListElement":[{"@type":"ListItem","position":1,"name":"Home","item":"https:\/\/www.1healthymind.com\/"},{"@type":"ListItem","position":2,"name":"Agoraphobia"}]},{"@type":"WebSite","@id":"https:\/\/www.1healthymind.com\/#website","url":"https:\/\/www.1healthymind.com\/","name":"1 Mendje e Sh\u00ebndetshme","description":"1 Mendje e Sh\u00ebndetshme","potentialAction":[{"@type":"SearchAction","target":{"@type":"EntryPoint","urlTemplate":"https:\/\/www.1healthymind.com\/?s={search_term_string}"},"query-input":{"@type":"PropertyValueSpecification","valueRequired":true,"valueName":"search_term_string"}}],"inLanguage":"sq"}]}},"_links":{"self":[{"href":"https:\/\/www.1healthymind.com\/sq\/wp-json\/wp\/v2\/pages\/945","targetHints":{"allow":["GET"]}}],"collection":[{"href":"https:\/\/www.1healthymind.com\/sq\/wp-json\/wp\/v2\/pages"}],"about":[{"href":"https:\/\/www.1healthymind.com\/sq\/wp-json\/wp\/v2\/types\/page"}],"author":[{"embeddable":true,"href":"https:\/\/www.1healthymind.com\/sq\/wp-json\/wp\/v2\/users\/1"}],"replies":[{"embeddable":true,"href":"https:\/\/www.1healthymind.com\/sq\/wp-json\/wp\/v2\/comments?post=945"}],"version-history":[{"count":6,"href":"https:\/\/www.1healthymind.com\/sq\/wp-json\/wp\/v2\/pages\/945\/revisions"}],"predecessor-version":[{"id":1084,"href":"https:\/\/www.1healthymind.com\/sq\/wp-json\/wp\/v2\/pages\/945\/revisions\/1084"}],"wp:attachment":[{"href":"https:\/\/www.1healthymind.com\/sq\/wp-json\/wp\/v2\/media?parent=945"}],"curies":[{"name":"wp","href":"https:\/\/api.w.org\/{rel}","templated":true}]}}