{"id":937,"date":"2024-08-15T06:19:40","date_gmt":"2024-08-15T06:19:40","guid":{"rendered":"https:\/\/www.empowerwebdesign.com.au\/demo\/1healthymind\/?page_id=937"},"modified":"2024-10-07T09:56:20","modified_gmt":"2024-10-07T09:56:20","slug":"about","status":"publish","type":"page","link":"https:\/\/www.1healthymind.com\/sq\/about\/","title":{"rendered":"Rreth"},"content":{"rendered":"<div class=\"wpb-content-wrapper\"><div data-vc-full-width=\"true\" data-vc-full-width-temp=\"true\" data-vc-full-width-init=\"false\" class=\"vc_row wpb_row vc_row-fluid page_header_wrap\"><div class=\"wpb_column vc_column_container vc_col-sm-12\"><div class=\"vc_column-inner\"><div class=\"wpb_wrapper\"><div class=\"vc_row wpb_row vc_inner vc_row-fluid\"><div class=\"wpb_column vc_column_container vc_col-sm-8\"><div class=\"vc_column-inner\"><div class=\"wpb_wrapper\">\n\t<div class=\"wpb_text_column wpb_content_element\" >\n\t\t<div class=\"wpb_wrapper\">\n\t\t\t<h1>Rreth<\/h1>\n\n\t\t<\/div>\n\t<\/div>\n<\/div><\/div><\/div><div class=\"wpb_column vc_column_container vc_col-sm-4\"><div class=\"vc_column-inner\"><div class=\"wpb_wrapper\"><\/div><\/div><\/div><\/div><\/div><\/div><\/div><\/div><div class=\"vc_row-full-width vc_clearfix\"><\/div><div class=\"vc_row wpb_row vc_row-fluid buffer_small\"><div class=\"wpb_column vc_column_container vc_col-sm-12\"><div class=\"vc_column-inner\"><div class=\"wpb_wrapper\"><div class=\"vc_row wpb_row vc_inner vc_row-fluid flex_wrap\"><div class=\"flex info_section_left wpb_column vc_column_container vc_col-sm-3\"><div class=\"vc_column-inner\"><div class=\"wpb_wrapper\">\n\t<div  class=\"wpb_single_image wpb_content_element vc_align_left wpb_content_element  curved circle bottom_mobile\">\n\t\t\n\t\t<figure class=\"wpb_wrapper vc_figure\">\n\t\t\t<div class=\"vc_single_image-wrapper   vc_box_border_grey\"><img loading=\"lazy\" decoding=\"async\" width=\"600\" height=\"600\" src=\"https:\/\/www.1healthymind.com\/wp-content\/uploads\/2024\/10\/about1.jpg\" class=\"vc_single_image-img attachment-full\" alt=\"\" title=\"rreth 1\" srcset=\"https:\/\/www.1healthymind.com\/wp-content\/uploads\/2024\/10\/about1.jpg 600w, https:\/\/www.1healthymind.com\/wp-content\/uploads\/2024\/10\/about1-300x300.jpg 300w, https:\/\/www.1healthymind.com\/wp-content\/uploads\/2024\/10\/about1-60x60.jpg 60w, https:\/\/www.1healthymind.com\/wp-content\/uploads\/2024\/10\/about1-110x110.jpg 110w, https:\/\/www.1healthymind.com\/wp-content\/uploads\/2024\/10\/about1-100x100.jpg 100w\" sizes=\"auto, (max-width: 600px) 100vw, 600px\" \/><\/div>\n\t\t<\/figure>\n\t<\/div>\n<\/div><\/div><\/div><div class=\"flex wpb_column vc_column_container vc_col-sm-9\"><div class=\"vc_column-inner\"><div class=\"wpb_wrapper\">\n\t<div class=\"wpb_text_column wpb_content_element\" >\n\t\t<div class=\"wpb_wrapper\">\n\t\t\t<h4>Rreth Belina Pup\u00ebs<strong><br \/>\n<\/strong><\/h4>\n\n\t\t<\/div>\n\t<\/div>\n\n\t<div class=\"wpb_text_column wpb_content_element vc_custom_1724211028971\" >\n\t\t<div class=\"wpb_wrapper\">\n\t\t\t<p>Belina Pupa \u00ebsht\u00eb Punonj\u00ebse Sociale dhe Terapiste me nj\u00eb p\u00ebrvoj\u00eb t\u00eb pasur n\u00eb drejtimin dhe transformimin e sh\u00ebrbimeve t\u00eb sh\u00ebndetit mendor si n\u00eb Shqip\u00ebri ashtu edhe n\u00eb Australin\u00eb Jugore. Si Drejtoresh\u00eb e Praktik\u00ebs n\u00eb One Healthy Mind, ajo shk\u00eblqen n\u00eb koordinimin e agjencive, duke siguruar operacione t\u00eb pand\u00ebrprera administrative dhe ligjore, nd\u00ebrkoh\u00eb q\u00eb nxit marr\u00ebdh\u00ebnie bashk\u00ebpunuese me profesionist\u00eb n\u00eb t\u00eb gjith\u00eb sektorin e sh\u00ebndetit mendor. Me nj\u00eb themel t\u00eb fort\u00eb n\u00eb terapin\u00eb njoh\u00ebse t\u00eb sjelljes, Belina \u00ebsht\u00eb e aft\u00eb n\u00eb adresimin e \u00e7\u00ebshtjeve komplekse si dinamika familjare, p\u00ebrdorimi i substancave dhe shqet\u00ebsimet e sh\u00ebndetit mendor, duke ofruar nd\u00ebrhyrje terapeutike t\u00eb p\u00ebrshtatura dhe t\u00eb bazuara n\u00eb prova. Roli i saj si K\u00ebshilltare Familjare thekson m\u00eb tej aft\u00ebsin\u00eb e saj p\u00ebr t\u00eb krijuar plane trajtimi t\u00eb individualizuara dhe p\u00ebr t\u00eb kryer vler\u00ebsime t\u00eb rrezikut, gjithmon\u00eb me fokus n\u00eb arritjen e rezultateve m\u00eb t\u00eb mira p\u00ebr klient\u00ebt e saj. Kontributet akademike t\u00eb Belin\u00ebs si Profesoresh\u00eb Universitare, s\u00eb bashku me p\u00ebrvoj\u00ebn e saj t\u00eb gjer\u00eb n\u00eb k\u00ebshillim dhe menaxhim rastesh, n\u00ebnvizojn\u00eb angazhimin e saj p\u00ebr t\u00eb ofruar kujdes me cil\u00ebsi t\u00eb lart\u00eb dhe t\u00eb p\u00ebrqendruar te klienti. Udh\u00ebtimi i saj profesional, i plot\u00ebsuar nga kualifikimet e saj n\u00eb pun\u00ebn sociale dhe sh\u00ebndetin mendor, e pozicionon at\u00eb si nj\u00eb udh\u00ebheq\u00ebse t\u00eb dhembshur dhe efektive t\u00eb p\u00ebrkushtuar ndaj p\u00ebrmir\u00ebsimit t\u00eb vazhduesh\u00ebm t\u00eb sh\u00ebrbimeve t\u00eb sh\u00ebndetit mendor.<\/p>\n\n\t\t<\/div>\n\t<\/div>\n<\/div><\/div><\/div><\/div><div class=\"vc_row wpb_row vc_inner vc_row-fluid vc_custom_1724066334864\"><div class=\"info_section_left bottom_mobile wpb_column vc_column_container vc_col-sm-6\"><div class=\"vc_column-inner\"><div class=\"wpb_wrapper\">\n\t<div class=\"wpb_text_column wpb_content_element\" >\n\t\t<div class=\"wpb_wrapper\">\n\t\t\t<p><b>P\u00ebrmbledhje e Pun\u00ebsimit:<\/b><\/p>\n<ul>\n<li><b> <\/b><b>Drejtor i Praktik\u00ebs \u2013 One Healthy Mind, Sh\u00ebrbimet e Sh\u00ebndetit Mendor, Shqip\u00ebria dhe Australia Jugore<\/b><b><br \/>\n<\/b><i>Gusht 2018 \u2013 deri m\u00eb tani<\/i><i><br \/>\n<\/i>Udh\u00ebhoqa praktik\u00ebn me fokus n\u00eb koordinimin e agjencis\u00eb, duke p\u00ebrfshir\u00eb menaxhimin e k\u00ebrkesave administrative dhe ligjore, krijimin e marr\u00ebdh\u00ebnieve bashk\u00ebpunuese me profesionist\u00eb t\u00eb tjer\u00eb dhe sigurimin e respektimit t\u00eb procedurave t\u00eb Siguris\u00eb dhe Sh\u00ebndetit n\u00eb Pun\u00eb (SHS). Zhvillova dhe mir\u00ebmbava nj\u00eb mjedis pune pozitiv dhe promovova zhvillimin e vazhduesh\u00ebm profesional.<\/li>\n<li><b> <\/b><b>University Professor, Fakulteti i Drejt\u00ebsis\u00eb, Albania<\/b><b><br \/>\n<\/b><i>Gusht 2016 \u2013 Gusht 2018<\/i><i><br \/>\n<\/i>Kam dh\u00ebn\u00eb kurse juridiku n\u00eb anglisht, duke krijuar dhe prezantuar materiale q\u00eb integronin ngjarjet aktuale ligjore dhe konceptet teorike, si dhe kam vler\u00ebsuar performanc\u00ebn e student\u00ebve.<\/li>\n<li><b> <\/b><b>K\u00ebshilltar Familjar i Australis\u00eb Jugore<\/b><b><br \/>\n<\/b><i>Qershor 2014 \u2013 Dhjetor 2015<\/i><i><br \/>\n<\/i>Ofrova k\u00ebshillim individual dhe familjar, zhvillova formulime rastesh dhe menaxhova plane trajtimi holistik. Punova ngusht\u00eb me agjenci t\u00eb jashtme p\u00ebr t\u00eb siguruar rezultatet m\u00eb t\u00eb mira p\u00ebr klient\u00ebt, duke p\u00ebrfshir\u00eb vler\u00ebsimet e riskut dhe rishikimet klinike.<\/li>\n<li><b> <\/b><b>K\u00ebshilltar Shkollor, Australia Jugore<\/b><b><br \/>\n<\/b><i>Janar 2014 \u2013 Dhjetor 2015<\/i><i><br \/>\n<\/i>Ofroi k\u00ebshillim dhe mb\u00ebshtetje p\u00ebr student\u00ebt, bashk\u00ebpunoi me m\u00ebsuesit dhe zhvilloi strategji p\u00ebr t\u00eb p\u00ebrmir\u00ebsuar mir\u00ebqenien e student\u00ebve dhe performanc\u00ebn akademike.<\/li>\n<li><b> <\/b><b>Bashk\u00ebpun\u00ebtor i Pasurive t\u00eb Patundshme dhe Financiar, Agjenci t\u00eb Ndryshme, Macomb, SHBA<\/b><b><br \/>\n<\/b><i>2003 \u2013 2013<\/i><i><br \/>\n<\/i>Menaxhova listat e pronave, qirat\u00eb dhe shitjet, si dhe ofrova sh\u00ebrbime nd\u00ebrmjet\u00ebsimi p\u00ebr hipoteka dhe k\u00ebshillim financiar.<\/li>\n<\/ul>\n<p><b>Arsim i M\u00ebtejsh\u00ebm:<\/b><\/p>\n<ul>\n<li><b> <\/b><b>Terapi e Specializuar Njoh\u00ebse dhe Sjell\u00ebse (CBT), Universiteti Flinders, Australia Jugore<\/b><b><br \/>\n<\/b><i>P\u00ebrfunduar n\u00eb vitin 2020<\/i><i><br \/>\n<\/i>Trajnim i avancuar n\u00eb teknikat CBT, duke p\u00ebrmir\u00ebsuar aft\u00ebsit\u00eb n\u00eb praktikat terapeutike t\u00eb bazuara n\u00eb prova p\u00ebr trajtimin e nj\u00eb s\u00ebr\u00eb problemesh t\u00eb sh\u00ebndetit mendor.<\/li>\n<li><b> <\/b><b>Diplom\u00eb Masteri n\u00eb Pun\u00eb Sociale dhe Sh\u00ebndet Mendor, Universiteti i Australis\u00eb Jugore<\/b><b><br \/>\n<\/b><i>Dhjetor 2015<\/i><\/li>\n<li><b> <\/b><b>Bachelor i Shkencave n\u00eb Drejt\u00ebsi Penale, Universiteti Shtet\u00ebror Wayne<\/b><b><br \/>\n<\/b><i>Qershor 2009<\/i><\/li>\n<li><b> <\/b><b>Asociuar i Studimeve t\u00eb P\u00ebrgjithshme, Kolegji Komunitar Macomb<\/b><b><br \/>\n<\/b><i>Maj 2008<\/i><\/li>\n<\/ul>\n\n\t\t<\/div>\n\t<\/div>\n<\/div><\/div><\/div><div class=\"wpb_column vc_column_container vc_col-sm-6\"><div class=\"vc_column-inner\"><div class=\"wpb_wrapper\">\n\t<div class=\"wpb_text_column wpb_content_element\" >\n\t\t<div class=\"wpb_wrapper\">\n\t\t\t<p><b>Asetet kryesore:<\/b><\/p>\n<ul>\n<li><b> <\/b><b>Pun\u00eb ekipore:<\/b> Nj\u00eb praktikues i afirmuar me talent p\u00ebr t\u00eb nxitur rritjen individuale dhe t\u00eb ekipit p\u00ebr t\u00eb arritur rezultate t\u00eb shk\u00eblqyera p\u00ebr klient\u00ebt. I aft\u00eb n\u00eb trajnim, nd\u00ebrmjet\u00ebsim dhe zhvillim t\u00eb dinamik\u00ebs s\u00eb ekipit n\u00eb p\u00ebrputhje me q\u00ebllimet organizative.<\/li>\n<li><b> <\/b><b>Aft\u00ebsit\u00eb klinike terapeutike:<\/b> P\u00ebrvoj\u00eb e gjer\u00eb n\u00eb zbatimin e metodave t\u00eb pun\u00ebs sociale n\u00eb mjedise k\u00ebshillimi individual, familjar dhe n\u00eb grup. I aft\u00eb n\u00eb ofrimin e qasjeve t\u00eb trajtimit t\u00eb p\u00ebrqendruara te klienti.<\/li>\n<li><b> <\/b><b>Profesionaliz\u00ebm:<\/b> I p\u00ebrkushtuar p\u00ebr t\u00eb ofruar sh\u00ebrbime t\u00eb pun\u00ebs sociale me cil\u00ebsi t\u00eb lart\u00eb me kreativitet, standarde etike dhe respekt kulturor. I kualifikuar me an\u00ebtar\u00ebsim n\u00eb AASW.<\/li>\n<li><b> <\/b><b>Komunikimi:<\/b> Aft\u00ebsi t\u00eb shk\u00eblqyera komunikimi nd\u00ebrpersonal, si me goj\u00eb ashtu edhe me shkrim, me nj\u00eb aft\u00ebsi t\u00eb provuar p\u00ebr t\u00eb identifikuar nevojat e klient\u00ebve dhe p\u00ebr t\u00eb nd\u00ebrtuar konsensus.<\/li>\n<\/ul>\n<p><b>P\u00ebrgjegj\u00ebsit\u00eb dhe Arritjet:<\/b><\/p>\n<ul>\n<li><b> <\/b><b>Drejtor i Praktik\u00ebs \u2013 Sh\u00ebrbimet e K\u00ebshillimit One Healthy Mind<\/b><b><br \/>\n<\/b>Menaxhova t\u00eb gjitha aspektet e agjencis\u00eb, duke p\u00ebrfshir\u00eb k\u00ebrkesat administrative dhe ligjore, procedurat e WHS dhe zhvillimin profesional. Vendosa marr\u00ebdh\u00ebnie t\u00eb forta bashk\u00ebpunimi me agjenci t\u00eb jashtme dhe profesionist\u00eb mjek\u00ebsor\u00eb.<\/li>\n<li><b> <\/b><b>K\u00ebshilltar Familjar \u2013 Sh\u00ebrbime K\u00ebshillimore p\u00ebr Nj\u00eb Mendje t\u00eb Sh\u00ebndetshme<\/b><b><br \/>\n<\/b>Krijova formulime t\u00eb rasteve dhe plane trajtimi t\u00eb individualizuara, nd\u00ebrtova marr\u00ebdh\u00ebnie terapeutike kohezive dhe menaxhova klient\u00eb t\u00eb shumt\u00eb nj\u00ebkoh\u00ebsisht. Kryeva vler\u00ebsime t\u00eb rrezikut dhe leht\u00ebsova menaxhimin efektiv t\u00eb rasteve n\u00eb bashk\u00ebpunim me koleg\u00ebt dhe menaxhmentin e lart\u00eb.<\/li>\n<\/ul>\n<p>P\u00ebrvoja e gjer\u00eb e Belina Pup\u00ebs, arsimi i specializuar n\u00eb CBT dhe p\u00ebrkushtimi ndaj pun\u00ebs sociale dhe k\u00ebshillimit e fuqizojn\u00eb at\u00eb p\u00ebr t&#039;u ofruar mb\u00ebshtetje efektive dhe empatike klient\u00ebve, nd\u00ebrkoh\u00eb q\u00eb nxit p\u00ebrmir\u00ebsim t\u00eb vazhduesh\u00ebm brenda praktik\u00ebs s\u00eb saj.<\/p>\n\n\t\t<\/div>\n\t<\/div>\n<\/div><\/div><\/div><\/div><div class=\"vc_row wpb_row vc_inner vc_row-fluid flex_wrap mobile_flex vc_custom_1724056814624\"><div class=\"flex info_section_left second wpb_column vc_column_container vc_col-sm-6\"><div class=\"vc_column-inner\"><div class=\"wpb_wrapper\">\n\t<div class=\"wpb_text_column wpb_content_element\" >\n\t\t<div class=\"wpb_wrapper\">\n\t\t\t<p><strong><span class=\"about_number\">1<\/span> Besim<\/strong><\/p>\n<p>Ne nd\u00ebrtojm\u00eb besim p\u00ebrmes komunikimit t\u00eb hapur, konfidencialitetit dhe mb\u00ebshtetjes s\u00eb pal\u00ebkundur.<\/p>\n<p><strong><span class=\"about_number\">2<\/span> Empatia<\/strong><\/p>\n<p>Ne d\u00ebgjojm\u00eb me v\u00ebmendje dhe i kuptojm\u00eb p\u00ebrvojat tuaja me dhembshuri dhe pa gjykim.<\/p>\n<p><strong><span class=\"about_number\">3<\/span> Rezistenca<\/strong><\/p>\n<p>Ne ju fuqizojm\u00eb t\u00eb kap\u00ebrceni sfidat duke nxitur forc\u00ebn e brendshme dhe p\u00ebrshtatshm\u00ebrin\u00eb.<\/p>\n<p><strong><span class=\"about_number\">3<\/span> Rritja<\/strong><\/p>\n<p>Ne ju udh\u00ebzojm\u00eb n\u00eb zbulimin e perspektivave t\u00eb reja dhe arritjen e transformimit personal.<\/p>\n\n\t\t<\/div>\n\t<\/div>\n<div class=\"vc_btn3-container vc_btn3-inline vc_custom_1726454828049 vc_do_btn\" ><a class=\"vc_general vc_btn3 vc_btn3-size-md vc_btn3-shape-rounded vc_btn3-style-modern vc_btn3-color-grey\" href=\"https:\/\/www.1healthymind.com\/sq\/contact\/\" title=\"Sht\u00ebpi\">Kontakti<\/a><\/div><\/div><\/div><\/div><div class=\"first wpb_column vc_column_container vc_col-sm-6\"><div class=\"vc_column-inner\"><div class=\"wpb_wrapper\"><\/div><\/div><\/div><\/div><\/div><\/div><\/div><\/div>\n<\/div>","protected":false},"excerpt":{"rendered":"About About Belina Pupa Belina Pupa is a Social Worker and Therapist with a rich background in leading and transforming mental health services both in Albania and South Australia. As the Practice Director at One Healthy Mind, she excels in agency coordination, ensuring seamless administrative and legal operations while fostering collaborative relationships with professionals across [...]","protected":false},"author":1,"featured_media":0,"parent":0,"menu_order":0,"comment_status":"closed","ping_status":"closed","template":"","meta":{"footnotes":""},"class_list":["post-937","page","type-page","status-publish","hentry"],"yoast_head":"<!-- This site is optimized with the Yoast SEO plugin v27.5 - https:\/\/yoast.com\/product\/yoast-seo-wordpress\/ -->\n<title>About - 1Healthy Mind<\/title>\n<meta name=\"robots\" content=\"index, follow, max-snippet:-1, max-image-preview:large, max-video-preview:-1\" \/>\n<link rel=\"canonical\" href=\"https:\/\/www.1healthymind.com\/sq\/about\/\" \/>\n<meta property=\"og:locale\" content=\"sq_AL\" \/>\n<meta property=\"og:type\" content=\"article\" \/>\n<meta property=\"og:title\" content=\"About - 1Healthy Mind\" \/>\n<meta property=\"og:url\" content=\"https:\/\/www.1healthymind.com\/sq\/about\/\" \/>\n<meta property=\"og:site_name\" content=\"1Healthy Mind\" \/>\n<meta property=\"article:modified_time\" content=\"2024-10-07T09:56:20+00:00\" \/>\n<meta name=\"twitter:card\" content=\"summary_large_image\" \/>\n<meta name=\"twitter:label1\" content=\"Est. reading time\" \/>\n\t<meta name=\"twitter:data1\" content=\"4 minuta\" \/>\n<script type=\"application\/ld+json\" class=\"yoast-schema-graph\">{\"@context\":\"https:\\\/\\\/schema.org\",\"@graph\":[{\"@type\":\"WebPage\",\"@id\":\"https:\\\/\\\/www.1healthymind.com\\\/about\\\/\",\"url\":\"https:\\\/\\\/www.1healthymind.com\\\/about\\\/\",\"name\":\"About - 1Healthy Mind\",\"isPartOf\":{\"@id\":\"https:\\\/\\\/www.1healthymind.com\\\/#website\"},\"datePublished\":\"2024-08-15T06:19:40+00:00\",\"dateModified\":\"2024-10-07T09:56:20+00:00\",\"breadcrumb\":{\"@id\":\"https:\\\/\\\/www.1healthymind.com\\\/about\\\/#breadcrumb\"},\"inLanguage\":\"sq\",\"potentialAction\":[{\"@type\":\"ReadAction\",\"target\":[\"https:\\\/\\\/www.1healthymind.com\\\/about\\\/\"]}]},{\"@type\":\"BreadcrumbList\",\"@id\":\"https:\\\/\\\/www.1healthymind.com\\\/about\\\/#breadcrumb\",\"itemListElement\":[{\"@type\":\"ListItem\",\"position\":1,\"name\":\"Home\",\"item\":\"https:\\\/\\\/www.1healthymind.com\\\/\"},{\"@type\":\"ListItem\",\"position\":2,\"name\":\"About\"}]},{\"@type\":\"WebSite\",\"@id\":\"https:\\\/\\\/www.1healthymind.com\\\/#website\",\"url\":\"https:\\\/\\\/www.1healthymind.com\\\/\",\"name\":\"1Healthy Mind\",\"description\":\"1Healthy Mind\",\"potentialAction\":[{\"@type\":\"SearchAction\",\"target\":{\"@type\":\"EntryPoint\",\"urlTemplate\":\"https:\\\/\\\/www.1healthymind.com\\\/?s={search_term_string}\"},\"query-input\":{\"@type\":\"PropertyValueSpecification\",\"valueRequired\":true,\"valueName\":\"search_term_string\"}}],\"inLanguage\":\"sq\"}]}<\/script>\n<!-- \/ Yoast SEO plugin. -->","yoast_head_json":{"title":"About - 1Healthy Mind","robots":{"index":"index","follow":"follow","max-snippet":"max-snippet:-1","max-image-preview":"max-image-preview:large","max-video-preview":"max-video-preview:-1"},"canonical":"https:\/\/www.1healthymind.com\/sq\/about\/","og_locale":"sq_AL","og_type":"article","og_title":"About - 1Healthy Mind","og_url":"https:\/\/www.1healthymind.com\/sq\/about\/","og_site_name":"1Healthy Mind","article_modified_time":"2024-10-07T09:56:20+00:00","twitter_card":"summary_large_image","twitter_misc":{"Est. reading time":"4 minuta"},"schema":{"@context":"https:\/\/schema.org","@graph":[{"@type":"WebPage","@id":"https:\/\/www.1healthymind.com\/about\/","url":"https:\/\/www.1healthymind.com\/about\/","name":"About - 1Healthy Mind","isPartOf":{"@id":"https:\/\/www.1healthymind.com\/#website"},"datePublished":"2024-08-15T06:19:40+00:00","dateModified":"2024-10-07T09:56:20+00:00","breadcrumb":{"@id":"https:\/\/www.1healthymind.com\/about\/#breadcrumb"},"inLanguage":"sq","potentialAction":[{"@type":"ReadAction","target":["https:\/\/www.1healthymind.com\/about\/"]}]},{"@type":"BreadcrumbList","@id":"https:\/\/www.1healthymind.com\/about\/#breadcrumb","itemListElement":[{"@type":"ListItem","position":1,"name":"Home","item":"https:\/\/www.1healthymind.com\/"},{"@type":"ListItem","position":2,"name":"About"}]},{"@type":"WebSite","@id":"https:\/\/www.1healthymind.com\/#website","url":"https:\/\/www.1healthymind.com\/","name":"1 Mendje e Sh\u00ebndetshme","description":"1 Mendje e Sh\u00ebndetshme","potentialAction":[{"@type":"SearchAction","target":{"@type":"EntryPoint","urlTemplate":"https:\/\/www.1healthymind.com\/?s={search_term_string}"},"query-input":{"@type":"PropertyValueSpecification","valueRequired":true,"valueName":"search_term_string"}}],"inLanguage":"sq"}]}},"_links":{"self":[{"href":"https:\/\/www.1healthymind.com\/sq\/wp-json\/wp\/v2\/pages\/937","targetHints":{"allow":["GET"]}}],"collection":[{"href":"https:\/\/www.1healthymind.com\/sq\/wp-json\/wp\/v2\/pages"}],"about":[{"href":"https:\/\/www.1healthymind.com\/sq\/wp-json\/wp\/v2\/types\/page"}],"author":[{"embeddable":true,"href":"https:\/\/www.1healthymind.com\/sq\/wp-json\/wp\/v2\/users\/1"}],"replies":[{"embeddable":true,"href":"https:\/\/www.1healthymind.com\/sq\/wp-json\/wp\/v2\/comments?post=937"}],"version-history":[{"count":23,"href":"https:\/\/www.1healthymind.com\/sq\/wp-json\/wp\/v2\/pages\/937\/revisions"}],"predecessor-version":[{"id":1213,"href":"https:\/\/www.1healthymind.com\/sq\/wp-json\/wp\/v2\/pages\/937\/revisions\/1213"}],"wp:attachment":[{"href":"https:\/\/www.1healthymind.com\/sq\/wp-json\/wp\/v2\/media?parent=937"}],"curies":[{"name":"wp","href":"https:\/\/api.w.org\/{rel}","templated":true}]}}