{"id":884,"date":"2024-08-14T10:14:27","date_gmt":"2024-08-14T10:14:27","guid":{"rendered":"https:\/\/www.empowerwebdesign.com.au\/demo\/1healthymind\/?page_id=884"},"modified":"2024-09-16T02:46:14","modified_gmt":"2024-09-16T02:46:14","slug":"home","status":"publish","type":"page","link":"https:\/\/www.1healthymind.com\/sq\/","title":{"rendered":"Sht\u00ebpi"},"content":{"rendered":"<div class=\"wpb-content-wrapper\"><div data-vc-full-width=\"true\" data-vc-full-width-temp=\"true\" data-vc-full-width-init=\"false\" class=\"vc_row wpb_row vc_row-fluid ss_wrap\"><div class=\"wpb_column vc_column_container vc_col-sm-12\"><div class=\"vc_column-inner\"><div class=\"wpb_wrapper\"><div class=\"vc_row wpb_row vc_inner vc_row-fluid\"><div class=\"wpb_column vc_column_container vc_col-sm-10\"><div class=\"vc_column-inner\"><div class=\"wpb_wrapper\">\n\t<div class=\"wpb_text_column wpb_content_element\" >\n\t\t<div class=\"wpb_wrapper\">\n\t\t\t<h1><span class=\"leaves\">Lumturia<\/span> gjej<br \/>\nrrug\u00ebn tuaj p\u00ebr ta arritur at\u00eb.<\/h1>\n\n\t\t<\/div>\n\t<\/div>\n<\/div><\/div><\/div><div class=\"wpb_column vc_column_container vc_col-sm-2\"><div class=\"vc_column-inner\"><div class=\"wpb_wrapper\"><\/div><\/div><\/div><\/div><div class=\"vc_row wpb_row vc_inner vc_row-fluid ss_inner mobile_flex\"><div class=\"wpb_column vc_column_container vc_col-sm-1\"><div class=\"vc_column-inner\"><div class=\"wpb_wrapper\"><\/div><\/div><\/div><div class=\"second wpb_column vc_column_container vc_col-sm-5\"><div class=\"vc_column-inner\"><div class=\"wpb_wrapper\">\n\t<div  class=\"wpb_single_image wpb_content_element vc_align_center wpb_content_element\">\n\t\t\n\t\t<figure class=\"wpb_wrapper vc_figure\">\n\t\t\t<div class=\"vc_single_image-wrapper   vc_box_border_grey\"><img loading=\"lazy\" decoding=\"async\" width=\"1000\" height=\"875\" src=\"https:\/\/www.1healthymind.com\/wp-content\/uploads\/2024\/08\/tree2.png\" class=\"vc_single_image-img attachment-full\" alt=\"\" title=\"pem\u00eb 2\" srcset=\"https:\/\/www.1healthymind.com\/wp-content\/uploads\/2024\/08\/tree2.png 1000w, https:\/\/www.1healthymind.com\/wp-content\/uploads\/2024\/08\/tree2-600x525.png 600w, https:\/\/www.1healthymind.com\/wp-content\/uploads\/2024\/08\/tree2-300x263.png 300w, https:\/\/www.1healthymind.com\/wp-content\/uploads\/2024\/08\/tree2-768x672.png 768w\" sizes=\"auto, (max-width: 1000px) 100vw, 1000px\" \/><\/div>\n\t\t<\/figure>\n\t<\/div>\n<\/div><\/div><\/div><div class=\"ss_column_empty wpb_column vc_column_container vc_col-sm-3\"><div class=\"vc_column-inner\"><div class=\"wpb_wrapper\"><\/div><\/div><\/div><div class=\"ss_para_wrap first ss_column_full wpb_column vc_column_container vc_col-sm-3\"><div class=\"vc_column-inner\"><div class=\"wpb_wrapper\">\n\t<div class=\"wpb_text_column wpb_content_element ss_para\" >\n\t\t<div class=\"wpb_wrapper\">\n\t\t\t<p>Kemi par\u00eb dhe d\u00ebgjuar nga njer\u00ebz nga t\u00eb gjitha sferat e jet\u00ebs, nga t\u00eb pastreh\u00ebt, udh\u00ebheq\u00ebsit e biznesit e deri te personazhet e famsh\u00ebm dhe e dim\u00eb se nuk \u00ebsht\u00eb turp ta kesh jet\u00ebn t\u00eb v\u00ebshtir\u00eb - kjo na ndodh t\u00eb gjith\u00ebve her\u00eb pas here.<\/p>\n\n\t\t<\/div>\n\t<\/div>\n<div class=\"vc_btn3-container vc_btn3-right vc_custom_1726454656422 vc_do_btn\" ><a class=\"vc_general vc_btn3 vc_btn3-size-md vc_btn3-shape-rounded vc_btn3-style-modern vc_btn3-color-grey\" href=\"https:\/\/www.1healthymind.com\/sq\/sessions\/\" title=\"Sht\u00ebpi\">Rezervo tani<\/a><\/div><\/div><\/div><\/div><\/div><\/div><\/div><\/div><\/div><div class=\"vc_row-full-width vc_clearfix\"><\/div><div data-vc-full-width=\"true\" data-vc-full-width-temp=\"true\" data-vc-full-width-init=\"false\" class=\"vc_row wpb_row vc_row-fluid blue_bg\"><div class=\"wpb_column vc_column_container vc_col-sm-12\"><div class=\"vc_column-inner\"><div class=\"wpb_wrapper\">\n\t<div class=\"wpb_text_column wpb_content_element blue_sub\" >\n\t\t<div class=\"wpb_wrapper\">\n\t\t\t<p style=\"text-align: center;\">Ne do t&#039;ju k\u00ebshillojm\u00eb p\u00ebr zgjidhjen m\u00eb efektive<\/p>\n\n\t\t<\/div>\n\t<\/div>\n\n\t<div class=\"wpb_text_column wpb_content_element white service_title\" >\n\t\t<div class=\"wpb_wrapper\">\n\t\t\t<h2 style=\"text-align: center;\">Sh\u00ebrbimet<\/h2>\n\n\t\t<\/div>\n\t<\/div>\n<div class=\"vc_row wpb_row vc_inner vc_row-fluid service_wrap\"><div class=\"wpb_column vc_column_container vc_col-sm-1\/5\"><div class=\"vc_column-inner\"><div class=\"wpb_wrapper\">\n\t<div  class=\"wpb_single_image wpb_content_element vc_align_left wpb_content_element\">\n\t\t\n\t\t<figure class=\"wpb_wrapper vc_figure\">\n\t\t\t<div class=\"vc_single_image-wrapper   vc_box_border_grey\"><img loading=\"lazy\" decoding=\"async\" width=\"61\" height=\"61\" src=\"https:\/\/www.1healthymind.com\/wp-content\/uploads\/2024\/08\/ocd.png\" class=\"vc_single_image-img attachment-full\" alt=\"\" title=\"\u00e7rregullimi i oks-kompulsit\" \/><\/div>\n\t\t<\/figure>\n\t<\/div>\n\n\t<div class=\"wpb_text_column wpb_content_element vc_custom_1723634586716 white\" >\n\t\t<div class=\"wpb_wrapper\">\n\t\t\t<h6>Obsesiv-kompulsiv<br \/>\n\u00c7rregullim Obsesiv-Kompulsiv (OCD)<\/h6>\n\n\t\t<\/div>\n\t<\/div>\n<div class=\"vc_btn3-container  clear vc_btn3-inline vc_do_btn\" ><a class=\"vc_general vc_btn3 vc_btn3-size-md vc_btn3-shape-rounded vc_btn3-style-modern vc_btn3-color-grey\" href=\"https:\/\/www.1healthymind.com\/sq\/obsessive-compulsive-disorder-ocd\/\" title=\"Sht\u00ebpi\">Lexo m\u00eb shum\u00eb<\/a><\/div><\/div><\/div><\/div><div class=\"wpb_column vc_column_container vc_col-sm-1\/5\"><div class=\"vc_column-inner\"><div class=\"wpb_wrapper\">\n\t<div  class=\"wpb_single_image wpb_content_element vc_align_left wpb_content_element\">\n\t\t\n\t\t<figure class=\"wpb_wrapper vc_figure\">\n\t\t\t<div class=\"vc_single_image-wrapper   vc_box_border_grey\"><img loading=\"lazy\" decoding=\"async\" width=\"61\" height=\"61\" src=\"https:\/\/www.1healthymind.com\/wp-content\/uploads\/2024\/08\/Anxiety.png\" class=\"vc_single_image-img attachment-full\" alt=\"\" title=\"Ankthi\" \/><\/div>\n\t\t<\/figure>\n\t<\/div>\n\n\t<div class=\"wpb_text_column wpb_content_element vc_custom_1723634557167 white\" >\n\t\t<div class=\"wpb_wrapper\">\n\t\t\t<h6>Ankthi<\/h6>\n\n\t\t<\/div>\n\t<\/div>\n<div class=\"vc_btn3-container  clear vc_btn3-inline vc_do_btn\" ><a class=\"vc_general vc_btn3 vc_btn3-size-md vc_btn3-shape-rounded vc_btn3-style-modern vc_btn3-color-grey\" href=\"https:\/\/www.1healthymind.com\/sq\/anxiety\/\" title=\"Sht\u00ebpi\">Lexo m\u00eb shum\u00eb<\/a><\/div><\/div><\/div><\/div><div class=\"wpb_column vc_column_container vc_col-sm-1\/5\"><div class=\"vc_column-inner\"><div class=\"wpb_wrapper\">\n\t<div  class=\"wpb_single_image wpb_content_element vc_align_left wpb_content_element\">\n\t\t\n\t\t<figure class=\"wpb_wrapper vc_figure\">\n\t\t\t<div class=\"vc_single_image-wrapper   vc_box_border_grey\"><img loading=\"lazy\" decoding=\"async\" width=\"61\" height=\"61\" src=\"https:\/\/www.1healthymind.com\/wp-content\/uploads\/2024\/08\/Depresion.png\" class=\"vc_single_image-img attachment-full\" alt=\"\" title=\"Depresioni\" \/><\/div>\n\t\t<\/figure>\n\t<\/div>\n\n\t<div class=\"wpb_text_column wpb_content_element vc_custom_1723634515570 white\" >\n\t\t<div class=\"wpb_wrapper\">\n\t\t\t<h6>Depresioni<\/h6>\n\n\t\t<\/div>\n\t<\/div>\n<div class=\"vc_btn3-container  clear vc_btn3-inline vc_do_btn\" ><a class=\"vc_general vc_btn3 vc_btn3-size-md vc_btn3-shape-rounded vc_btn3-style-modern vc_btn3-color-grey\" href=\"https:\/\/www.1healthymind.com\/sq\/depression\/\" title=\"Sht\u00ebpi\">Lexo m\u00eb shum\u00eb<\/a><\/div><\/div><\/div><\/div><div class=\"wpb_column vc_column_container vc_col-sm-1\/5\"><div class=\"vc_column-inner\"><div class=\"wpb_wrapper\">\n\t<div  class=\"wpb_single_image wpb_content_element vc_align_left wpb_content_element\">\n\t\t\n\t\t<figure class=\"wpb_wrapper vc_figure\">\n\t\t\t<div class=\"vc_single_image-wrapper   vc_box_border_grey\"><img loading=\"lazy\" decoding=\"async\" width=\"61\" height=\"61\" src=\"https:\/\/www.1healthymind.com\/wp-content\/uploads\/2024\/08\/AGORAPHOBIA.png\" class=\"vc_single_image-img attachment-full\" alt=\"\" title=\"AGORAFOBIA\" \/><\/div>\n\t\t<\/figure>\n\t<\/div>\n\n\t<div class=\"wpb_text_column wpb_content_element vc_custom_1723634596581 white\" >\n\t\t<div class=\"wpb_wrapper\">\n\t\t\t<h6>\u00c7rregullim paniku<\/h6>\n\n\t\t<\/div>\n\t<\/div>\n<div class=\"vc_btn3-container  clear vc_btn3-inline vc_do_btn\" ><a class=\"vc_general vc_btn3 vc_btn3-size-md vc_btn3-shape-rounded vc_btn3-style-modern vc_btn3-color-grey\" href=\"https:\/\/www.1healthymind.com\/sq\/panic-disorder\/\" title=\"Sht\u00ebpi\">Lexo m\u00eb shum\u00eb<\/a><\/div><\/div><\/div><\/div><div class=\"wpb_column vc_column_container vc_col-sm-1\/5\"><div class=\"vc_column-inner\"><div class=\"wpb_wrapper\">\n\t<div  class=\"wpb_single_image wpb_content_element vc_align_left wpb_content_element\">\n\t\t\n\t\t<figure class=\"wpb_wrapper vc_figure\">\n\t\t\t<div class=\"vc_single_image-wrapper   vc_box_border_grey\"><img loading=\"lazy\" decoding=\"async\" width=\"61\" height=\"61\" src=\"https:\/\/www.1healthymind.com\/wp-content\/uploads\/2024\/08\/Ptsd.png\" class=\"vc_single_image-img attachment-full\" alt=\"\" title=\"\u00c7rregullim i stresit post-traumatik\" \/><\/div>\n\t\t<\/figure>\n\t<\/div>\n\n\t<div class=\"wpb_text_column wpb_content_element vc_custom_1723634495779 white\" >\n\t\t<div class=\"wpb_wrapper\">\n\t\t\t<h6>Post-traumatik<br \/>\n\u00e7rregullimi i stresit (PTSD)<\/h6>\n\n\t\t<\/div>\n\t<\/div>\n<div class=\"vc_btn3-container  clear vc_btn3-inline vc_do_btn\" ><a class=\"vc_general vc_btn3 vc_btn3-size-md vc_btn3-shape-rounded vc_btn3-style-modern vc_btn3-color-grey\" href=\"https:\/\/www.1healthymind.com\/sq\/post-traumatic-stress-disorder-ptsd\/\" title=\"Sht\u00ebpi\">Lexo m\u00eb shum\u00eb<\/a><\/div><\/div><\/div><\/div><\/div><div class=\"vc_row wpb_row vc_inner vc_row-fluid service_wrap vc_custom_1723634605676\"><div class=\"wpb_column vc_column_container vc_col-sm-1\/5\"><div class=\"vc_column-inner\"><div class=\"wpb_wrapper\">\n\t<div  class=\"wpb_single_image wpb_content_element vc_align_left wpb_content_element\">\n\t\t\n\t\t<figure class=\"wpb_wrapper vc_figure\">\n\t\t\t<div class=\"vc_single_image-wrapper   vc_box_border_grey\"><img loading=\"lazy\" decoding=\"async\" width=\"61\" height=\"61\" src=\"https:\/\/www.1healthymind.com\/wp-content\/uploads\/2024\/08\/psychotherapy.png\" class=\"vc_single_image-img attachment-full\" alt=\"\" title=\"psikoterapi\" \/><\/div>\n\t\t<\/figure>\n\t<\/div>\n\n\t<div class=\"wpb_text_column wpb_content_element vc_custom_1723634540736 white\" >\n\t\t<div class=\"wpb_wrapper\">\n\t\t\t<h6>Psikoterapi<\/h6>\n\n\t\t<\/div>\n\t<\/div>\n<div class=\"vc_btn3-container  clear vc_btn3-inline vc_do_btn\" ><a class=\"vc_general vc_btn3 vc_btn3-size-md vc_btn3-shape-rounded vc_btn3-style-modern vc_btn3-color-grey\" href=\"https:\/\/www.1healthymind.com\/sq\/psychotherapy\/\" title=\"Sht\u00ebpi\">Lexo m\u00eb shum\u00eb<\/a><\/div><\/div><\/div><\/div><div class=\"wpb_column vc_column_container vc_col-sm-1\/5\"><div class=\"vc_column-inner\"><div class=\"wpb_wrapper\">\n\t<div  class=\"wpb_single_image wpb_content_element vc_align_left wpb_content_element\">\n\t\t\n\t\t<figure class=\"wpb_wrapper vc_figure\">\n\t\t\t<div class=\"vc_single_image-wrapper   vc_box_border_grey\"><img loading=\"lazy\" decoding=\"async\" width=\"61\" height=\"61\" src=\"https:\/\/www.1healthymind.com\/wp-content\/uploads\/2024\/08\/grief-and-loss.png\" class=\"vc_single_image-img attachment-full\" alt=\"\" title=\"pik\u00ebllim dhe humbje\" \/><\/div>\n\t\t<\/figure>\n\t<\/div>\n\n\t<div class=\"wpb_text_column wpb_content_element vc_custom_1724059346918 white\" >\n\t\t<div class=\"wpb_wrapper\">\n\t\t\t<h6>Terapi n\u00eb \u00e7ift<\/h6>\n\n\t\t<\/div>\n\t<\/div>\n<div class=\"vc_btn3-container  clear vc_btn3-inline vc_do_btn\" ><a class=\"vc_general vc_btn3 vc_btn3-size-md vc_btn3-shape-rounded vc_btn3-style-modern vc_btn3-color-grey\" href=\"https:\/\/www.1healthymind.com\/sq\/couple-therapy\/\" title=\"Sht\u00ebpi\">Lexo m\u00eb shum\u00eb<\/a><\/div><\/div><\/div><\/div><div class=\"wpb_column vc_column_container vc_col-sm-1\/5\"><div class=\"vc_column-inner\"><div class=\"wpb_wrapper\">\n\t<div  class=\"wpb_single_image wpb_content_element vc_align_left wpb_content_element\">\n\t\t\n\t\t<figure class=\"wpb_wrapper vc_figure\">\n\t\t\t<div class=\"vc_single_image-wrapper   vc_box_border_grey\"><img loading=\"lazy\" decoding=\"async\" width=\"61\" height=\"61\" src=\"https:\/\/www.1healthymind.com\/wp-content\/uploads\/2024\/08\/Anxiety.png\" class=\"vc_single_image-img attachment-full\" alt=\"\" title=\"Ankthi\" \/><\/div>\n\t\t<\/figure>\n\t<\/div>\n\n\t<div class=\"wpb_text_column wpb_content_element vc_custom_1724059371282 white\" >\n\t\t<div class=\"wpb_wrapper\">\n\t\t\t<h6>Ankthi Social<\/h6>\n\n\t\t<\/div>\n\t<\/div>\n<div class=\"vc_btn3-container  clear vc_btn3-inline vc_do_btn\" ><a class=\"vc_general vc_btn3 vc_btn3-size-md vc_btn3-shape-rounded vc_btn3-style-modern vc_btn3-color-grey\" href=\"https:\/\/www.1healthymind.com\/sq\/social-anxiety\/\" title=\"Sht\u00ebpi\">Lexo m\u00eb shum\u00eb<\/a><\/div><\/div><\/div><\/div><div class=\"wpb_column vc_column_container vc_col-sm-1\/5\"><div class=\"vc_column-inner\"><div class=\"wpb_wrapper\">\n\t<div  class=\"wpb_single_image wpb_content_element vc_align_left wpb_content_element\">\n\t\t\n\t\t<figure class=\"wpb_wrapper vc_figure\">\n\t\t\t<div class=\"vc_single_image-wrapper   vc_box_border_grey\"><img loading=\"lazy\" decoding=\"async\" width=\"61\" height=\"61\" src=\"https:\/\/www.1healthymind.com\/wp-content\/uploads\/2024\/08\/AGORAPHOBIA.png\" class=\"vc_single_image-img attachment-full\" alt=\"\" title=\"AGORAFOBIA\" \/><\/div>\n\t\t<\/figure>\n\t<\/div>\n\n\t<div class=\"wpb_text_column wpb_content_element vc_custom_1723634402211 white\" >\n\t\t<div class=\"wpb_wrapper\">\n\t\t\t<h6>Agorafobi<\/h6>\n\n\t\t<\/div>\n\t<\/div>\n<div class=\"vc_btn3-container  clear vc_btn3-inline vc_do_btn\" ><a class=\"vc_general vc_btn3 vc_btn3-size-md vc_btn3-shape-rounded vc_btn3-style-modern vc_btn3-color-grey\" href=\"https:\/\/www.1healthymind.com\/sq\/agoraphobia\/\" title=\"Sht\u00ebpi\">Lexo m\u00eb shum\u00eb<\/a><\/div><\/div><\/div><\/div><div class=\"wpb_column vc_column_container vc_col-sm-1\/5\"><div class=\"vc_column-inner\"><div class=\"wpb_wrapper\">\n\t<div  class=\"wpb_single_image wpb_content_element vc_align_left wpb_content_element\">\n\t\t\n\t\t<figure class=\"wpb_wrapper vc_figure\">\n\t\t\t<div class=\"vc_single_image-wrapper   vc_box_border_grey\"><img loading=\"lazy\" decoding=\"async\" width=\"61\" height=\"61\" src=\"https:\/\/www.1healthymind.com\/wp-content\/uploads\/2024\/08\/grief-and-loss.png\" class=\"vc_single_image-img attachment-full\" alt=\"\" title=\"pik\u00ebllim dhe humbje\" \/><\/div>\n\t\t<\/figure>\n\t<\/div>\n\n\t<div class=\"wpb_text_column wpb_content_element vc_custom_1723634468693 white\" >\n\t\t<div class=\"wpb_wrapper\">\n\t\t\t<h6>Zi dhe Humbje<\/h6>\n\n\t\t<\/div>\n\t<\/div>\n<div class=\"vc_btn3-container  clear vc_btn3-inline vc_do_btn\" ><a class=\"vc_general vc_btn3 vc_btn3-size-md vc_btn3-shape-rounded vc_btn3-style-modern vc_btn3-color-grey\" href=\"https:\/\/www.1healthymind.com\/sq\/grief-and-loss\/\" title=\"Sht\u00ebpi\">Lexo m\u00eb shum\u00eb<\/a><\/div><\/div><\/div><\/div><\/div><\/div><\/div><\/div><\/div><div class=\"vc_row-full-width vc_clearfix\"><\/div><div class=\"vc_row wpb_row vc_row-fluid buffer_standard\"><div class=\"wpb_column vc_column_container vc_col-sm-12\"><div class=\"vc_column-inner\"><div class=\"wpb_wrapper\"><div class=\"vc_row wpb_row vc_inner vc_row-fluid flex_wrap mobile_flex\"><div class=\"flex info_section_left second wpb_column vc_column_container vc_col-sm-6\"><div class=\"vc_column-inner\"><div class=\"wpb_wrapper\">\n\t<div class=\"wpb_text_column wpb_content_element\" >\n\t\t<div class=\"wpb_wrapper\">\n\t\t\t<h2>Besimi, Drejt\u00ebsia dhe<br \/>\nLiri nga turpi<\/h2>\n\n\t\t<\/div>\n\t<\/div>\n\n\t<div class=\"wpb_text_column wpb_content_element vc_custom_1724062032986\" >\n\t\t<div class=\"wpb_wrapper\">\n\t\t\t<p>Duke p\u00ebrdorur CBT-n\u00eb (Terapia Kognitive e Sjelljes), ne jemi t\u00eb p\u00ebrkushtuar ndaj ndershm\u00ebris\u00eb dhe transparenc\u00ebs. Q\u00ebllimi yn\u00eb \u00ebsht\u00eb t&#039;ju udh\u00ebzojm\u00eb drejt kujdesit m\u00eb t\u00eb mir\u00eb. Ne i japim p\u00ebrpar\u00ebsi mir\u00ebqenies suaj, duke aplikuar mjete CBT dhe qasje holistike p\u00ebr t\u00eb p\u00ebrmir\u00ebsuar sh\u00ebndetin tuaj t\u00eb p\u00ebrgjithsh\u00ebm dhe rutin\u00ebn e p\u00ebrditshme. Ne e kuptojm\u00eb se problemet psikologjike mund t\u00eb prekin k\u00ebdo dhe nuk ka turp t\u00eb k\u00ebrkosh ndihm\u00eb - t\u00eb gjith\u00eb kan\u00eb nevoj\u00eb p\u00ebr mb\u00ebshtetje.<\/p>\n\n\t\t<\/div>\n\t<\/div>\n<div class=\"vc_btn3-container vc_btn3-inline vc_custom_1726454775404 vc_do_btn\" ><a class=\"vc_general vc_btn3 vc_btn3-size-md vc_btn3-shape-rounded vc_btn3-style-modern vc_btn3-color-grey\" href=\"https:\/\/www.1healthymind.com\/sq\/about\/\" title=\"Sht\u00ebpi\">Rreth<\/a><\/div><\/div><\/div><\/div><div class=\"first wpb_column vc_column_container vc_col-sm-6\"><div class=\"vc_column-inner\"><div class=\"wpb_wrapper\">\n\t<div  class=\"wpb_single_image wpb_content_element vc_align_left wpb_content_element  about_badge\">\n\t\t\n\t\t<figure class=\"wpb_wrapper vc_figure\">\n\t\t\t<div class=\"vc_single_image-wrapper   vc_box_border_grey\"><img loading=\"lazy\" decoding=\"async\" width=\"198\" height=\"186\" src=\"https:\/\/www.1healthymind.com\/wp-content\/uploads\/2024\/08\/badge3.png\" class=\"vc_single_image-img attachment-full\" alt=\"\" title=\"distinktivi 3\" srcset=\"https:\/\/www.1healthymind.com\/wp-content\/uploads\/2024\/08\/badge3.png 198w, https:\/\/www.1healthymind.com\/wp-content\/uploads\/2024\/08\/badge3-60x56.png 60w, https:\/\/www.1healthymind.com\/wp-content\/uploads\/2024\/08\/badge3-110x103.png 110w\" sizes=\"auto, (max-width: 198px) 100vw, 198px\" \/><\/div>\n\t\t<\/figure>\n\t<\/div>\n\n\t<div  class=\"wpb_single_image wpb_content_element vc_align_left wpb_content_element  curved\">\n\t\t\n\t\t<figure class=\"wpb_wrapper vc_figure\">\n\t\t\t<div class=\"vc_single_image-wrapper   vc_box_border_grey\"><img loading=\"lazy\" decoding=\"async\" width=\"1000\" height=\"1170\" src=\"https:\/\/www.1healthymind.com\/wp-content\/uploads\/2024\/08\/home-about.jpg\" class=\"vc_single_image-img attachment-full\" alt=\"\" title=\"rreth sht\u00ebpis\u00eb\" srcset=\"https:\/\/www.1healthymind.com\/wp-content\/uploads\/2024\/08\/home-about.jpg 1000w, https:\/\/www.1healthymind.com\/wp-content\/uploads\/2024\/08\/home-about-256x300.jpg 256w, https:\/\/www.1healthymind.com\/wp-content\/uploads\/2024\/08\/home-about-875x1024.jpg 875w, https:\/\/www.1healthymind.com\/wp-content\/uploads\/2024\/08\/home-about-768x899.jpg 768w, https:\/\/www.1healthymind.com\/wp-content\/uploads\/2024\/08\/home-about-60x70.jpg 60w, https:\/\/www.1healthymind.com\/wp-content\/uploads\/2024\/08\/home-about-110x129.jpg 110w, https:\/\/www.1healthymind.com\/wp-content\/uploads\/2024\/08\/home-about-600x702.jpg 600w\" sizes=\"auto, (max-width: 1000px) 100vw, 1000px\" \/><\/div>\n\t\t<\/figure>\n\t<\/div>\n<\/div><\/div><\/div><\/div><\/div><\/div><\/div><\/div>\n<\/div>","protected":false},"excerpt":{"rendered":"Happiness find your way to reach it. We have seen and heard from people from all walks of life, from homeless, business leaders to celebrities and we know that there is no shame in finding life difficult \u2013 it happens to all of us from time to time. Book Now We will advise you on [...]","protected":false},"author":1,"featured_media":0,"parent":0,"menu_order":0,"comment_status":"closed","ping_status":"closed","template":"","meta":{"footnotes":""},"class_list":["post-884","page","type-page","status-publish","hentry"],"yoast_head":"<!-- This site is optimized with the Yoast SEO plugin v27.5 - https:\/\/yoast.com\/product\/yoast-seo-wordpress\/ -->\n<title>Home - 1Healthy Mind<\/title>\n<meta name=\"robots\" content=\"index, follow, max-snippet:-1, max-image-preview:large, max-video-preview:-1\" \/>\n<link rel=\"canonical\" href=\"https:\/\/www.1healthymind.com\/sq\/\" \/>\n<meta property=\"og:locale\" content=\"sq_AL\" \/>\n<meta property=\"og:type\" content=\"article\" \/>\n<meta property=\"og:title\" content=\"Home - 1Healthy Mind\" \/>\n<meta property=\"og:url\" content=\"https:\/\/www.1healthymind.com\/sq\/\" \/>\n<meta property=\"og:site_name\" content=\"1Healthy Mind\" \/>\n<meta property=\"article:modified_time\" content=\"2024-09-16T02:46:14+00:00\" \/>\n<meta name=\"twitter:card\" content=\"summary_large_image\" \/>\n<meta name=\"twitter:label1\" content=\"Est. reading time\" \/>\n\t<meta name=\"twitter:data1\" content=\"2 minuta\" \/>\n<script type=\"application\/ld+json\" class=\"yoast-schema-graph\">{\"@context\":\"https:\\\/\\\/schema.org\",\"@graph\":[{\"@type\":\"WebPage\",\"@id\":\"https:\\\/\\\/www.1healthymind.com\\\/\",\"url\":\"https:\\\/\\\/www.1healthymind.com\\\/\",\"name\":\"Home - 1Healthy Mind\",\"isPartOf\":{\"@id\":\"https:\\\/\\\/www.1healthymind.com\\\/#website\"},\"datePublished\":\"2024-08-14T10:14:27+00:00\",\"dateModified\":\"2024-09-16T02:46:14+00:00\",\"breadcrumb\":{\"@id\":\"https:\\\/\\\/www.1healthymind.com\\\/#breadcrumb\"},\"inLanguage\":\"sq\",\"potentialAction\":[{\"@type\":\"ReadAction\",\"target\":[\"https:\\\/\\\/www.1healthymind.com\\\/\"]}]},{\"@type\":\"BreadcrumbList\",\"@id\":\"https:\\\/\\\/www.1healthymind.com\\\/#breadcrumb\",\"itemListElement\":[{\"@type\":\"ListItem\",\"position\":1,\"name\":\"Home\",\"item\":\"https:\\\/\\\/www.1healthymind.com\\\/\"},{\"@type\":\"ListItem\",\"position\":2,\"name\":\"Home\"}]},{\"@type\":\"WebSite\",\"@id\":\"https:\\\/\\\/www.1healthymind.com\\\/#website\",\"url\":\"https:\\\/\\\/www.1healthymind.com\\\/\",\"name\":\"1Healthy Mind\",\"description\":\"1Healthy Mind\",\"potentialAction\":[{\"@type\":\"SearchAction\",\"target\":{\"@type\":\"EntryPoint\",\"urlTemplate\":\"https:\\\/\\\/www.1healthymind.com\\\/?s={search_term_string}\"},\"query-input\":{\"@type\":\"PropertyValueSpecification\",\"valueRequired\":true,\"valueName\":\"search_term_string\"}}],\"inLanguage\":\"sq\"}]}<\/script>\n<!-- \/ Yoast SEO plugin. -->","yoast_head_json":{"title":"Kryefaqja - 1Mendje e Sh\u00ebndetshme","robots":{"index":"index","follow":"follow","max-snippet":"max-snippet:-1","max-image-preview":"max-image-preview:large","max-video-preview":"max-video-preview:-1"},"canonical":"https:\/\/www.1healthymind.com\/sq\/","og_locale":"sq_AL","og_type":"article","og_title":"Home - 1Healthy Mind","og_url":"https:\/\/www.1healthymind.com\/sq\/","og_site_name":"1Healthy Mind","article_modified_time":"2024-09-16T02:46:14+00:00","twitter_card":"summary_large_image","twitter_misc":{"Est. reading time":"2 minuta"},"schema":{"@context":"https:\/\/schema.org","@graph":[{"@type":"WebPage","@id":"https:\/\/www.1healthymind.com\/","url":"https:\/\/www.1healthymind.com\/","name":"Kryefaqja - 1Mendje e Sh\u00ebndetshme","isPartOf":{"@id":"https:\/\/www.1healthymind.com\/#website"},"datePublished":"2024-08-14T10:14:27+00:00","dateModified":"2024-09-16T02:46:14+00:00","breadcrumb":{"@id":"https:\/\/www.1healthymind.com\/#breadcrumb"},"inLanguage":"sq","potentialAction":[{"@type":"ReadAction","target":["https:\/\/www.1healthymind.com\/"]}]},{"@type":"BreadcrumbList","@id":"https:\/\/www.1healthymind.com\/#breadcrumb","itemListElement":[{"@type":"ListItem","position":1,"name":"Home","item":"https:\/\/www.1healthymind.com\/"},{"@type":"ListItem","position":2,"name":"Home"}]},{"@type":"WebSite","@id":"https:\/\/www.1healthymind.com\/#website","url":"https:\/\/www.1healthymind.com\/","name":"1 Mendje e Sh\u00ebndetshme","description":"1 Mendje e Sh\u00ebndetshme","potentialAction":[{"@type":"SearchAction","target":{"@type":"EntryPoint","urlTemplate":"https:\/\/www.1healthymind.com\/?s={search_term_string}"},"query-input":{"@type":"PropertyValueSpecification","valueRequired":true,"valueName":"search_term_string"}}],"inLanguage":"sq"}]}},"_links":{"self":[{"href":"https:\/\/www.1healthymind.com\/sq\/wp-json\/wp\/v2\/pages\/884","targetHints":{"allow":["GET"]}}],"collection":[{"href":"https:\/\/www.1healthymind.com\/sq\/wp-json\/wp\/v2\/pages"}],"about":[{"href":"https:\/\/www.1healthymind.com\/sq\/wp-json\/wp\/v2\/types\/page"}],"author":[{"embeddable":true,"href":"https:\/\/www.1healthymind.com\/sq\/wp-json\/wp\/v2\/users\/1"}],"replies":[{"embeddable":true,"href":"https:\/\/www.1healthymind.com\/sq\/wp-json\/wp\/v2\/comments?post=884"}],"version-history":[{"count":43,"href":"https:\/\/www.1healthymind.com\/sq\/wp-json\/wp\/v2\/pages\/884\/revisions"}],"predecessor-version":[{"id":1181,"href":"https:\/\/www.1healthymind.com\/sq\/wp-json\/wp\/v2\/pages\/884\/revisions\/1181"}],"wp:attachment":[{"href":"https:\/\/www.1healthymind.com\/sq\/wp-json\/wp\/v2\/media?parent=884"}],"curies":[{"name":"wp","href":"https:\/\/api.w.org\/{rel}","templated":true}]}}