{"id":1360,"date":"2025-04-11T04:54:54","date_gmt":"2025-04-11T04:54:54","guid":{"rendered":"https:\/\/www.1healthymind.com\/?page_id=1360"},"modified":"2025-04-11T06:49:12","modified_gmt":"2025-04-11T06:49:12","slug":"products","status":"publish","type":"page","link":"https:\/\/www.1healthymind.com\/sq\/products\/","title":{"rendered":"Produkte"},"content":{"rendered":"<div class=\"wpb-content-wrapper\"><div data-vc-full-width=\"true\" data-vc-full-width-temp=\"true\" data-vc-full-width-init=\"false\" class=\"vc_row wpb_row vc_row-fluid page_header_wrap\"><div class=\"wpb_column vc_column_container vc_col-sm-12\"><div class=\"vc_column-inner\"><div class=\"wpb_wrapper\"><div class=\"vc_row wpb_row vc_inner vc_row-fluid\"><div class=\"wpb_column vc_column_container vc_col-sm-8\"><div class=\"vc_column-inner\"><div class=\"wpb_wrapper\">\n\t<div class=\"wpb_text_column wpb_content_element\" >\n\t\t<div class=\"wpb_wrapper\">\n\t\t\t<h1>Produkte<\/h1>\n\n\t\t<\/div>\n\t<\/div>\n\n\t<div class=\"wpb_text_column wpb_content_element vc_custom_1724066565477\" >\n\t\t<div class=\"wpb_wrapper\">\n\t\t\t<p>Njer\u00ebzit k\u00ebrkojn\u00eb terapi p\u00ebr t\u00eb p\u00ebrballuar sfidat e jet\u00ebs, p\u00ebr t\u00eb sh\u00ebruar plag\u00ebt emocionale dhe p\u00ebr t\u00eb gjetur qart\u00ebsi. N\u00ebse po kaloni nj\u00eb periudh\u00eb t\u00eb v\u00ebshtir\u00eb, keni nevoj\u00eb p\u00ebr drejtim ose jeni gati t\u00eb ndryshoni rutin\u00ebn dhe mir\u00ebqenien tuaj t\u00eb p\u00ebrgjithshme, ne jemi k\u00ebtu p\u00ebr t&#039;ju mb\u00ebshtetur. Rezervoni nj\u00eb seanc\u00eb sot dhe filloni udh\u00ebtimin tuaj drejt suksesit.<\/p>\n\n\t\t<\/div>\n\t<\/div>\n<\/div><\/div><\/div><div class=\"wpb_column vc_column_container vc_col-sm-4\"><div class=\"vc_column-inner\"><div class=\"wpb_wrapper\"><\/div><\/div><\/div><\/div><\/div><\/div><\/div><\/div><div class=\"vc_row-full-width vc_clearfix\"><\/div><div class=\"vc_row wpb_row vc_row-fluid buffer_small\"><div class=\"wpb_column vc_column_container vc_col-sm-12\"><div class=\"vc_column-inner\"><div class=\"wpb_wrapper\"><div class=\"woocommerce columns-4\"><ul class=\"products columns-4\">\n<li class=\"product type-product post-1367 status-publish first instock product_cat-uncategorised has-post-thumbnail shipping-taxable purchasable product-type-simple\">\n\t<a href=\"https:\/\/www.1healthymind.com\/sq\/produkt\/journal-a-practical-cbt-workbook\/\" class=\"woocommerce-LoopProduct-link woocommerce-loop-product__link\"><img loading=\"lazy\" decoding=\"async\" width=\"300\" height=\"300\" src=\"https:\/\/www.1healthymind.com\/wp-content\/uploads\/2025\/04\/q6k829q-front-shortedge-384-300x300.jpg\" class=\"attachment-woocommerce_thumbnail size-woocommerce_thumbnail\" alt=\"Journal - A Practical CBT Workbook\" srcset=\"https:\/\/www.1healthymind.com\/wp-content\/uploads\/2025\/04\/q6k829q-front-shortedge-384-300x300.jpg 300w, https:\/\/www.1healthymind.com\/wp-content\/uploads\/2025\/04\/q6k829q-front-shortedge-384-100x100.jpg 100w\" sizes=\"auto, (max-width: 300px) 100vw, 300px\" \/><h2 class=\"woocommerce-loop-product__title\">Revista \u2013 Nj\u00eb Lib\u00ebr Pune Praktik i CBT-s\u00eb<\/h2>\n\t<span class=\"price\"><span class=\"woocommerce-Price-amount amount\"><bdi><span class=\"woocommerce-Price-currencySymbol\">\u20ac<\/span>25.00<\/bdi><\/span><\/span>\n<\/a><a href=\"\/sq\/wp-json\/wp\/v2\/pages\/1360?add-to-cart=1367\" aria-describedby=\"woocommerce_loop_add_to_cart_link_describedby_1367\" data-quantity=\"1\" class=\"button product_type_simple add_to_cart_button ajax_add_to_cart\" data-product_id=\"1367\" data-product_sku=\"wz5de\" aria-label=\"Shtoje n\u00eb shport\u00eb: \u201cJournal - A Practical CBT Workbook\u201d\" rel=\"nofollow\" data-success_message=\"\u201cJournal - A Practical CBT Workbook\u201d u shtua n\u00eb shport\u00ebn tuaj\" role=\"button\" data-no-translation=\"\" data-trp-gettext=\"\" data-no-translation-aria-label=\"\" data-no-translation-data-success_message=\"\">Shto n\u00eb shport\u00eb<\/a>\t<span id=\"woocommerce_loop_add_to_cart_link_describedby_1367\" class=\"screen-reader-text\">\n\t\t\t<\/span>\n<\/li>\n<li class=\"product type-product post-1353 status-publish instock product_cat-uncategorised has-post-thumbnail shipping-taxable purchasable product-type-simple\">\n\t<a href=\"https:\/\/www.1healthymind.com\/sq\/produkt\/worry-free-workbook\/\" class=\"woocommerce-LoopProduct-link woocommerce-loop-product__link\"><img loading=\"lazy\" decoding=\"async\" width=\"300\" height=\"300\" src=\"https:\/\/www.1healthymind.com\/wp-content\/uploads\/2025\/04\/656kqm4-front-shortedge-384-300x300.jpg\" class=\"attachment-woocommerce_thumbnail size-woocommerce_thumbnail\" alt=\"Worry Free Workbook\" srcset=\"https:\/\/www.1healthymind.com\/wp-content\/uploads\/2025\/04\/656kqm4-front-shortedge-384-300x300.jpg 300w, https:\/\/www.1healthymind.com\/wp-content\/uploads\/2025\/04\/656kqm4-front-shortedge-384-100x100.jpg 100w\" sizes=\"auto, (max-width: 300px) 100vw, 300px\" \/><h2 class=\"woocommerce-loop-product__title\">Libri i Pun\u00ebs pa Shqet\u00ebsime<\/h2>\n\t<span class=\"price\"><span class=\"woocommerce-Price-amount amount\"><bdi><span class=\"woocommerce-Price-currencySymbol\">\u20ac<\/span>35.00<\/bdi><\/span><\/span>\n<\/a><a href=\"\/sq\/wp-json\/wp\/v2\/pages\/1360?add-to-cart=1353\" aria-describedby=\"woocommerce_loop_add_to_cart_link_describedby_1353\" data-quantity=\"1\" class=\"button product_type_simple add_to_cart_button ajax_add_to_cart\" data-product_id=\"1353\" data-product_sku=\"q952y\" aria-label=\"Shtoje n\u00eb shport\u00eb: \u201cWorry Free Workbook\u201d\" rel=\"nofollow\" data-success_message=\"\u201cWorry Free Workbook\u201d u shtua n\u00eb shport\u00ebn tuaj\" role=\"button\" data-no-translation=\"\" data-trp-gettext=\"\" data-no-translation-aria-label=\"\" data-no-translation-data-success_message=\"\">Shto n\u00eb shport\u00eb<\/a>\t<span id=\"woocommerce_loop_add_to_cart_link_describedby_1353\" class=\"screen-reader-text\">\n\t\t\t<\/span>\n<\/li>\n<\/ul>\n<\/div><\/div><\/div><\/div><\/div>\n<\/div>","protected":false},"excerpt":{"rendered":"Products People seek therapy to navigate life\u2019s challenges, heal emotional wounds, and find clarity. If you\u2019re going through a hard time, need direction, or are ready to change your routine and overall well-being, we\u2019re here to support you. Book a session today and start your journey to thriving. Journal &#8211; A Practical CBT Workbook &euro;25.00 [...]","protected":false},"author":1,"featured_media":0,"parent":0,"menu_order":0,"comment_status":"closed","ping_status":"closed","template":"","meta":{"footnotes":""},"class_list":["post-1360","page","type-page","status-publish","hentry"],"yoast_head":"<!-- This site is optimized with the Yoast SEO plugin v27.5 - https:\/\/yoast.com\/product\/yoast-seo-wordpress\/ -->\n<title>Products - 1Healthy Mind<\/title>\n<meta name=\"robots\" content=\"index, follow, max-snippet:-1, max-image-preview:large, max-video-preview:-1\" \/>\n<link rel=\"canonical\" href=\"https:\/\/www.1healthymind.com\/sq\/products\/\" \/>\n<meta property=\"og:locale\" content=\"sq_AL\" \/>\n<meta property=\"og:type\" content=\"article\" \/>\n<meta property=\"og:title\" content=\"Products - 1Healthy Mind\" \/>\n<meta property=\"og:url\" content=\"https:\/\/www.1healthymind.com\/sq\/products\/\" \/>\n<meta property=\"og:site_name\" content=\"1Healthy Mind\" \/>\n<meta property=\"article:modified_time\" content=\"2025-04-11T06:49:12+00:00\" \/>\n<meta name=\"twitter:card\" content=\"summary_large_image\" \/>\n<meta name=\"twitter:label1\" content=\"Est. reading time\" \/>\n\t<meta name=\"twitter:data1\" content=\"1 minut\u00eb\" \/>\n<script type=\"application\/ld+json\" class=\"yoast-schema-graph\">{\"@context\":\"https:\\\/\\\/schema.org\",\"@graph\":[{\"@type\":\"WebPage\",\"@id\":\"https:\\\/\\\/www.1healthymind.com\\\/products\\\/\",\"url\":\"https:\\\/\\\/www.1healthymind.com\\\/products\\\/\",\"name\":\"Products - 1Healthy Mind\",\"isPartOf\":{\"@id\":\"https:\\\/\\\/www.1healthymind.com\\\/#website\"},\"datePublished\":\"2025-04-11T04:54:54+00:00\",\"dateModified\":\"2025-04-11T06:49:12+00:00\",\"breadcrumb\":{\"@id\":\"https:\\\/\\\/www.1healthymind.com\\\/products\\\/#breadcrumb\"},\"inLanguage\":\"sq\",\"potentialAction\":[{\"@type\":\"ReadAction\",\"target\":[\"https:\\\/\\\/www.1healthymind.com\\\/products\\\/\"]}]},{\"@type\":\"BreadcrumbList\",\"@id\":\"https:\\\/\\\/www.1healthymind.com\\\/products\\\/#breadcrumb\",\"itemListElement\":[{\"@type\":\"ListItem\",\"position\":1,\"name\":\"Home\",\"item\":\"https:\\\/\\\/www.1healthymind.com\\\/\"},{\"@type\":\"ListItem\",\"position\":2,\"name\":\"Products\"}]},{\"@type\":\"WebSite\",\"@id\":\"https:\\\/\\\/www.1healthymind.com\\\/#website\",\"url\":\"https:\\\/\\\/www.1healthymind.com\\\/\",\"name\":\"1Healthy Mind\",\"description\":\"1Healthy Mind\",\"potentialAction\":[{\"@type\":\"SearchAction\",\"target\":{\"@type\":\"EntryPoint\",\"urlTemplate\":\"https:\\\/\\\/www.1healthymind.com\\\/?s={search_term_string}\"},\"query-input\":{\"@type\":\"PropertyValueSpecification\",\"valueRequired\":true,\"valueName\":\"search_term_string\"}}],\"inLanguage\":\"sq\"}]}<\/script>\n<!-- \/ Yoast SEO plugin. -->","yoast_head_json":{"title":"Produkte - 1Mendje e Sh\u00ebndetshme","robots":{"index":"index","follow":"follow","max-snippet":"max-snippet:-1","max-image-preview":"max-image-preview:large","max-video-preview":"max-video-preview:-1"},"canonical":"https:\/\/www.1healthymind.com\/sq\/products\/","og_locale":"sq_AL","og_type":"article","og_title":"Products - 1Healthy Mind","og_url":"https:\/\/www.1healthymind.com\/sq\/products\/","og_site_name":"1Healthy Mind","article_modified_time":"2025-04-11T06:49:12+00:00","twitter_card":"summary_large_image","twitter_misc":{"Est. reading time":"1 minut\u00eb"},"schema":{"@context":"https:\/\/schema.org","@graph":[{"@type":"WebPage","@id":"https:\/\/www.1healthymind.com\/products\/","url":"https:\/\/www.1healthymind.com\/products\/","name":"Produkte - 1Mendje e Sh\u00ebndetshme","isPartOf":{"@id":"https:\/\/www.1healthymind.com\/#website"},"datePublished":"2025-04-11T04:54:54+00:00","dateModified":"2025-04-11T06:49:12+00:00","breadcrumb":{"@id":"https:\/\/www.1healthymind.com\/products\/#breadcrumb"},"inLanguage":"sq","potentialAction":[{"@type":"ReadAction","target":["https:\/\/www.1healthymind.com\/products\/"]}]},{"@type":"BreadcrumbList","@id":"https:\/\/www.1healthymind.com\/products\/#breadcrumb","itemListElement":[{"@type":"ListItem","position":1,"name":"Home","item":"https:\/\/www.1healthymind.com\/"},{"@type":"ListItem","position":2,"name":"Products"}]},{"@type":"WebSite","@id":"https:\/\/www.1healthymind.com\/#website","url":"https:\/\/www.1healthymind.com\/","name":"1 Mendje e Sh\u00ebndetshme","description":"1 Mendje e Sh\u00ebndetshme","potentialAction":[{"@type":"SearchAction","target":{"@type":"EntryPoint","urlTemplate":"https:\/\/www.1healthymind.com\/?s={search_term_string}"},"query-input":{"@type":"PropertyValueSpecification","valueRequired":true,"valueName":"search_term_string"}}],"inLanguage":"sq"}]}},"_links":{"self":[{"href":"https:\/\/www.1healthymind.com\/sq\/wp-json\/wp\/v2\/pages\/1360","targetHints":{"allow":["GET"]}}],"collection":[{"href":"https:\/\/www.1healthymind.com\/sq\/wp-json\/wp\/v2\/pages"}],"about":[{"href":"https:\/\/www.1healthymind.com\/sq\/wp-json\/wp\/v2\/types\/page"}],"author":[{"embeddable":true,"href":"https:\/\/www.1healthymind.com\/sq\/wp-json\/wp\/v2\/users\/1"}],"replies":[{"embeddable":true,"href":"https:\/\/www.1healthymind.com\/sq\/wp-json\/wp\/v2\/comments?post=1360"}],"version-history":[{"count":3,"href":"https:\/\/www.1healthymind.com\/sq\/wp-json\/wp\/v2\/pages\/1360\/revisions"}],"predecessor-version":[{"id":1373,"href":"https:\/\/www.1healthymind.com\/sq\/wp-json\/wp\/v2\/pages\/1360\/revisions\/1373"}],"wp:attachment":[{"href":"https:\/\/www.1healthymind.com\/sq\/wp-json\/wp\/v2\/media?parent=1360"}],"curies":[{"name":"wp","href":"https:\/\/api.w.org\/{rel}","templated":true}]}}