{"id":1059,"date":"2024-08-19T09:27:00","date_gmt":"2024-08-19T09:27:00","guid":{"rendered":"https:\/\/www.empowerwebdesign.com.au\/demo\/1healthymind\/?page_id=1059"},"modified":"2024-08-19T10:56:32","modified_gmt":"2024-08-19T10:56:32","slug":"couple-therapy","status":"publish","type":"page","link":"https:\/\/www.1healthymind.com\/sq\/couple-therapy\/","title":{"rendered":"Terapi n\u00eb \u00e7ift"},"content":{"rendered":"<div class=\"wpb-content-wrapper\"><div data-vc-full-width=\"true\" data-vc-full-width-temp=\"true\" data-vc-full-width-init=\"false\" class=\"vc_row wpb_row vc_row-fluid page_header_wrap\"><div class=\"wpb_column vc_column_container vc_col-sm-12\"><div class=\"vc_column-inner\"><div class=\"wpb_wrapper\"><div class=\"vc_row wpb_row vc_inner vc_row-fluid\"><div class=\"wpb_column vc_column_container vc_col-sm-8\"><div class=\"vc_column-inner\"><div class=\"wpb_wrapper\">\n\t<div class=\"wpb_text_column wpb_content_element\" >\n\t\t<div class=\"wpb_wrapper\">\n\t\t\t<h1>Terapi n\u00eb \u00e7ift<\/h1>\n\n\t\t<\/div>\n\t<\/div>\n<\/div><\/div><\/div><div class=\"wpb_column vc_column_container vc_col-sm-4\"><div class=\"vc_column-inner\"><div class=\"wpb_wrapper\"><\/div><\/div><\/div><\/div><\/div><\/div><\/div><\/div><div class=\"vc_row-full-width vc_clearfix\"><\/div><div class=\"vc_row wpb_row vc_row-fluid buffer_small\"><div class=\"wpb_column vc_column_container vc_col-sm-12\"><div class=\"vc_column-inner\"><div class=\"wpb_wrapper\"><div class=\"vc_row wpb_row vc_inner vc_row-fluid\"><div class=\"info_section_left wpb_column vc_column_container vc_col-sm-8\"><div class=\"vc_column-inner\"><div class=\"wpb_wrapper\">\n\t<div class=\"wpb_text_column wpb_content_element\" >\n\t\t<div class=\"wpb_wrapper\">\n\t\t\t<p><b>Kuptimi i Terapis\u00eb s\u00eb \u00c7ifteve<\/b><\/p>\n<p>Terapia n\u00eb \u00e7ift \u00ebsht\u00eb projektuar p\u00ebr t\u00eb ndihmuar partner\u00ebt t\u00eb p\u00ebrmir\u00ebsojn\u00eb marr\u00ebdh\u00ebnien e tyre, t\u00eb adresojn\u00eb konfliktet dhe t\u00eb forcojn\u00eb komunikimin. Ajo ofron nj\u00eb hap\u00ebsir\u00eb mb\u00ebshtet\u00ebse p\u00ebr t\u00eb zgjidhur problemet, p\u00ebr t\u00eb rind\u00ebrtuar lidhjet dhe p\u00ebr t\u00eb nxitur nj\u00eb dinamik\u00eb m\u00eb t\u00eb sh\u00ebndetshme n\u00eb marr\u00ebdh\u00ebnie.<\/p>\n<p><b>\u00c7\u00ebshtje t\u00eb zakonshme t\u00eb trajtuara n\u00eb terapin\u00eb n\u00eb \u00e7ift:<\/b><\/p>\n<ul>\n<li>Konflikte ose debate t\u00eb vazhdueshme<\/li>\n<li>Probleme komunikimi<\/li>\n<li>Distanca emocionale ose mungesa e intimitetit<\/li>\n<li>Probleme besimi ose pabesi<\/li>\n<li>V\u00ebshtir\u00ebsi n\u00eb menaxhimin e stresit ose tranzicioneve t\u00eb jet\u00ebs s\u00eb bashku<\/li>\n<li>Pritje ose vlera t\u00eb ndryshme<\/li>\n<li>Shqet\u00ebsime seksuale ose financiare<\/li>\n<\/ul>\n<p><b>N\u00eb seancat tona, ne p\u00ebrdorim mjete t\u00eb Terapis\u00eb Kognitive t\u00eb Sjelljes (CBT), duke p\u00ebrfshir\u00eb:<\/b><\/p>\n<ul>\n<li><b> <\/b><b>Trajnim p\u00ebr Aft\u00ebsit\u00eb e Komunikimit:<\/b> P\u00ebrmir\u00ebsimi i teknikave efektive t\u00eb komunikimit p\u00ebr t\u00eb p\u00ebrmir\u00ebsuar mir\u00ebkuptimin dhe p\u00ebr t\u00eb zvog\u00ebluar keqkuptimet.<\/li>\n<li><b> <\/b><b>Strategjit\u00eb e Zgjidhjes s\u00eb Konflikteve:<\/b> Zhvillimi i qasjeve p\u00ebr t\u00eb adresuar dhe zgjidhur konfliktet n\u00eb m\u00ebnyr\u00eb konstruktive.<\/li>\n<li><b> <\/b><b>Nd\u00ebrhyrjet e sjelljes:<\/b> Zbatimi i ndryshimeve n\u00eb sjellje p\u00ebr t\u00eb p\u00ebrmir\u00ebsuar nd\u00ebrveprimet dhe p\u00ebr t\u00eb forcuar marr\u00ebdh\u00ebnien.<\/li>\n<li><b> <\/b><b>Ristrukturimi njoh\u00ebs:<\/b> Identifikimi dhe sfidimi i modeleve negative t\u00eb t\u00eb menduarit q\u00eb ndikojn\u00eb n\u00eb marr\u00ebdh\u00ebnie.<\/li>\n<\/ul>\n<p>Ne ofrojm\u00eb nj\u00eb mjedis t\u00eb sigurt dhe bashk\u00ebpunues ku t\u00eb dy partner\u00ebt mund t\u00eb shprehin shqet\u00ebsimet e tyre, t\u00eb kap\u00ebrcejn\u00eb sfidat dhe t\u00eb nd\u00ebrtojn\u00eb nj\u00eb marr\u00ebdh\u00ebnie m\u00eb t\u00eb fort\u00eb dhe m\u00eb t\u00eb p\u00ebrmbushur.<\/p>\n\n\t\t<\/div>\n\t<\/div>\n<\/div><\/div><\/div><div class=\"services_sidebar wpb_column vc_column_container vc_col-sm-4\"><div class=\"vc_column-inner\"><div class=\"wpb_wrapper\"><div  class=\"wpb_widgetised_column wpb_content_element\">\n\t\t<div class=\"wpb_wrapper\">\n\t\t\t<h2 class=\"wpb_heading wpb_widgetised_column_heading\">Sh\u00ebrbimet<\/h2>\n\t\t\t<div id=\"sidebar_widget\" class=\"two\"><div class=\"menu-services-menu-container\"><ul id=\"menu-services-menu\" class=\"menu\"><li id=\"menu-item-970\" class=\"menu-item menu-item-type-post_type menu-item-object-page menu-item-970\"><a href=\"https:\/\/www.1healthymind.com\/sq\/obsessive-compulsive-disorder-ocd\/\">\u00c7rregullimi obsesiv-kompulsiv (OCD)<\/a><\/li>\n<li id=\"menu-item-967\" class=\"menu-item menu-item-type-post_type menu-item-object-page menu-item-967\"><a href=\"https:\/\/www.1healthymind.com\/sq\/anxiety\/\">Ankthi<\/a><\/li>\n<li id=\"menu-item-961\" class=\"menu-item menu-item-type-post_type menu-item-object-page menu-item-961\"><a href=\"https:\/\/www.1healthymind.com\/sq\/depression\/\">Depresioni<\/a><\/li>\n<li id=\"menu-item-973\" class=\"menu-item menu-item-type-post_type menu-item-object-page menu-item-973\"><a href=\"https:\/\/www.1healthymind.com\/sq\/panic-disorder\/\">\u00c7rregullim paniku<\/a><\/li>\n<li id=\"menu-item-958\" class=\"menu-item menu-item-type-post_type menu-item-object-page menu-item-958\"><a href=\"https:\/\/www.1healthymind.com\/sq\/post-traumatic-stress-disorder-ptsd\/\">\u00c7rregullimi i Stresit Post-traumatik (PTSD)<\/a><\/li>\n<li id=\"menu-item-964\" class=\"menu-item menu-item-type-post_type menu-item-object-page menu-item-964\"><a href=\"https:\/\/www.1healthymind.com\/sq\/psychotherapy\/\">Psikoterapi<\/a><\/li>\n<li id=\"menu-item-1077\" class=\"menu-item menu-item-type-post_type menu-item-object-page menu-item-1077\"><a href=\"https:\/\/www.1healthymind.com\/sq\/couple-therapy\/\">Terapi n\u00eb \u00e7ift<\/a><\/li>\n<li id=\"menu-item-1076\" class=\"menu-item menu-item-type-post_type menu-item-object-page menu-item-1076\"><a href=\"https:\/\/www.1healthymind.com\/sq\/social-anxiety\/\">Ankthi Social<\/a><\/li>\n<li id=\"menu-item-947\" class=\"menu-item menu-item-type-post_type menu-item-object-page menu-item-947\"><a href=\"https:\/\/www.1healthymind.com\/sq\/agoraphobia\/\">Agorafobi<\/a><\/li>\n<li id=\"menu-item-955\" class=\"menu-item menu-item-type-post_type menu-item-object-page menu-item-955\"><a href=\"https:\/\/www.1healthymind.com\/sq\/grief-and-loss\/\">Zi dhe Humbje<\/a><\/li>\n<\/ul><\/div><\/div>\n\t\t<\/div>\n\t<\/div>\n<\/div><\/div><\/div><\/div><\/div><\/div><\/div><\/div>\n<\/div>","protected":false},"excerpt":{"rendered":"Couple Therapy Understanding Couple Therapy Couple therapy is designed to help partners improve their relationship, address conflicts, and enhance communication. It provides a supportive space to work through issues, rebuild connections, and foster a healthier relationship dynamic. Common Issues Addressed in Couple Therapy: Persistent conflicts or arguments Communication problems Emotional distance or lack of intimacy [...]","protected":false},"author":1,"featured_media":0,"parent":0,"menu_order":0,"comment_status":"closed","ping_status":"closed","template":"","meta":{"footnotes":""},"class_list":["post-1059","page","type-page","status-publish","hentry"],"yoast_head":"<!-- This site is optimized with the Yoast SEO plugin v27.5 - https:\/\/yoast.com\/product\/yoast-seo-wordpress\/ -->\n<title>Couple Therapy - 1Healthy Mind<\/title>\n<meta name=\"robots\" content=\"index, follow, max-snippet:-1, max-image-preview:large, max-video-preview:-1\" \/>\n<link rel=\"canonical\" href=\"https:\/\/www.1healthymind.com\/sq\/couple-therapy\/\" \/>\n<meta property=\"og:locale\" content=\"sq_AL\" \/>\n<meta property=\"og:type\" content=\"article\" \/>\n<meta property=\"og:title\" content=\"Couple Therapy - 1Healthy Mind\" \/>\n<meta property=\"og:url\" content=\"https:\/\/www.1healthymind.com\/sq\/couple-therapy\/\" \/>\n<meta property=\"og:site_name\" content=\"1Healthy Mind\" \/>\n<meta property=\"article:modified_time\" content=\"2024-08-19T10:56:32+00:00\" \/>\n<meta name=\"twitter:card\" content=\"summary_large_image\" \/>\n<meta name=\"twitter:label1\" content=\"Est. reading time\" \/>\n\t<meta name=\"twitter:data1\" content=\"1 minut\u00eb\" \/>\n<script type=\"application\/ld+json\" class=\"yoast-schema-graph\">{\"@context\":\"https:\\\/\\\/schema.org\",\"@graph\":[{\"@type\":\"WebPage\",\"@id\":\"https:\\\/\\\/www.1healthymind.com\\\/couple-therapy\\\/\",\"url\":\"https:\\\/\\\/www.1healthymind.com\\\/couple-therapy\\\/\",\"name\":\"Couple Therapy - 1Healthy Mind\",\"isPartOf\":{\"@id\":\"https:\\\/\\\/www.1healthymind.com\\\/#website\"},\"datePublished\":\"2024-08-19T09:27:00+00:00\",\"dateModified\":\"2024-08-19T10:56:32+00:00\",\"breadcrumb\":{\"@id\":\"https:\\\/\\\/www.1healthymind.com\\\/couple-therapy\\\/#breadcrumb\"},\"inLanguage\":\"sq\",\"potentialAction\":[{\"@type\":\"ReadAction\",\"target\":[\"https:\\\/\\\/www.1healthymind.com\\\/couple-therapy\\\/\"]}]},{\"@type\":\"BreadcrumbList\",\"@id\":\"https:\\\/\\\/www.1healthymind.com\\\/couple-therapy\\\/#breadcrumb\",\"itemListElement\":[{\"@type\":\"ListItem\",\"position\":1,\"name\":\"Home\",\"item\":\"https:\\\/\\\/www.1healthymind.com\\\/\"},{\"@type\":\"ListItem\",\"position\":2,\"name\":\"Couple Therapy\"}]},{\"@type\":\"WebSite\",\"@id\":\"https:\\\/\\\/www.1healthymind.com\\\/#website\",\"url\":\"https:\\\/\\\/www.1healthymind.com\\\/\",\"name\":\"1Healthy Mind\",\"description\":\"1Healthy Mind\",\"potentialAction\":[{\"@type\":\"SearchAction\",\"target\":{\"@type\":\"EntryPoint\",\"urlTemplate\":\"https:\\\/\\\/www.1healthymind.com\\\/?s={search_term_string}\"},\"query-input\":{\"@type\":\"PropertyValueSpecification\",\"valueRequired\":true,\"valueName\":\"search_term_string\"}}],\"inLanguage\":\"sq\"}]}<\/script>\n<!-- \/ Yoast SEO plugin. -->","yoast_head_json":{"title":"Couple Therapy - 1Healthy Mind","robots":{"index":"index","follow":"follow","max-snippet":"max-snippet:-1","max-image-preview":"max-image-preview:large","max-video-preview":"max-video-preview:-1"},"canonical":"https:\/\/www.1healthymind.com\/sq\/couple-therapy\/","og_locale":"sq_AL","og_type":"article","og_title":"Couple Therapy - 1Healthy Mind","og_url":"https:\/\/www.1healthymind.com\/sq\/couple-therapy\/","og_site_name":"1Healthy Mind","article_modified_time":"2024-08-19T10:56:32+00:00","twitter_card":"summary_large_image","twitter_misc":{"Est. reading time":"1 minut\u00eb"},"schema":{"@context":"https:\/\/schema.org","@graph":[{"@type":"WebPage","@id":"https:\/\/www.1healthymind.com\/couple-therapy\/","url":"https:\/\/www.1healthymind.com\/couple-therapy\/","name":"Couple Therapy - 1Healthy Mind","isPartOf":{"@id":"https:\/\/www.1healthymind.com\/#website"},"datePublished":"2024-08-19T09:27:00+00:00","dateModified":"2024-08-19T10:56:32+00:00","breadcrumb":{"@id":"https:\/\/www.1healthymind.com\/couple-therapy\/#breadcrumb"},"inLanguage":"sq","potentialAction":[{"@type":"ReadAction","target":["https:\/\/www.1healthymind.com\/couple-therapy\/"]}]},{"@type":"BreadcrumbList","@id":"https:\/\/www.1healthymind.com\/couple-therapy\/#breadcrumb","itemListElement":[{"@type":"ListItem","position":1,"name":"Home","item":"https:\/\/www.1healthymind.com\/"},{"@type":"ListItem","position":2,"name":"Couple Therapy"}]},{"@type":"WebSite","@id":"https:\/\/www.1healthymind.com\/#website","url":"https:\/\/www.1healthymind.com\/","name":"1 Mendje e Sh\u00ebndetshme","description":"1 Mendje e Sh\u00ebndetshme","potentialAction":[{"@type":"SearchAction","target":{"@type":"EntryPoint","urlTemplate":"https:\/\/www.1healthymind.com\/?s={search_term_string}"},"query-input":{"@type":"PropertyValueSpecification","valueRequired":true,"valueName":"search_term_string"}}],"inLanguage":"sq"}]}},"_links":{"self":[{"href":"https:\/\/www.1healthymind.com\/sq\/wp-json\/wp\/v2\/pages\/1059","targetHints":{"allow":["GET"]}}],"collection":[{"href":"https:\/\/www.1healthymind.com\/sq\/wp-json\/wp\/v2\/pages"}],"about":[{"href":"https:\/\/www.1healthymind.com\/sq\/wp-json\/wp\/v2\/types\/page"}],"author":[{"embeddable":true,"href":"https:\/\/www.1healthymind.com\/sq\/wp-json\/wp\/v2\/users\/1"}],"replies":[{"embeddable":true,"href":"https:\/\/www.1healthymind.com\/sq\/wp-json\/wp\/v2\/comments?post=1059"}],"version-history":[{"count":2,"href":"https:\/\/www.1healthymind.com\/sq\/wp-json\/wp\/v2\/pages\/1059\/revisions"}],"predecessor-version":[{"id":1082,"href":"https:\/\/www.1healthymind.com\/sq\/wp-json\/wp\/v2\/pages\/1059\/revisions\/1082"}],"wp:attachment":[{"href":"https:\/\/www.1healthymind.com\/sq\/wp-json\/wp\/v2\/media?parent=1059"}],"curies":[{"name":"wp","href":"https:\/\/api.w.org\/{rel}","templated":true}]}}