{"id":1017,"date":"2024-08-16T06:01:56","date_gmt":"2024-08-16T06:01:56","guid":{"rendered":"https:\/\/www.empowerwebdesign.com.au\/demo\/1healthymind\/?page_id=1017"},"modified":"2025-04-11T04:54:09","modified_gmt":"2025-04-11T04:54:09","slug":"sessions","status":"publish","type":"page","link":"https:\/\/www.1healthymind.com\/sq\/sessions\/","title":{"rendered":"Sesione"},"content":{"rendered":"<div class=\"wpb-content-wrapper\"><div data-vc-full-width=\"true\" data-vc-full-width-temp=\"true\" data-vc-full-width-init=\"false\" class=\"vc_row wpb_row vc_row-fluid page_header_wrap\"><div class=\"wpb_column vc_column_container vc_col-sm-12\"><div class=\"vc_column-inner\"><div class=\"wpb_wrapper\"><div class=\"vc_row wpb_row vc_inner vc_row-fluid\"><div class=\"wpb_column vc_column_container vc_col-sm-8\"><div class=\"vc_column-inner\"><div class=\"wpb_wrapper\">\n\t<div class=\"wpb_text_column wpb_content_element\" >\n\t\t<div class=\"wpb_wrapper\">\n\t\t\t<h1>Sesione<\/h1>\n\n\t\t<\/div>\n\t<\/div>\n\n\t<div class=\"wpb_text_column wpb_content_element vc_custom_1724066565477\" >\n\t\t<div class=\"wpb_wrapper\">\n\t\t\t<p>Njer\u00ebzit k\u00ebrkojn\u00eb terapi p\u00ebr t\u00eb p\u00ebrballuar sfidat e jet\u00ebs, p\u00ebr t\u00eb sh\u00ebruar plag\u00ebt emocionale dhe p\u00ebr t\u00eb gjetur qart\u00ebsi. N\u00ebse po kaloni nj\u00eb periudh\u00eb t\u00eb v\u00ebshtir\u00eb, keni nevoj\u00eb p\u00ebr drejtim ose jeni gati t\u00eb ndryshoni rutin\u00ebn dhe mir\u00ebqenien tuaj t\u00eb p\u00ebrgjithshme, ne jemi k\u00ebtu p\u00ebr t&#039;ju mb\u00ebshtetur. Rezervoni nj\u00eb seanc\u00eb sot dhe filloni udh\u00ebtimin tuaj drejt suksesit.<\/p>\n\n\t\t<\/div>\n\t<\/div>\n<\/div><\/div><\/div><div class=\"wpb_column vc_column_container vc_col-sm-4\"><div class=\"vc_column-inner\"><div class=\"wpb_wrapper\"><\/div><\/div><\/div><\/div><\/div><\/div><\/div><\/div><div class=\"vc_row-full-width vc_clearfix\"><\/div><div class=\"vc_row wpb_row vc_row-fluid buffer_small\"><div class=\"wpb_column vc_column_container vc_col-sm-12\"><div class=\"vc_column-inner\"><div class=\"wpb_wrapper\"><div class=\"woocommerce columns-4\"><ul class=\"products columns-4\">\n<li class=\"product type-product post-1003 status-publish first instock product_cat-sessions has-post-thumbnail virtual purchasable product-type-simple\">\n\t<a href=\"https:\/\/www.1healthymind.com\/sq\/produkt\/one-session\/\" class=\"woocommerce-LoopProduct-link woocommerce-loop-product__link\"><img loading=\"lazy\" decoding=\"async\" width=\"300\" height=\"300\" src=\"https:\/\/www.1healthymind.com\/wp-content\/uploads\/2024\/08\/1session-300x300.jpg\" class=\"attachment-woocommerce_thumbnail size-woocommerce_thumbnail\" alt=\"One Session\" srcset=\"https:\/\/www.1healthymind.com\/wp-content\/uploads\/2024\/08\/1session-300x300.jpg 300w, https:\/\/www.1healthymind.com\/wp-content\/uploads\/2024\/08\/1session-1024x1024.jpg 1024w, https:\/\/www.1healthymind.com\/wp-content\/uploads\/2024\/08\/1session-768x768.jpg 768w, https:\/\/www.1healthymind.com\/wp-content\/uploads\/2024\/08\/1session-60x60.jpg 60w, https:\/\/www.1healthymind.com\/wp-content\/uploads\/2024\/08\/1session-110x110.jpg 110w, https:\/\/www.1healthymind.com\/wp-content\/uploads\/2024\/08\/1session-600x600.jpg 600w, https:\/\/www.1healthymind.com\/wp-content\/uploads\/2024\/08\/1session-100x100.jpg 100w, https:\/\/www.1healthymind.com\/wp-content\/uploads\/2024\/08\/1session.jpg 1200w\" sizes=\"auto, (max-width: 300px) 100vw, 300px\" \/><h2 class=\"woocommerce-loop-product__title\">Nj\u00eb seanc\u00eb<\/h2>\n\t<span class=\"price\"><span class=\"woocommerce-Price-amount amount\"><bdi><span class=\"woocommerce-Price-currencySymbol\">\u20ac<\/span>80.00<\/bdi><\/span><\/span>\n<\/a><a href=\"https:\/\/www.1healthymind.com\/sq\/produkt\/one-session\/\" aria-describedby=\"woocommerce_loop_add_to_cart_link_describedby_1003\" data-quantity=\"1\" class=\"button product_type_simple add_to_cart_button\" data-product_id=\"1003\" data-product_sku=\"\" aria-label=\"Shtoje n\u00eb shport\u00eb: \u201cOne Session\u201d\" rel=\"nofollow\" data-success_message=\"\u201cOne Session\u201d u shtua n\u00eb shport\u00ebn tuaj\" data-no-translation-aria-label=\"\" data-no-translation-data-success_message=\"\">Shto n\u00eb shport\u00eb<\/a>\t<span id=\"woocommerce_loop_add_to_cart_link_describedby_1003\" class=\"screen-reader-text\">\n\t\t\t<\/span>\n<\/li>\n<li class=\"product type-product post-1006 status-publish instock product_cat-sessions has-post-thumbnail virtual purchasable product-type-simple\">\n\t<a href=\"https:\/\/www.1healthymind.com\/sq\/produkt\/two-sessions\/\" class=\"woocommerce-LoopProduct-link woocommerce-loop-product__link\"><img loading=\"lazy\" decoding=\"async\" width=\"300\" height=\"300\" src=\"https:\/\/www.1healthymind.com\/wp-content\/uploads\/2024\/08\/2session-300x300.jpg\" class=\"attachment-woocommerce_thumbnail size-woocommerce_thumbnail\" alt=\"Two Sessions\" srcset=\"https:\/\/www.1healthymind.com\/wp-content\/uploads\/2024\/08\/2session-300x300.jpg 300w, https:\/\/www.1healthymind.com\/wp-content\/uploads\/2024\/08\/2session-1024x1024.jpg 1024w, https:\/\/www.1healthymind.com\/wp-content\/uploads\/2024\/08\/2session-768x768.jpg 768w, https:\/\/www.1healthymind.com\/wp-content\/uploads\/2024\/08\/2session-60x60.jpg 60w, https:\/\/www.1healthymind.com\/wp-content\/uploads\/2024\/08\/2session-110x110.jpg 110w, https:\/\/www.1healthymind.com\/wp-content\/uploads\/2024\/08\/2session-600x600.jpg 600w, https:\/\/www.1healthymind.com\/wp-content\/uploads\/2024\/08\/2session-100x100.jpg 100w, https:\/\/www.1healthymind.com\/wp-content\/uploads\/2024\/08\/2session.jpg 1200w\" sizes=\"auto, (max-width: 300px) 100vw, 300px\" \/><h2 class=\"woocommerce-loop-product__title\">Dy Seanca<\/h2>\n\t<span class=\"price\"><span class=\"woocommerce-Price-amount amount\"><bdi><span class=\"woocommerce-Price-currencySymbol\">\u20ac<\/span>160.00<\/bdi><\/span><\/span>\n<\/a><a href=\"https:\/\/www.1healthymind.com\/sq\/produkt\/two-sessions\/\" aria-describedby=\"woocommerce_loop_add_to_cart_link_describedby_1006\" data-quantity=\"1\" class=\"button product_type_simple add_to_cart_button\" data-product_id=\"1006\" data-product_sku=\"\" aria-label=\"Shtoje n\u00eb shport\u00eb: \u201cTwo Sessions\u201d\" rel=\"nofollow\" data-success_message=\"\u201cTwo Sessions\u201d u shtua n\u00eb shport\u00ebn tuaj\" data-no-translation-aria-label=\"\" data-no-translation-data-success_message=\"\">Shto n\u00eb shport\u00eb<\/a>\t<span id=\"woocommerce_loop_add_to_cart_link_describedby_1006\" class=\"screen-reader-text\">\n\t\t\t<\/span>\n<\/li>\n<li class=\"product type-product post-1015 status-publish instock product_cat-sessions has-post-thumbnail virtual purchasable product-type-simple\">\n\t<a href=\"https:\/\/www.1healthymind.com\/sq\/produkt\/three-sessions\/\" class=\"woocommerce-LoopProduct-link woocommerce-loop-product__link\"><img loading=\"lazy\" decoding=\"async\" width=\"300\" height=\"300\" src=\"https:\/\/www.1healthymind.com\/wp-content\/uploads\/2024\/08\/3session-300x300.jpg\" class=\"attachment-woocommerce_thumbnail size-woocommerce_thumbnail\" alt=\"Three Sessions\" srcset=\"https:\/\/www.1healthymind.com\/wp-content\/uploads\/2024\/08\/3session-300x300.jpg 300w, https:\/\/www.1healthymind.com\/wp-content\/uploads\/2024\/08\/3session-1024x1024.jpg 1024w, https:\/\/www.1healthymind.com\/wp-content\/uploads\/2024\/08\/3session-768x768.jpg 768w, https:\/\/www.1healthymind.com\/wp-content\/uploads\/2024\/08\/3session-60x60.jpg 60w, https:\/\/www.1healthymind.com\/wp-content\/uploads\/2024\/08\/3session-110x110.jpg 110w, https:\/\/www.1healthymind.com\/wp-content\/uploads\/2024\/08\/3session-600x600.jpg 600w, https:\/\/www.1healthymind.com\/wp-content\/uploads\/2024\/08\/3session-100x100.jpg 100w, https:\/\/www.1healthymind.com\/wp-content\/uploads\/2024\/08\/3session.jpg 1200w\" sizes=\"auto, (max-width: 300px) 100vw, 300px\" \/><h2 class=\"woocommerce-loop-product__title\">Tre Sesione<\/h2>\n\t<span class=\"price\"><span class=\"woocommerce-Price-amount amount\"><bdi><span class=\"woocommerce-Price-currencySymbol\">\u20ac<\/span>240.00<\/bdi><\/span><\/span>\n<\/a><a href=\"https:\/\/www.1healthymind.com\/sq\/produkt\/three-sessions\/\" aria-describedby=\"woocommerce_loop_add_to_cart_link_describedby_1015\" data-quantity=\"1\" class=\"button product_type_simple add_to_cart_button\" data-product_id=\"1015\" data-product_sku=\"\" aria-label=\"Shtoje n\u00eb shport\u00eb: \u201cThree Sessions\u201d\" rel=\"nofollow\" data-success_message=\"\u201cThree Sessions\u201d u shtua n\u00eb shport\u00ebn tuaj\" data-no-translation-aria-label=\"\" data-no-translation-data-success_message=\"\">Shto n\u00eb shport\u00eb<\/a>\t<span id=\"woocommerce_loop_add_to_cart_link_describedby_1015\" class=\"screen-reader-text\">\n\t\t\t<\/span>\n<\/li>\n<li class=\"product type-product post-1008 status-publish last instock product_cat-sessions has-post-thumbnail virtual purchasable product-type-simple\">\n\t<a href=\"https:\/\/www.1healthymind.com\/sq\/produkt\/couples-therapy\/\" class=\"woocommerce-LoopProduct-link woocommerce-loop-product__link\"><img loading=\"lazy\" decoding=\"async\" width=\"300\" height=\"300\" src=\"https:\/\/www.1healthymind.com\/wp-content\/uploads\/2024\/08\/couples-therapy-300x300.jpg\" class=\"attachment-woocommerce_thumbnail size-woocommerce_thumbnail\" alt=\"Couples Therapy\" srcset=\"https:\/\/www.1healthymind.com\/wp-content\/uploads\/2024\/08\/couples-therapy-300x300.jpg 300w, https:\/\/www.1healthymind.com\/wp-content\/uploads\/2024\/08\/couples-therapy-1024x1024.jpg 1024w, https:\/\/www.1healthymind.com\/wp-content\/uploads\/2024\/08\/couples-therapy-768x768.jpg 768w, https:\/\/www.1healthymind.com\/wp-content\/uploads\/2024\/08\/couples-therapy-60x60.jpg 60w, https:\/\/www.1healthymind.com\/wp-content\/uploads\/2024\/08\/couples-therapy-110x110.jpg 110w, https:\/\/www.1healthymind.com\/wp-content\/uploads\/2024\/08\/couples-therapy-600x600.jpg 600w, https:\/\/www.1healthymind.com\/wp-content\/uploads\/2024\/08\/couples-therapy-100x100.jpg 100w, https:\/\/www.1healthymind.com\/wp-content\/uploads\/2024\/08\/couples-therapy.jpg 1200w\" sizes=\"auto, (max-width: 300px) 100vw, 300px\" \/><h2 class=\"woocommerce-loop-product__title\">Terapi p\u00ebr \u00c7ifte<\/h2>\n\t<span class=\"price\"><span class=\"woocommerce-Price-amount amount\"><bdi><span class=\"woocommerce-Price-currencySymbol\">\u20ac<\/span>130.00<\/bdi><\/span><\/span>\n<\/a><a href=\"https:\/\/www.1healthymind.com\/sq\/produkt\/couples-therapy\/\" aria-describedby=\"woocommerce_loop_add_to_cart_link_describedby_1008\" data-quantity=\"1\" class=\"button product_type_simple add_to_cart_button\" data-product_id=\"1008\" data-product_sku=\"\" aria-label=\"Shtoje n\u00eb shport\u00eb: \u201cCouples Therapy\u201d\" rel=\"nofollow\" data-success_message=\"\u201cCouples Therapy\u201d u shtua n\u00eb shport\u00ebn tuaj\" data-no-translation-aria-label=\"\" data-no-translation-data-success_message=\"\">Shto n\u00eb shport\u00eb<\/a>\t<span id=\"woocommerce_loop_add_to_cart_link_describedby_1008\" class=\"screen-reader-text\">\n\t\t\t<\/span>\n<\/li>\n<li class=\"product type-product post-1053 status-publish first instock product_cat-sessions has-post-thumbnail virtual purchasable product-type-simple\">\n\t<a href=\"https:\/\/www.1healthymind.com\/sq\/produkt\/therapy-assessment\/\" class=\"woocommerce-LoopProduct-link woocommerce-loop-product__link\"><img loading=\"lazy\" decoding=\"async\" width=\"300\" height=\"300\" src=\"https:\/\/www.1healthymind.com\/wp-content\/uploads\/2024\/08\/assessment2-300x300.jpg\" class=\"attachment-woocommerce_thumbnail size-woocommerce_thumbnail\" alt=\"Therapy Assessment\" srcset=\"https:\/\/www.1healthymind.com\/wp-content\/uploads\/2024\/08\/assessment2-300x300.jpg 300w, https:\/\/www.1healthymind.com\/wp-content\/uploads\/2024\/08\/assessment2-1024x1024.jpg 1024w, https:\/\/www.1healthymind.com\/wp-content\/uploads\/2024\/08\/assessment2-768x768.jpg 768w, https:\/\/www.1healthymind.com\/wp-content\/uploads\/2024\/08\/assessment2-60x60.jpg 60w, https:\/\/www.1healthymind.com\/wp-content\/uploads\/2024\/08\/assessment2-110x110.jpg 110w, https:\/\/www.1healthymind.com\/wp-content\/uploads\/2024\/08\/assessment2-600x600.jpg 600w, https:\/\/www.1healthymind.com\/wp-content\/uploads\/2024\/08\/assessment2-100x100.jpg 100w, https:\/\/www.1healthymind.com\/wp-content\/uploads\/2024\/08\/assessment2.jpg 1200w\" sizes=\"auto, (max-width: 300px) 100vw, 300px\" \/><h2 class=\"woocommerce-loop-product__title\">Vler\u00ebsimi i Terapis\u00eb<\/h2>\n\t<span class=\"price\"><span class=\"woocommerce-Price-amount amount\"><bdi><span class=\"woocommerce-Price-currencySymbol\">\u20ac<\/span>100.00<\/bdi><\/span><\/span>\n<\/a><a href=\"https:\/\/www.1healthymind.com\/sq\/produkt\/therapy-assessment\/\" aria-describedby=\"woocommerce_loop_add_to_cart_link_describedby_1053\" data-quantity=\"1\" class=\"button product_type_simple add_to_cart_button\" data-product_id=\"1053\" data-product_sku=\"\" aria-label=\"Shtoje n\u00eb shport\u00eb: \u201cTherapy Assessment\u201d\" rel=\"nofollow\" data-success_message=\"\u201cTherapy Assessment\u201d u shtua n\u00eb shport\u00ebn tuaj\" data-no-translation-aria-label=\"\" data-no-translation-data-success_message=\"\">Shto n\u00eb shport\u00eb<\/a>\t<span id=\"woocommerce_loop_add_to_cart_link_describedby_1053\" class=\"screen-reader-text\">\n\t\t\t<\/span>\n<\/li>\n<\/ul>\n<\/div><\/div><\/div><\/div><\/div>\n<\/div>","protected":false},"excerpt":{"rendered":"Sessions People seek therapy to navigate life\u2019s challenges, heal emotional wounds, and find clarity. If you\u2019re going through a hard time, need direction, or are ready to change your routine and overall well-being, we\u2019re here to support you. Book a session today and start your journey to thriving. One Session &euro;80.00 Add to Cart Two [...]","protected":false},"author":1,"featured_media":0,"parent":0,"menu_order":0,"comment_status":"closed","ping_status":"closed","template":"","meta":{"footnotes":""},"class_list":["post-1017","page","type-page","status-publish","hentry"],"yoast_head":"<!-- This site is optimized with the Yoast SEO plugin v27.5 - https:\/\/yoast.com\/product\/yoast-seo-wordpress\/ -->\n<title>Sessions - 1Healthy Mind<\/title>\n<meta name=\"robots\" content=\"index, follow, max-snippet:-1, max-image-preview:large, max-video-preview:-1\" \/>\n<link rel=\"canonical\" href=\"https:\/\/www.1healthymind.com\/sq\/sessions\/\" \/>\n<meta property=\"og:locale\" content=\"sq_AL\" \/>\n<meta property=\"og:type\" content=\"article\" \/>\n<meta property=\"og:title\" content=\"Sessions - 1Healthy Mind\" \/>\n<meta property=\"og:url\" content=\"https:\/\/www.1healthymind.com\/sq\/sessions\/\" \/>\n<meta property=\"og:site_name\" content=\"1Healthy Mind\" \/>\n<meta property=\"article:modified_time\" content=\"2025-04-11T04:54:09+00:00\" \/>\n<meta name=\"twitter:card\" content=\"summary_large_image\" \/>\n<meta name=\"twitter:label1\" content=\"Est. reading time\" \/>\n\t<meta name=\"twitter:data1\" content=\"1 minut\u00eb\" \/>\n<script type=\"application\/ld+json\" class=\"yoast-schema-graph\">{\"@context\":\"https:\\\/\\\/schema.org\",\"@graph\":[{\"@type\":\"WebPage\",\"@id\":\"https:\\\/\\\/www.1healthymind.com\\\/sessions\\\/\",\"url\":\"https:\\\/\\\/www.1healthymind.com\\\/sessions\\\/\",\"name\":\"Sessions - 1Healthy Mind\",\"isPartOf\":{\"@id\":\"https:\\\/\\\/www.1healthymind.com\\\/#website\"},\"datePublished\":\"2024-08-16T06:01:56+00:00\",\"dateModified\":\"2025-04-11T04:54:09+00:00\",\"breadcrumb\":{\"@id\":\"https:\\\/\\\/www.1healthymind.com\\\/sessions\\\/#breadcrumb\"},\"inLanguage\":\"sq\",\"potentialAction\":[{\"@type\":\"ReadAction\",\"target\":[\"https:\\\/\\\/www.1healthymind.com\\\/sessions\\\/\"]}]},{\"@type\":\"BreadcrumbList\",\"@id\":\"https:\\\/\\\/www.1healthymind.com\\\/sessions\\\/#breadcrumb\",\"itemListElement\":[{\"@type\":\"ListItem\",\"position\":1,\"name\":\"Home\",\"item\":\"https:\\\/\\\/www.1healthymind.com\\\/\"},{\"@type\":\"ListItem\",\"position\":2,\"name\":\"Sessions\"}]},{\"@type\":\"WebSite\",\"@id\":\"https:\\\/\\\/www.1healthymind.com\\\/#website\",\"url\":\"https:\\\/\\\/www.1healthymind.com\\\/\",\"name\":\"1Healthy Mind\",\"description\":\"1Healthy Mind\",\"potentialAction\":[{\"@type\":\"SearchAction\",\"target\":{\"@type\":\"EntryPoint\",\"urlTemplate\":\"https:\\\/\\\/www.1healthymind.com\\\/?s={search_term_string}\"},\"query-input\":{\"@type\":\"PropertyValueSpecification\",\"valueRequired\":true,\"valueName\":\"search_term_string\"}}],\"inLanguage\":\"sq\"}]}<\/script>\n<!-- \/ Yoast SEO plugin. -->","yoast_head_json":{"title":"Sessions - 1Healthy Mind","robots":{"index":"index","follow":"follow","max-snippet":"max-snippet:-1","max-image-preview":"max-image-preview:large","max-video-preview":"max-video-preview:-1"},"canonical":"https:\/\/www.1healthymind.com\/sq\/sessions\/","og_locale":"sq_AL","og_type":"article","og_title":"Sessions - 1Healthy Mind","og_url":"https:\/\/www.1healthymind.com\/sq\/sessions\/","og_site_name":"1Healthy Mind","article_modified_time":"2025-04-11T04:54:09+00:00","twitter_card":"summary_large_image","twitter_misc":{"Est. reading time":"1 minut\u00eb"},"schema":{"@context":"https:\/\/schema.org","@graph":[{"@type":"WebPage","@id":"https:\/\/www.1healthymind.com\/sessions\/","url":"https:\/\/www.1healthymind.com\/sessions\/","name":"Sessions - 1Healthy Mind","isPartOf":{"@id":"https:\/\/www.1healthymind.com\/#website"},"datePublished":"2024-08-16T06:01:56+00:00","dateModified":"2025-04-11T04:54:09+00:00","breadcrumb":{"@id":"https:\/\/www.1healthymind.com\/sessions\/#breadcrumb"},"inLanguage":"sq","potentialAction":[{"@type":"ReadAction","target":["https:\/\/www.1healthymind.com\/sessions\/"]}]},{"@type":"BreadcrumbList","@id":"https:\/\/www.1healthymind.com\/sessions\/#breadcrumb","itemListElement":[{"@type":"ListItem","position":1,"name":"Home","item":"https:\/\/www.1healthymind.com\/"},{"@type":"ListItem","position":2,"name":"Sessions"}]},{"@type":"WebSite","@id":"https:\/\/www.1healthymind.com\/#website","url":"https:\/\/www.1healthymind.com\/","name":"1 Mendje e Sh\u00ebndetshme","description":"1 Mendje e Sh\u00ebndetshme","potentialAction":[{"@type":"SearchAction","target":{"@type":"EntryPoint","urlTemplate":"https:\/\/www.1healthymind.com\/?s={search_term_string}"},"query-input":{"@type":"PropertyValueSpecification","valueRequired":true,"valueName":"search_term_string"}}],"inLanguage":"sq"}]}},"_links":{"self":[{"href":"https:\/\/www.1healthymind.com\/sq\/wp-json\/wp\/v2\/pages\/1017","targetHints":{"allow":["GET"]}}],"collection":[{"href":"https:\/\/www.1healthymind.com\/sq\/wp-json\/wp\/v2\/pages"}],"about":[{"href":"https:\/\/www.1healthymind.com\/sq\/wp-json\/wp\/v2\/types\/page"}],"author":[{"embeddable":true,"href":"https:\/\/www.1healthymind.com\/sq\/wp-json\/wp\/v2\/users\/1"}],"replies":[{"embeddable":true,"href":"https:\/\/www.1healthymind.com\/sq\/wp-json\/wp\/v2\/comments?post=1017"}],"version-history":[{"count":5,"href":"https:\/\/www.1healthymind.com\/sq\/wp-json\/wp\/v2\/pages\/1017\/revisions"}],"predecessor-version":[{"id":1359,"href":"https:\/\/www.1healthymind.com\/sq\/wp-json\/wp\/v2\/pages\/1017\/revisions\/1359"}],"wp:attachment":[{"href":"https:\/\/www.1healthymind.com\/sq\/wp-json\/wp\/v2\/media?parent=1017"}],"curies":[{"name":"wp","href":"https:\/\/api.w.org\/{rel}","templated":true}]}}